{"id":463,"date":"2024-09-22T22:35:39","date_gmt":"2024-09-22T22:35:39","guid":{"rendered":"https:\/\/prconsultancy.me\/?page_id=463"},"modified":"2024-10-02T23:06:22","modified_gmt":"2024-10-02T23:06:22","slug":"mix-match","status":"publish","type":"page","link":"https:\/\/prconsultancy.me\/index.php\/mix-match\/","title":{"rendered":"Mix &amp; Match"},"content":{"rendered":"<div class=\"brz-root__container brz-reset-all brz\">{{ brizy_dc_global_blocks position=&#8217;top&#8217; }}<\/p>\n<section id=\"{{placeholder content='e3sgcmFuZG9tX2lkIH19' key='llJqr_OSiTBc'}}_llJqr_OSiTBc\" class=\"brz-section brz-css-yfKUz brz-css-ofKjn\">\n<div class=\"brz-section__content brz-section--fullWidth brz-css-tbJyL brz-css-q2sOb\" data-brz-custom-id=\"p9XQ7ZpG7Rbm\">\n<div class=\"brz-bg\">\n<div class=\"brz-bg-image\"><\/div>\n<div class=\"brz-bg-color\"><\/div>\n<\/div>\n<div class=\"brz-container brz-css-uFZg7 brz-css-adV4_\">\n<div class=\"brz-row__container brz-css-o7yzz\" data-brz-custom-id=\"lWYv9_8Hpjkn\">\n<div class=\"brz-bg\"><\/div>\n<div class=\"brz-row brz-css-hoDID brz-css-qv9pM\">\n<div class=\"brz-columns brz-css-sCrWq brz-css-qTIhZ\" data-brz-custom-id=\"qSmsxUoGQnK_\">\n<div class=\"brz-bg\"><\/div>\n<div class=\"brz-column__items brz-css-pUTLt\">\n<div id=\"\" class=\"brz-css-n1jDL brz-css-qdNjw brz-wrapper\">\n<div class=\"brz-spacer brz-css-jcSFn brz-css-knsNz\"><\/div>\n<\/div>\n<\/div>\n<\/div>\n<div class=\"brz-columns brz-css-sCrWq brz-css-gCs48\" data-brz-custom-id=\"biCmaSmW971Z\">\n<div class=\"brz-bg\"><\/div>\n<div class=\"brz-column__items brz-css-pUTLt brz-css-cbDzF\">\n<div id=\"\" class=\"brz-css-n1jDL brz-css-qdNjw brz-css-ceFG_ brz-wrapper\">\n<div class=\"brz-spacer brz-css-jcSFn brz-css-rpdZ6\"><\/div>\n<\/div>\n<div id=\"\" class=\"brz-css-n1jDL brz-css-dWKt6 brz-wrapper\">\n<div class=\"brz-rich-text brz-rich-text__custom brz-css-knCYZ\" data-brz-custom-id=\"sqsgkhwDS08S\">\n<div data-brz-translate-text=\"1\">\n<p class=\"brz-tp-xs-heading2 brz-text-lg-center brz-tp-lg-heading2 brz-tp-sm-heading2 brz-css-f0clC\" data-generated-css=\"brz-css-uS8hJ\" data-uniq-id=\"cQLwB\"><span class=\"brz-cp-color8\">MIX &amp; MATCH<\/span><\/p>\n<\/div>\n<\/div>\n<\/div>\n<div class=\"brz-wrapper-clone brz-css-cBuTR brz-css-s9jvA\">\n<div class=\"brz-d-xs-flex brz-flex-xs-wrap brz-css-zQyHJ\" data-brz-custom-id=\"\">\n<div class=\"brz-wrapper-clone__item\" id=\"yYAp0yCnwUfr\"><a class=\"brz-a brz-btn brz-css-q0J1A brz-css-h4qRc brz-css-gdIHv brz-css-aZqqn\" href=\"\" target=\"_self\" rel=\"noopener\" data-brz-link-type=\"external\" data-brz-custom-id=\"yYAp0yCnwUfr\"><svg class=\"brz-icon-svg align-[initial] brz-css-zlzq0\"><use href=\"\/wp-content\/plugins\/brizy\/public\/editor-build\/prod\/editor\/icons\/outline\/tail-right.svg#nc_icon\"><\/use><\/svg><span data-brz-translate-text=\"1\" class=\"brz-span brz-text__editor\" contenteditable=\"false\">HOME<\/span><\/a><\/div>\n<div class=\"brz-wrapper-clone__item\" id=\"l9fE6OOfgCSK\"><a class=\"brz-a brz-btn brz-css-q0J1A brz-css-lwU3w brz-css-gdIHv brz-css-hxCkL\" href=\"\" target=\"_self\" rel=\"noopener\" data-brz-link-type=\"external\" data-brz-custom-id=\"l9fE6OOfgCSK\"><span data-brz-translate-text=\"1\" class=\"brz-span brz-text__editor\" contenteditable=\"false\">Detalji usluge<\/span><\/a><\/div>\n<\/div>\n<\/div>\n<\/div>\n<\/div>\n<div class=\"brz-columns brz-css-sCrWq brz-css-a2HxT\" data-brz-custom-id=\"rd7ZwYzWZBOk\">\n<div class=\"brz-bg\"><\/div>\n<div class=\"brz-column__items brz-css-pUTLt brz-css-xtFyU\"><\/div>\n<\/div>\n<\/div>\n<\/div>\n<\/div>\n<\/div>\n<\/section>\n<section id=\"{{placeholder content='e3sgcmFuZG9tX2lkIH19' key='h2SDuDILfRdM'}}_h2SDuDILfRdM\" class=\"brz-section brz-css-yfKUz\">\n<div class=\"brz-section__content brz-section--boxed brz-css-tbJyL brz-css-c8L1g\" data-brz-custom-id=\"iicBE6ZFVsGc\">\n<div class=\"brz-container brz-css-uFZg7\">\n<div class=\"brz-row__container brz-css-o7yzz\" data-brz-custom-id=\"nySiso_wXWnT\">\n<div class=\"brz-bg\"><\/div>\n<div class=\"brz-row brz-css-hoDID brz-css-qv9pM\">\n<div class=\"brz-columns brz-css-sCrWq brz-css-iyak1\" data-brz-custom-id=\"p5Dez5s7Btgy\">\n<div class=\"brz-bg\"><\/div>\n<div class=\"brz-column__items brz-css-pUTLt brz-css-qwonK\">\n<div id=\"\" class=\"brz-css-n1jDL brz-css-kM3aQ brz-wrapper\">\n<div class=\"brz-image brz-css-cAavA brz-css-b0Ypg\" data-brz-custom-id=\"q3sBCO82WQBK\"><picture class=\"brz-picture brz-d-block brz-p-relative brz-css-yFGz5\"><source srcset=\"https:\/\/prconsultancy.me\/?brizy_media=wp-f54174da4ba890950ef84a4199f92e30.jpg&amp;brizy_crop=iW%3D772%26iH%3D772%26oX%3D0%26oY%3D160%26cW%3D772%26cH%3D453 1x, https:\/\/prconsultancy.me\/?brizy_media=wp-f54174da4ba890950ef84a4199f92e30.jpg&amp;brizy_crop=iW%3D1544%26iH%3D1544%26oX%3D0%26oY%3D320%26cW%3D1544%26cH%3D906 2x\" media=\"(min-width: 992px)\"><source srcset=\"https:\/\/prconsultancy.me\/?brizy_media=wp-f54174da4ba890950ef84a4199f92e30.jpg&amp;brizy_crop=iW%3D507%26iH%3D507%26oX%3D0%26oY%3D105%26cW%3D507%26cH%3D297 1x, https:\/\/prconsultancy.me\/?brizy_media=wp-f54174da4ba890950ef84a4199f92e30.jpg&amp;brizy_crop=iW%3D1014%26iH%3D1014%26oX%3D0%26oY%3D210%26cW%3D1014%26cH%3D594 2x\" media=\"(min-width: 768px)\"><img decoding=\"async\" class=\"brz-img\" srcset=\"https:\/\/prconsultancy.me\/?brizy_media=wp-f54174da4ba890950ef84a4199f92e30.jpg&amp;brizy_crop=iW%3D430%26iH%3D430%26oX%3D0%26oY%3D89%26cW%3D430%26cH%3D252 1x, https:\/\/prconsultancy.me\/?brizy_media=wp-f54174da4ba890950ef84a4199f92e30.jpg&amp;brizy_crop=iW%3D860%26iH%3D860%26oX%3D0%26oY%3D178%26cW%3D860%26cH%3D504 2x\" src=\"https:\/\/prconsultancy.me\/?brizy_media=wp-f54174da4ba890950ef84a4199f92e30.jpg&amp;brizy_crop=iW%3D772%26iH%3D772%26oX%3D0%26oY%3D160%26cW%3D772%26cH%3D453\" alt=\"{{placeholder content='e3sgYnJpenlfZGNfaW1hZ2VfYWx0IH19' imageSrc='wp-f54174da4ba890950ef84a4199f92e30.jpg'}}\" draggable=\"false\" loading=\"lazy\"><\/picture><\/div>\n<\/div>\n<div id=\"\" class=\"brz-css-n1jDL brz-css-qdNjw brz-wrapper\">\n<div class=\"brz-spacer brz-css-jcSFn brz-css-gaZs4\"><\/div>\n<\/div>\n<div id=\"\" class=\"brz-css-n1jDL brz-css-gXrSB brz-wrapper\">\n<div class=\"brz-rich-text brz-rich-text__custom brz-css-knCYZ\" data-brz-custom-id=\"bVRbozNMoZsk\">\n<div data-brz-translate-text=\"1\">\n<p class=\"brz-text-lg-left brz-tp-lg-heading3 brz-tp-sm-heading3 brz-tp-xs-heading3 brz-css-xEX0c\" data-generated-css=\"brz-css-brjJk\" data-uniq-id=\"odcoo\"><span style=\"color: rgba(var(--brz-global-color1),1);\" class=\"brz-cp-color1\">MIX &amp; MATCH<\/span><\/p>\n<\/div>\n<\/div>\n<\/div>\n<div id=\"\" class=\"brz-css-n1jDL brz-css-qdNjw brz-wrapper\">\n<div class=\"brz-spacer brz-css-jcSFn brz-css-fQbkl\"><\/div>\n<\/div>\n<div id=\"\" class=\"brz-css-n1jDL brz-css-hipDP brz-wrapper\">\n<div class=\"brz-rich-text brz-rich-text__custom brz-css-knCYZ\" data-brz-custom-id=\"slHsrTqhC5mA\">\n<div data-brz-translate-text=\"1\">\n<p class=\"brz-text-lg-left brz-tp-sm-paragraph brz-tp-xs-paragraph brz-tp-lg-paragraph brz-css-fYwHz\" data-generated-css=\"brz-css-fUIbe\" data-uniq-id=\"nIe9L\"><span class=\"brz-cp-color7\">Kreiramo&nbsp;jedinstvene ponude i pakete koji se savr\u0161eno uklapaju u va\u0161e specifi\u010dne potrebe prilago\u0111avaju\u0107i se odre\u0111enim ciljevima i zahtjevima.<\/span><\/p>\n<p class=\"brz-text-lg-left brz-tp-sm-paragraph brz-tp-xs-paragraph brz-tp-lg-paragraph brz-css-fZyCZ\" data-generated-css=\"brz-css-fUIbe\" data-uniq-id=\"nIe9L\"><span class=\"brz-cp-color7\">Bez obzira da li vam je potrebna posebna kombinacija usluga ili pa\u017eljivo izabrani paket, &#8220;Mix and match&#8221; omogu\u0107ava da zajedno oblikujemo resurse, strategije i alate koji \u0107e vam pomo\u0107i da postignete izvanredne rezultate.<\/span><\/p>\n<\/div>\n<\/div>\n<\/div>\n<div id=\"\" class=\"brz-css-n1jDL brz-css-qdNjw brz-wrapper\">\n<div class=\"brz-spacer brz-css-jcSFn brz-css-oxuul\"><\/div>\n<\/div>\n<div id=\"\" class=\"brz-css-n1jDL brz-css-qdNjw brz-wrapper\">\n<div class=\"brz-spacer brz-css-jcSFn brz-css-nXYqB\"><\/div>\n<\/div>\n<div id=\"\" class=\"brz-css-n1jDL brz-css-qdNjw brz-wrapper\">\n<div class=\"brz-spacer brz-css-jcSFn brz-css-tUt5s\"><\/div>\n<\/div>\n<\/div>\n<\/div>\n<div class=\"brz-columns brz-css-sCrWq brz-css-r9S2h\" data-brz-custom-id=\"w03IugHKqXO5\">\n<div class=\"brz-bg\"><\/div>\n<div class=\"brz-column__items brz-css-pUTLt brz-css-iX1F2\">\n<div class=\"brz-row__container brz-css-o7yzz\" data-brz-custom-id=\"brqpj35ouHI8\">\n<div class=\"brz-bg\"><\/div>\n<div class=\"brz-row brz-row--inner brz-css-hoDID brz-css-qv9pM\">\n<div class=\"brz-columns brz-css-sCrWq brz-css-lbGsW\" data-brz-custom-id=\"ki21SsXf67ns\">\n<div class=\"brz-bg\">\n<div class=\"brz-bg-color\"><\/div>\n<\/div>\n<div class=\"brz-column__items brz-css-pUTLt brz-css-gSHKu\">\n<div id=\"\" class=\"brz-css-n1jDL brz-css-jCp7A brz-wrapper\">\n<div class=\"brz-rich-text brz-rich-text__custom brz-css-knCYZ\" data-brz-custom-id=\"axUAmI2kSoSI\">\n<div data-brz-translate-text=\"1\">\n<p class=\"brz-tp-xs-heading4 brz-tp-sm-heading4 brz-text-lg-left brz-tp-lg-abovetitle brz-css-nPsM3\" data-generated-css=\"brz-css-z14s1\" data-uniq-id=\"n3_wK\"><span style=\"color: rgba(var(--brz-global-color3),1);\" class=\"brz-cp-color3\">USLUGE<\/span><\/p>\n<\/div>\n<\/div>\n<\/div>\n<div id=\"\" class=\"brz-css-n1jDL brz-css-qdNjw brz-wrapper\">\n<div class=\"brz-spacer brz-css-jcSFn brz-css-oEwNn\"><\/div>\n<\/div>\n<div id=\"\" class=\"brz-css-n1jDL brz-wrapper\">\n<div class=\"brz-rich-text brz-rich-text__custom brz-css-knCYZ\" data-brz-custom-id=\"rhIy3FdHffVb\">\n<div data-brz-translate-text=\"1\">\n<p class=\"brz-tp-lg-paragraph brz-css-pMe4x\" data-generated-css=\"brz-css-w7oYv\" data-uniq-id=\"q0_o7\"><a class=\"link--page brz-cp-color1\" href=\"{{placeholder content='e3ticml6eV9kY19wZXJtYWxpbmsgcG9zdF9pZD0iMzk3In19'}}\" data-brz-link-type=\"page\">IZGRADNJA BRENDA<\/a><\/p>\n<p class=\"brz-tp-lg-paragraph brz-css-gQBoo\" data-generated-css=\"brz-css-jVmlW\" data-uniq-id=\"xZBbI\"><a class=\"link--page brz-cp-color1\" href=\"{{placeholder content='e3ticml6eV9kY19wZXJtYWxpbmsgcG9zdF9pZD0iNDIwIn19'}}\" data-brz-link-type=\"page\">DRU\u0160TVENO ODGOVORNO POSLOVANJE <\/a><\/p>\n<p class=\"brz-tp-lg-paragraph brz-css-xZvIY\" data-generated-css=\"brz-css-hJ7p3\" data-uniq-id=\"fHNet\"><a class=\"link--page brz-cp-color1\" href=\"{{placeholder content='e3ticml6eV9kY19wZXJtYWxpbmsgcG9zdF9pZD0iNDI5In19'}}\" data-brz-link-type=\"page\">ODNOSI SA MEDIJIMA <\/a><\/p>\n<p class=\"brz-tp-lg-paragraph brz-css-igNXP\" data-generated-css=\"brz-css-oGmTX\" data-uniq-id=\"pxyE9\"><a class=\"link--page brz-cp-color1\" href=\"{{placeholder content='e3ticml6eV9kY19wZXJtYWxpbmsgcG9zdF9pZD0iNDMzIn19'}}\" data-brz-link-type=\"page\">KRIZNI PR <\/a><\/p>\n<p class=\"brz-tp-lg-paragraph brz-css-lmTpT\" data-generated-css=\"brz-css-grWeU\" data-uniq-id=\"d6zrK\"><a class=\"link--page brz-cp-color1\" href=\"{{placeholder content='e3ticml6eV9kY19wZXJtYWxpbmsgcG9zdF9pZD0iNDM5In19'}}\" data-brz-link-type=\"page\">LOBIRANJE I ZAGOVARANJE <\/a><\/p>\n<p class=\"brz-tp-lg-paragraph brz-css-c48VT\" data-generated-css=\"brz-css-mqxEw\" data-uniq-id=\"mM6b3\"><a class=\"link--page brz-cp-color1\" href=\"{{placeholder content='e3ticml6eV9kY19wZXJtYWxpbmsgcG9zdF9pZD0iNDQ1In19'}}\" data-brz-link-type=\"page\">EDUKACIJA<\/a><span class=\"brz-cp-color1\"> <\/span><\/p>\n<p class=\"brz-tp-lg-paragraph brz-css-cxC78\" data-generated-css=\"brz-css-yPNva\" data-uniq-id=\"a5fN0\"><a class=\"link--page brz-cp-color1\" href=\"{{placeholder content='e3ticml6eV9kY19wZXJtYWxpbmsgcG9zdF9pZD0iNDUwIn19'}}\" data-brz-link-type=\"page\">ORGANIZACIJA DOGA\u0110AJA <\/a><\/p>\n<p class=\"brz-tp-lg-paragraph brz-css-lCSib\" data-generated-css=\"brz-css-qDSxl\" data-uniq-id=\"mJ0Ni\"><a class=\"link--page brz-cp-color1\" href=\"{{placeholder content='e3ticml6eV9kY19wZXJtYWxpbmsgcG9zdF9pZD0iNDU0In19'}}\" data-brz-link-type=\"page\">POKRIVANJE DOGA\u0110AJA<\/a><\/p>\n<p class=\"brz-tp-lg-paragraph brz-css-yDRWb\" data-generated-css=\"brz-css-g7o1T\" data-uniq-id=\"dLugl\"><a class=\"link--page brz-cp-color1\" href=\"{{placeholder content='e3ticml6eV9kY19wZXJtYWxpbmsgcG9zdF9pZD0iNDU4In19'}}\" data-brz-link-type=\"page\">UPRAVLJANJE DRU\u0160TVENIM MRE\u017dAMA <\/a><\/p>\n<p class=\"brz-tp-lg-paragraph brz-mb-xs-20 brz-css-ba1qP\" data-generated-css=\"brz-css-ejSLr\" data-uniq-id=\"jSvlT\"><a class=\"link--page brz-cp-color1\" href=\"{{placeholder content='e3ticml6eV9kY19wZXJtYWxpbmsgcG9zdF9pZD0iNDYzIn19'}}\" data-brz-link-type=\"page\">MIX &amp; MATCH <\/a><\/p>\n<\/div>\n<\/div>\n<\/div>\n<\/div>\n<\/div>\n<\/div>\n<\/div>\n<div class=\"brz-row__container brz-css-o7yzz\" data-brz-custom-id=\"nqe5bsDcVIyU\">\n<div class=\"brz-bg\"><\/div>\n<div class=\"brz-row brz-row--inner brz-css-hoDID brz-css-qv9pM\">\n<div class=\"brz-columns brz-css-sCrWq brz-css-i1K6R\" data-brz-custom-id=\"nk_vCHOJRRNC\">\n<div class=\"brz-bg\">\n<div class=\"brz-bg-color\"><\/div>\n<\/div>\n<div class=\"brz-column__items brz-css-pUTLt brz-css-voihI\">\n<div id=\"\" class=\"brz-css-n1jDL brz-css-cxio_ brz-wrapper\">\n<div class=\"brz-rich-text brz-rich-text__custom brz-css-knCYZ\" data-brz-custom-id=\"dxEh_VUk1jrH\">\n<div data-brz-translate-text=\"1\">\n<p class=\"brz-tp-lg-abovetitle brz-text-lg-left brz-tp-sm-heading4 brz-tp-xs-heading4 brz-css-fDPRy\" data-uniq-id=\"dPrm1\" data-generated-css=\"brz-css-ulYvu\"><a class=\"link--page brz-cp-color3\" style=\"color: rgba(var(--brz-global-color3),1);\" href=\"{{placeholder content='e3ticml6eV9kY19wZXJtYWxpbmsgcG9zdF9pZD0iMjQwIn19'}}\" data-brz-link-type=\"page\">\u017dELITE KOMBINACIJU USLUGA PO SVOJOJ MJERI?<\/a><\/p>\n<\/div>\n<\/div>\n<\/div>\n<div id=\"\" class=\"brz-css-n1jDL brz-wrapper\">\n<div class=\"brz-rich-text brz-rich-text__custom brz-css-knCYZ\" data-brz-custom-id=\"a5sALuD4dfY2\">\n<div data-brz-translate-text=\"1\">\n<p class=\"brz-tp-lg-paragraph brz-css-gxySD\" data-uniq-id=\"zAXYw\" data-generated-css=\"brz-css-cNh_T\"><span class=\"brz-cp-color7\">Usluge mogu da se kombinuju tako da u potpunosti odgovaraju va\u0161im ciljevima.<\/span><\/p>\n<\/div>\n<\/div>\n<\/div>\n<div class=\"brz-wrapper-clone brz-css-cBuTR\">\n<div class=\"brz-d-xs-flex brz-flex-xs-wrap brz-css-zQyHJ\" data-brz-custom-id=\"\">\n<div class=\"brz-wrapper-clone__item\" id=\"tPmjwohS56VV\"><a class=\"brz-a brz-btn brz-css-q0J1A brz-css-gdIHv brz-css-nrPVH\" href=\"{{placeholder content='e3ticml6eV9kY19wZXJtYWxpbmsgcG9zdF9pZD0iMjQwIn19'}}\" target=\"_self\" rel=\"noopener\" data-brz-link-type=\"page\" data-brz-custom-id=\"tPmjwohS56VV\"><span data-brz-translate-text=\"1\" class=\"brz-span brz-text__editor\" contenteditable=\"false\">KONTAKTIRAJ NAS<\/span><\/a><\/div>\n<\/div>\n<\/div>\n<div id=\"\" class=\"brz-css-n1jDL brz-css-qdNjw brz-wrapper\">\n<div class=\"brz-spacer brz-css-jcSFn brz-css-o3cWa\"><\/div>\n<\/div>\n<\/div>\n<\/div>\n<\/div>\n<\/div>\n<\/div>\n<\/div>\n<\/div>\n<\/div>\n<\/div>\n<\/div>\n<\/section>\n<p>{{ brizy_dc_global_blocks position=&#8217;bottom&#8217; }}<\/p><\/div>\n<p>    <!-- version:1727910382 --><\/p>\n","protected":false},"excerpt":{"rendered":"<p>{{ brizy_dc_global_blocks position=&#8217;top&#8217; }} MIX &amp; MATCH HOME Detalji usluge MIX &amp; MATCH Kreiramo&nbsp;jedinstvene ponude i pakete koji se savr\u0161eno uklapaju u va\u0161e specifi\u010dne potrebe prilago\u0111avaju\u0107i se odre\u0111enim ciljevima i zahtjevima. Bez obzira da li vam je potrebna posebna kombinacija usluga ili pa\u017eljivo izabrani paket, &#8220;Mix and match&#8221; omogu\u0107ava da zajedno oblikujemo resurse, strategije i [&hellip;]<\/p>\n","protected":false},"author":1,"featured_media":0,"parent":0,"menu_order":0,"comment_status":"closed","ping_status":"closed","template":"brizy-blank-template.php","meta":{"footnotes":""},"class_list":["post-463","page","type-page","status-publish","hentry"],"_links":{"self":[{"href":"https:\/\/prconsultancy.me\/index.php\/wp-json\/wp\/v2\/pages\/463","targetHints":{"allow":["GET"]}}],"collection":[{"href":"https:\/\/prconsultancy.me\/index.php\/wp-json\/wp\/v2\/pages"}],"about":[{"href":"https:\/\/prconsultancy.me\/index.php\/wp-json\/wp\/v2\/types\/page"}],"author":[{"embeddable":true,"href":"https:\/\/prconsultancy.me\/index.php\/wp-json\/wp\/v2\/users\/1"}],"replies":[{"embeddable":true,"href":"https:\/\/prconsultancy.me\/index.php\/wp-json\/wp\/v2\/comments?post=463"}],"version-history":[{"count":9,"href":"https:\/\/prconsultancy.me\/index.php\/wp-json\/wp\/v2\/pages\/463\/revisions"}],"predecessor-version":[{"id":834,"href":"https:\/\/prconsultancy.me\/index.php\/wp-json\/wp\/v2\/pages\/463\/revisions\/834"}],"wp:attachment":[{"href":"https:\/\/prconsultancy.me\/index.php\/wp-json\/wp\/v2\/media?parent=463"}],"curies":[{"name":"wp","href":"https:\/\/api.w.org\/{rel}","templated":true}]}}