{"id":454,"date":"2024-09-22T22:34:11","date_gmt":"2024-09-22T22:34:11","guid":{"rendered":"https:\/\/prconsultancy.me\/?page_id=454"},"modified":"2024-10-02T23:07:20","modified_gmt":"2024-10-02T23:07:20","slug":"pokrivanje-dogadaja","status":"publish","type":"page","link":"https:\/\/prconsultancy.me\/index.php\/pokrivanje-dogadaja\/","title":{"rendered":"Pokrivanje doga\u0111aja"},"content":{"rendered":"<div class=\"brz-root__container brz-reset-all brz\">{{ brizy_dc_global_blocks position=&#8217;top&#8217; }}<\/p>\n<section id=\"{{placeholder content='e3sgcmFuZG9tX2lkIH19' key='gnHkMICINMzy'}}_gnHkMICINMzy\" class=\"brz-section brz-css-dDib7 brz-css-tKJFM\">\n<div class=\"brz-section__content brz-section--fullWidth brz-css-xTBxk brz-css-zsNAk\" data-brz-custom-id=\"i5aT4WdsHD0_\">\n<div class=\"brz-bg\">\n<div class=\"brz-bg-image\"><\/div>\n<div class=\"brz-bg-color\"><\/div>\n<\/div>\n<div class=\"brz-container brz-css-jdEUn brz-css-qOruR\">\n<div class=\"brz-row__container brz-css-d_hfk\" data-brz-custom-id=\"hrwkDB_TKFVh\">\n<div class=\"brz-bg\"><\/div>\n<div class=\"brz-row brz-css-xBTi6 brz-css-y0YPo\">\n<div class=\"brz-columns brz-css-zJx9K brz-css-o41Mg\" data-brz-custom-id=\"vKRYMed2gRSx\">\n<div class=\"brz-bg\"><\/div>\n<div class=\"brz-column__items brz-css-al7t0\">\n<div id=\"\" class=\"brz-css-bDml2 brz-css-hLYDo brz-wrapper\">\n<div class=\"brz-spacer brz-css-s1idT brz-css-dYkFs\"><\/div>\n<\/div>\n<\/div>\n<\/div>\n<div class=\"brz-columns brz-css-zJx9K brz-css-beEGu\" data-brz-custom-id=\"osorM7c9A_GW\">\n<div class=\"brz-bg\"><\/div>\n<div class=\"brz-column__items brz-css-al7t0 brz-css-cYYbL\">\n<div id=\"\" class=\"brz-css-bDml2 brz-css-hLYDo brz-css-eMrco brz-wrapper\">\n<div class=\"brz-spacer brz-css-s1idT brz-css-qw6dY\"><\/div>\n<\/div>\n<div id=\"\" class=\"brz-css-bDml2 brz-css-gM5Jd brz-wrapper\">\n<div class=\"brz-rich-text brz-rich-text__custom brz-css-vKHID\" data-brz-custom-id=\"dw67OcpOUkrP\">\n<div data-brz-translate-text=\"1\">\n<p class=\"brz-tp-xs-heading2 brz-text-lg-center brz-tp-lg-heading2 brz-tp-sm-heading2 brz-css-y4721\" data-generated-css=\"brz-css-v6N1I\" data-uniq-id=\"shKai\"><span class=\"brz-cp-color8\">POKRIVANJE DOGA\u0110AJA<\/span><\/p>\n<\/div>\n<\/div>\n<\/div>\n<div class=\"brz-wrapper-clone brz-css-iZd5g brz-css-sNBIy\">\n<div class=\"brz-d-xs-flex brz-flex-xs-wrap brz-css-a_zxj\" data-brz-custom-id=\"\">\n<div class=\"brz-wrapper-clone__item\" id=\"n_u6r7z6tttR\"><a class=\"brz-a brz-btn brz-css-m5PnH brz-css-koSgl brz-css-nYRhg brz-css-kI6SX\" href=\"\" target=\"_self\" rel=\"noopener\" data-brz-link-type=\"external\" data-brz-custom-id=\"n_u6r7z6tttR\"><svg class=\"brz-icon-svg align-[initial] brz-css-wleyi\"><use href=\"\/wp-content\/plugins\/brizy\/public\/editor-build\/prod\/editor\/icons\/outline\/tail-right.svg#nc_icon\"><\/use><\/svg><span data-brz-translate-text=\"1\" class=\"brz-span brz-text__editor\" contenteditable=\"false\">HOME<\/span><\/a><\/div>\n<div class=\"brz-wrapper-clone__item\" id=\"bpwoS9ZYnIDS\"><a class=\"brz-a brz-btn brz-css-m5PnH brz-css-x9qqD brz-css-nYRhg brz-css-zMwqb\" href=\"\" target=\"_self\" rel=\"noopener\" data-brz-link-type=\"external\" data-brz-custom-id=\"bpwoS9ZYnIDS\"><span data-brz-translate-text=\"1\" class=\"brz-span brz-text__editor\" contenteditable=\"false\">Detalji usluge<\/span><\/a><\/div>\n<\/div>\n<\/div>\n<\/div>\n<\/div>\n<div class=\"brz-columns brz-css-zJx9K brz-css-e___y\" data-brz-custom-id=\"lD5FvXw5XI66\">\n<div class=\"brz-bg\"><\/div>\n<div class=\"brz-column__items brz-css-al7t0 brz-css-uqK97\"><\/div>\n<\/div>\n<\/div>\n<\/div>\n<\/div>\n<\/div>\n<\/section>\n<section id=\"{{placeholder content='e3sgcmFuZG9tX2lkIH19' key='aVGQROSYeuLj'}}_aVGQROSYeuLj\" class=\"brz-section brz-css-dDib7\">\n<div class=\"brz-section__content brz-section--boxed brz-css-xTBxk brz-css-a3vOL\" data-brz-custom-id=\"engm8NFEeSQz\">\n<div class=\"brz-container brz-css-jdEUn\">\n<div class=\"brz-row__container brz-css-d_hfk\" data-brz-custom-id=\"jr6nmiWV4AeK\">\n<div class=\"brz-bg\"><\/div>\n<div class=\"brz-row brz-css-xBTi6 brz-css-y0YPo\">\n<div class=\"brz-columns brz-css-zJx9K brz-css-moP_6\" data-brz-custom-id=\"xN3eXV1WJVZD\">\n<div class=\"brz-bg\"><\/div>\n<div class=\"brz-column__items brz-css-al7t0 brz-css-mZZrm\">\n<div id=\"\" class=\"brz-css-bDml2 brz-css-knPP8 brz-wrapper\">\n<div class=\"brz-image brz-css-pr0Pw brz-css-iGKJ3\" data-brz-custom-id=\"v2SAAFsNUKdZ\"><picture class=\"brz-picture brz-d-block brz-p-relative brz-css-mtZW6\"><source srcset=\"https:\/\/prconsultancy.me\/?brizy_media=wp-b71420a70e0fface382975cb2b2596e1.jpg&amp;brizy_crop=iW%3D772%26iH%3D515%26oX%3D0%26oY%3D31%26cW%3D772%26cH%3D453 1x, https:\/\/prconsultancy.me\/?brizy_media=wp-b71420a70e0fface382975cb2b2596e1.jpg&amp;brizy_crop=iW%3D1544%26iH%3D1030%26oX%3D0%26oY%3D62%26cW%3D1544%26cH%3D906 2x\" media=\"(min-width: 992px)\"><source srcset=\"https:\/\/prconsultancy.me\/?brizy_media=wp-b71420a70e0fface382975cb2b2596e1.jpg&amp;brizy_crop=iW%3D507%26iH%3D338%26oX%3D0%26oY%3D21%26cW%3D507%26cH%3D297 1x, https:\/\/prconsultancy.me\/?brizy_media=wp-b71420a70e0fface382975cb2b2596e1.jpg&amp;brizy_crop=iW%3D1014%26iH%3D676%26oX%3D0%26oY%3D42%26cW%3D1014%26cH%3D594 2x\" media=\"(min-width: 768px)\"><img decoding=\"async\" class=\"brz-img\" srcset=\"https:\/\/prconsultancy.me\/?brizy_media=wp-b71420a70e0fface382975cb2b2596e1.jpg&amp;brizy_crop=iW%3D430%26iH%3D287%26oX%3D0%26oY%3D17%26cW%3D430%26cH%3D252 1x, https:\/\/prconsultancy.me\/?brizy_media=wp-b71420a70e0fface382975cb2b2596e1.jpg&amp;brizy_crop=iW%3D860%26iH%3D574%26oX%3D0%26oY%3D34%26cW%3D860%26cH%3D504 2x\" src=\"https:\/\/prconsultancy.me\/?brizy_media=wp-b71420a70e0fface382975cb2b2596e1.jpg&amp;brizy_crop=iW%3D772%26iH%3D515%26oX%3D0%26oY%3D31%26cW%3D772%26cH%3D453\" alt=\"{{placeholder content='e3sgYnJpenlfZGNfaW1hZ2VfYWx0IH19' imageSrc='wp-b71420a70e0fface382975cb2b2596e1.jpg'}}\" draggable=\"false\" loading=\"lazy\"><\/picture><\/div>\n<\/div>\n<div id=\"\" class=\"brz-css-bDml2 brz-css-hLYDo brz-wrapper\">\n<div class=\"brz-spacer brz-css-s1idT brz-css-wYgWf\"><\/div>\n<\/div>\n<div id=\"\" class=\"brz-css-bDml2 brz-css-wWdtG brz-wrapper\">\n<div class=\"brz-rich-text brz-rich-text__custom brz-css-vKHID\" data-brz-custom-id=\"eLSJL_Di1AdO\">\n<div data-brz-translate-text=\"1\">\n<p class=\"brz-text-lg-left brz-tp-lg-heading3 brz-tp-sm-heading3 brz-tp-xs-heading3 brz-css-uJsqg\" data-generated-css=\"brz-css-vMrCz\" data-uniq-id=\"eisJQ\"> POKRIVANJE DOGA\u0110AJA<\/p>\n<\/div>\n<\/div>\n<\/div>\n<div id=\"\" class=\"brz-css-bDml2 brz-css-hLYDo brz-wrapper\">\n<div class=\"brz-spacer brz-css-s1idT brz-css-oG7rR\"><\/div>\n<\/div>\n<div id=\"\" class=\"brz-css-bDml2 brz-css-icMWV brz-wrapper\">\n<div class=\"brz-rich-text brz-rich-text__custom brz-css-vKHID\" data-brz-custom-id=\"ddqljVqPMk7W\">\n<div data-brz-translate-text=\"1\">\n<p class=\"brz-text-lg-left brz-tp-sm-paragraph brz-tp-xs-paragraph brz-tp-lg-paragraph brz-css-kk7uv\" data-generated-css=\"brz-css-jnaBy\" data-uniq-id=\"rHxnR\"><span class=\"brz-cp-color7\">Potrebna vam je ve\u0107a vidljivost i prepoznatljivost u javnosti? Planirano i kontrolisano medijsko izvje\u0161tavanje dopire do \u0161iroke publike, a mo\u017ee privu\u0107i potencijalne klijente, partnere i generisati interesovanje za proizvod, uslugu ili temu kojom se bavite.<\/span><\/p>\n<p class=\"brz-text-lg-left brz-tp-sm-paragraph brz-tp-xs-paragraph brz-tp-lg-paragraph brz-css-rM1WM\" data-generated-css=\"brz-css-jnaBy\" data-uniq-id=\"rHxnR\"><span class=\"brz-cp-color7\">Sve ono va\u017eno prije i nakon va\u0161eg doga\u0111aja prenosimo BRZO i PRECIZNO kroz razli\u010dite medijske kanale obezbje\u0111uju\u0107i \u017eeljenu vidljivost.<\/span><\/p>\n<\/div>\n<\/div>\n<\/div>\n<div id=\"\" class=\"brz-css-bDml2 brz-css-hLYDo brz-wrapper\">\n<div class=\"brz-spacer brz-css-s1idT brz-css-qO_2R\"><\/div>\n<\/div>\n<div class=\"brz-row__container brz-css-d_hfk\" data-brz-custom-id=\"qvEKjPf9yt4Y\">\n<div class=\"brz-bg\"><\/div>\n<div class=\"brz-row brz-row--inner brz-css-xBTi6 brz-css-y0YPo\">\n<div class=\"brz-columns brz-css-zJx9K brz-css-wvXwz\" data-brz-custom-id=\"gMztwF1CZW2M\">\n<div class=\"brz-bg\"><\/div>\n<div class=\"brz-column__items brz-css-al7t0 brz-css-b070r\">\n<div id=\"\" class=\"brz-css-bDml2 brz-css-zkOBW brz-wrapper\">\n<div class=\"brz-image brz-css-thmtr brz-css-bl9M3\" data-brz-custom-id=\"wlu0C2zR4Qb4\"><picture class=\"brz-picture brz-d-block brz-p-relative brz-css-sV0Q0\"><source srcset=\"https:\/\/prconsultancy.me\/?brizy_media=wp-6426843ab10150168b55466ddf52e6f5.jpg&amp;brizy_crop=iW%3D368%26iH%3D552%26oX%3D0%26oY%3D40%26cW%3D368%26cH%3D351 1x, https:\/\/prconsultancy.me\/?brizy_media=wp-6426843ab10150168b55466ddf52e6f5.jpg&amp;brizy_crop=iW%3D736%26iH%3D1104%26oX%3D0%26oY%3D80%26cW%3D736%26cH%3D702 2x\" media=\"(min-width: 992px)\"><source srcset=\"https:\/\/prconsultancy.me\/?brizy_media=wp-6426843ab10150168b55466ddf52e6f5.jpg&amp;brizy_crop=iW%3D529%26iH%3D793%26oX%3D216%26oY%3D0%26cW%3D223%26cH%3D793 1x, https:\/\/prconsultancy.me\/?brizy_media=wp-6426843ab10150168b55466ddf52e6f5.jpg&amp;brizy_crop=iW%3D1058%26iH%3D1586%26oX%3D432%26oY%3D0%26cW%3D446%26cH%3D1586 2x\" media=\"(min-width: 768px)\"><img decoding=\"async\" class=\"brz-img\" srcset=\"https:\/\/prconsultancy.me\/?brizy_media=wp-6426843ab10150168b55466ddf52e6f5.jpg&amp;brizy_crop=iW%3D430%26iH%3D645%26oX%3D0%26oY%3D0%26cW%3D430%26cH%3D645 1x, https:\/\/prconsultancy.me\/?brizy_media=wp-6426843ab10150168b55466ddf52e6f5.jpg&amp;brizy_crop=iW%3D860%26iH%3D1290%26oX%3D0%26oY%3D0%26cW%3D860%26cH%3D1290 2x\" src=\"https:\/\/prconsultancy.me\/?brizy_media=wp-6426843ab10150168b55466ddf52e6f5.jpg&amp;brizy_crop=iW%3D368%26iH%3D552%26oX%3D0%26oY%3D40%26cW%3D368%26cH%3D351\" alt=\"{{placeholder content='e3sgYnJpenlfZGNfaW1hZ2VfYWx0IH19' imageSrc='wp-6426843ab10150168b55466ddf52e6f5.jpg'}}\" draggable=\"false\" loading=\"lazy\"><\/picture><\/div>\n<\/div>\n<\/div>\n<\/div>\n<div class=\"brz-columns brz-css-zJx9K brz-css-w9NYb\" data-brz-custom-id=\"de7G2cziabK0\">\n<div class=\"brz-bg\"><\/div>\n<div class=\"brz-column__items brz-css-al7t0 brz-css-i9Od1\">\n<div id=\"\" class=\"brz-css-bDml2 brz-css-qR1cQ brz-wrapper\">\n<div class=\"brz-rich-text brz-rich-text__custom brz-css-vKHID\" data-brz-custom-id=\"q4QY_Dr74jW0\">\n<div data-brz-translate-text=\"1\">\n<p class=\"brz-tp-xs-heading4 brz-tp-sm-heading4 brz-tp-lg-heading4 brz-text-lg-left brz-css-dQJ_X\" data-uniq-id=\"wtSzd\" data-generated-css=\"brz-css-qrrjb\"><span class=\"brz-cp-color2\">NUDIMO:<\/span><\/p>\n<\/div>\n<\/div>\n<\/div>\n<div id=\"\" class=\"brz-css-bDml2 brz-css-hLYDo brz-wrapper\">\n<div class=\"brz-spacer brz-css-s1idT brz-css-m7pRW\"><\/div>\n<\/div>\n<div id=\"\" class=\"brz-css-bDml2 brz-css-pBzIL brz-wrapper\">\n<div class=\"brz-icon-text brz-css-wQ9UG brz-css-aaRDR\" data-brz-custom-id=\"ezu4Th4ny6ni\">\n<div class=\"brz-icon__container\" data-brz-custom-id=\"fhHywnxR38P5\"><span class=\"brz-icon brz-span brz-css-treFh brz-css-dLS3u\"><svg class=\"brz-icon-svg align-[initial]\"><use href=\"\/wp-content\/plugins\/brizy\/public\/editor-build\/prod\/editor\/icons\/glyph\/check-2.svg#nc_icon\"><\/use><\/svg><\/span><\/div>\n<div class=\"brz-text-btn\">\n<div class=\"brz-rich-text brz-rich-text__custom brz-css-vKHID\" data-brz-custom-id=\"zuz1iXmpv1px\">\n<div data-brz-translate-text=\"1\">\n<p class=\"brz-tp-sm-paragraph brz-tp-xs-paragraph brz-tp-lg-paragraph brz-css-hJq7T\" data-generated-css=\"brz-css-g22ao\" data-uniq-id=\"jwUW7\"><span class=\"brz-cp-color7\">&nbsp;Pripremu materijala prije doga\u0111aja (izjave, govori, prezentacije, najave za doga\u0111aj);<\/span><\/p>\n<\/div>\n<\/div>\n<\/div>\n<\/div>\n<\/div>\n<div id=\"\" class=\"brz-css-bDml2 brz-css-xo7bl brz-wrapper\">\n<div class=\"brz-icon-text brz-css-wQ9UG brz-css-aocls\" data-brz-custom-id=\"qCvg07qWlw9R\">\n<div class=\"brz-icon__container\" data-brz-custom-id=\"sB1t0SO2z7tc\"><span class=\"brz-icon brz-span brz-css-treFh brz-css-zJLBg\"><svg class=\"brz-icon-svg align-[initial]\"><use href=\"\/wp-content\/plugins\/brizy\/public\/editor-build\/prod\/editor\/icons\/glyph\/check-2.svg#nc_icon\"><\/use><\/svg><\/span><\/div>\n<div class=\"brz-text-btn\">\n<div class=\"brz-rich-text brz-rich-text__custom brz-css-vKHID\" data-brz-custom-id=\"lZcE2FmDhDxY\">\n<div data-brz-translate-text=\"1\">\n<p class=\"brz-tp-lg-paragraph brz-tp-xs-paragraph brz-tp-sm-paragraph brz-css-lMr8q\" data-generated-css=\"brz-css-s68u_\" data-uniq-id=\"zDOiQ\"><span class=\"brz-cp-color7\">Kreiranje medijskih sadr\u017eaja tokom doga\u0111aja;<\/span><\/p>\n<\/div>\n<\/div>\n<\/div>\n<\/div>\n<\/div>\n<div id=\"\" class=\"brz-css-bDml2 brz-css-hL9iP brz-wrapper\">\n<div class=\"brz-icon-text brz-css-wQ9UG brz-css-o1HF1\" data-brz-custom-id=\"cmz0TonNH_Qn\">\n<div class=\"brz-icon__container\" data-brz-custom-id=\"yrwfDFPKBxwu\"><span class=\"brz-icon brz-span brz-css-treFh brz-css-mxiI9\"><svg class=\"brz-icon-svg align-[initial]\"><use href=\"\/wp-content\/plugins\/brizy\/public\/editor-build\/prod\/editor\/icons\/glyph\/check-2.svg#nc_icon\"><\/use><\/svg><\/span><\/div>\n<div class=\"brz-text-btn\">\n<div class=\"brz-rich-text brz-rich-text__custom brz-css-vKHID\" data-brz-custom-id=\"kwN4kvvS3BiC\">\n<div data-brz-translate-text=\"1\">\n<p class=\"brz-tp-sm-paragraph brz-tp-xs-paragraph brz-tp-lg-paragraph brz-css-aOs6r\" data-generated-css=\"brz-css-bv2AV\" data-uniq-id=\"qO4tf\"><span class=\"brz-cp-color7\">Pisanje saop\u0161tenja za javnost;<\/span><\/p>\n<\/div>\n<\/div>\n<\/div>\n<\/div>\n<\/div>\n<div id=\"\" class=\"brz-css-bDml2 brz-css-kiT3D brz-wrapper\">\n<div class=\"brz-icon-text brz-css-wQ9UG brz-css-j_H8N\" data-brz-custom-id=\"rBk2h9ZQhYsD\">\n<div class=\"brz-icon__container\" data-brz-custom-id=\"lAtRDoCjqcit\"><span class=\"brz-icon brz-span brz-css-treFh brz-css-uFfwN\"><svg class=\"brz-icon-svg align-[initial]\"><use href=\"\/wp-content\/plugins\/brizy\/public\/editor-build\/prod\/editor\/icons\/glyph\/check-2.svg#nc_icon\"><\/use><\/svg><\/span><\/div>\n<div class=\"brz-text-btn\">\n<div class=\"brz-rich-text brz-rich-text__custom brz-css-vKHID\" data-brz-custom-id=\"nbE9x_Dw3Pxh\">\n<div data-brz-translate-text=\"1\">\n<p class=\"brz-tp-lg-paragraph brz-tp-xs-paragraph brz-tp-sm-paragraph brz-css-uUMyi\" data-uniq-id=\"j7jxs\" data-generated-css=\"brz-css-iSstD\"><span class=\"brz-cp-color7\">Snimanje fotografija i videa radi dokumentovanja i promocije doga\u0111aja;<\/span><\/p>\n<\/div>\n<\/div>\n<\/div>\n<\/div>\n<\/div>\n<div id=\"\" class=\"brz-css-bDml2 brz-css-wnAxn brz-wrapper\">\n<div class=\"brz-icon-text brz-css-wQ9UG brz-css-bv4Xk\" data-brz-custom-id=\"tDMLMw97yAt7\">\n<div class=\"brz-icon__container\" data-brz-custom-id=\"u0KVmCWfRIsv\"><span class=\"brz-icon brz-span brz-css-treFh brz-css-cMlwn\"><svg class=\"brz-icon-svg align-[initial]\"><use href=\"\/wp-content\/plugins\/brizy\/public\/editor-build\/prod\/editor\/icons\/glyph\/check-2.svg#nc_icon\"><\/use><\/svg><\/span><\/div>\n<div class=\"brz-text-btn\">\n<div class=\"brz-rich-text brz-rich-text__custom brz-css-vKHID\" data-brz-custom-id=\"psPMyPDRfmCn\">\n<div data-brz-translate-text=\"1\">\n<p class=\"brz-tp-lg-paragraph brz-tp-xs-paragraph brz-tp-sm-paragraph brz-css-m20kx\" data-uniq-id=\"gnyPD\" data-generated-css=\"brz-css-eu5sR\"><span class=\"brz-cp-color7\">Distribuciju materijala medijima;<\/span><\/p>\n<\/div>\n<\/div>\n<\/div>\n<\/div>\n<\/div>\n<div id=\"\" class=\"brz-css-bDml2 brz-css-wkoGV brz-wrapper\">\n<div class=\"brz-icon-text brz-css-wQ9UG brz-css-mfqC4\" data-brz-custom-id=\"qmkH3nlRxDN6\">\n<div class=\"brz-icon__container\" data-brz-custom-id=\"v_xYe8lSoQKU\"><span class=\"brz-icon brz-span brz-css-treFh brz-css-o4Z1P\"><svg class=\"brz-icon-svg align-[initial]\"><use href=\"\/wp-content\/plugins\/brizy\/public\/editor-build\/prod\/editor\/icons\/glyph\/check-2.svg#nc_icon\"><\/use><\/svg><\/span><\/div>\n<div class=\"brz-text-btn\">\n<div class=\"brz-rich-text brz-rich-text__custom brz-css-vKHID\" data-brz-custom-id=\"dRXhzfbGe8Ps\">\n<div data-brz-translate-text=\"1\">\n<p class=\"brz-tp-sm-paragraph brz-tp-xs-paragraph brz-tp-lg-paragraph brz-css-h3D4E\" data-generated-css=\"brz-css-xRw8R\" data-uniq-id=\"anWDw\"><span class=\"brz-cp-color7\">Obezbje\u0111ivanje live streaming-a doga\u0111aja;<\/span><\/p>\n<\/div>\n<\/div>\n<\/div>\n<\/div>\n<\/div>\n<\/div>\n<\/div>\n<\/div>\n<\/div>\n<div id=\"\" class=\"brz-css-bDml2 brz-css-hLYDo brz-wrapper\">\n<div class=\"brz-spacer brz-css-s1idT brz-css-ekXB6\"><\/div>\n<\/div>\n<div id=\"\" class=\"brz-css-bDml2 brz-css-hLYDo brz-wrapper\">\n<div class=\"brz-spacer brz-css-s1idT brz-css-qgXaD\"><\/div>\n<\/div>\n<\/div>\n<\/div>\n<div class=\"brz-columns brz-css-zJx9K brz-css-o6eFC\" data-brz-custom-id=\"qoCDcFeRiGbR\">\n<div class=\"brz-bg\"><\/div>\n<div class=\"brz-column__items brz-css-al7t0 brz-css-k6UfM\">\n<div class=\"brz-row__container brz-css-d_hfk\" data-brz-custom-id=\"aqmTfbeTG4Qx\">\n<div class=\"brz-bg\"><\/div>\n<div class=\"brz-row brz-row--inner brz-css-xBTi6 brz-css-y0YPo\">\n<div class=\"brz-columns brz-css-zJx9K brz-css-xCkAW\" data-brz-custom-id=\"rMSddDiyqZoU\">\n<div class=\"brz-bg\">\n<div class=\"brz-bg-color\"><\/div>\n<\/div>\n<div class=\"brz-column__items brz-css-al7t0 brz-css-aeOT1\">\n<div id=\"\" class=\"brz-css-bDml2 brz-css-lVPMJ brz-wrapper\">\n<div class=\"brz-rich-text brz-rich-text__custom brz-css-vKHID\" data-brz-custom-id=\"bN3RvMIJuGMn\">\n<div data-brz-translate-text=\"1\">\n<p class=\"brz-tp-xs-heading4 brz-tp-sm-heading4 brz-text-lg-left brz-tp-lg-abovetitle brz-css-ydn9Q\" data-generated-css=\"brz-css-z14s1\" data-uniq-id=\"n3_wK\"><span style=\"color: rgba(var(--brz-global-color3),1);\" class=\"brz-cp-color3\">USLUGE<\/span><\/p>\n<\/div>\n<\/div>\n<\/div>\n<div id=\"\" class=\"brz-css-bDml2 brz-css-hLYDo brz-wrapper\">\n<div class=\"brz-spacer brz-css-s1idT brz-css-xefXd\"><\/div>\n<\/div>\n<div id=\"\" class=\"brz-css-bDml2 brz-wrapper\">\n<div class=\"brz-rich-text brz-rich-text__custom brz-css-vKHID\" data-brz-custom-id=\"mFepPe44DdN5\">\n<div data-brz-translate-text=\"1\">\n<p class=\"brz-tp-lg-paragraph brz-css-yAvVW\" data-generated-css=\"brz-css-jFbEr\" data-uniq-id=\"wXaru\"><a class=\"link--page brz-cp-color1\" href=\"{{placeholder content='e3ticml6eV9kY19wZXJtYWxpbmsgcG9zdF9pZD0iMzk3In19'}}\" data-brz-link-type=\"page\">IZGRADNJA BRENDA<\/a><\/p>\n<p class=\"brz-tp-lg-paragraph brz-css-nlAaW\" data-generated-css=\"brz-css-wcP1T\" data-uniq-id=\"qWq0G\"><a class=\"link--page brz-cp-color1\" href=\"{{placeholder content='e3ticml6eV9kY19wZXJtYWxpbmsgcG9zdF9pZD0iNDIwIn19'}}\" data-brz-link-type=\"page\">DRU\u0160TVENO ODGOVORNO POSLOVANJE <\/a><\/p>\n<p class=\"brz-tp-lg-paragraph brz-css-tSXjm\" data-generated-css=\"brz-css-svJVh\" data-uniq-id=\"qL2ww\"><a class=\"link--page brz-cp-color1\" href=\"{{placeholder content='e3ticml6eV9kY19wZXJtYWxpbmsgcG9zdF9pZD0iNDI5In19'}}\" data-brz-link-type=\"page\">ODNOSI SA MEDIJIMA <\/a><\/p>\n<p class=\"brz-tp-lg-paragraph brz-css-fXe1q\" data-generated-css=\"brz-css-jn6LQ\" data-uniq-id=\"xhIl9\"><a class=\"link--page brz-cp-color1\" href=\"{{placeholder content='e3ticml6eV9kY19wZXJtYWxpbmsgcG9zdF9pZD0iNDMzIn19'}}\" data-brz-link-type=\"page\">KRIZNI PR <\/a><\/p>\n<p class=\"brz-tp-lg-paragraph brz-css-c_wSN\" data-generated-css=\"brz-css-c82NQ\" data-uniq-id=\"tMSSz\"><a class=\"link--page brz-cp-color1\" href=\"{{placeholder content='e3ticml6eV9kY19wZXJtYWxpbmsgcG9zdF9pZD0iNDM5In19'}}\" data-brz-link-type=\"page\">LOBIRANJE I ZAGOVARANJE <\/a><\/p>\n<p class=\"brz-tp-lg-paragraph brz-css-hFWhs\" data-generated-css=\"brz-css-bCfIk\" data-uniq-id=\"nXk9x\"><a class=\"link--page brz-cp-color1\" href=\"{{placeholder content='e3ticml6eV9kY19wZXJtYWxpbmsgcG9zdF9pZD0iNDQ1In19'}}\" data-brz-link-type=\"page\">EDUKACIJA<\/a><span class=\"brz-cp-color1\"> <\/span><\/p>\n<p class=\"brz-tp-lg-paragraph brz-css-vAVtN\" data-generated-css=\"brz-css-lDzF9\" data-uniq-id=\"rASqr\"><a class=\"link--page brz-cp-color1\" href=\"{{placeholder content='e3ticml6eV9kY19wZXJtYWxpbmsgcG9zdF9pZD0iNDUwIn19'}}\" data-brz-link-type=\"page\">ORGANIZACIJA DOGA\u0110AJA <\/a><\/p>\n<p class=\"brz-tp-lg-paragraph brz-css-vLluN\" data-generated-css=\"brz-css-nSMAi\" data-uniq-id=\"w155g\"><a class=\"link--page brz-cp-color1\" href=\"{{placeholder content='e3ticml6eV9kY19wZXJtYWxpbmsgcG9zdF9pZD0iNDU0In19'}}\" data-brz-link-type=\"page\">POKRIVANJE DOGA\u0110AJA<\/a><\/p>\n<p class=\"brz-tp-lg-paragraph brz-css-yZWeL\" data-generated-css=\"brz-css-nJW2i\" data-uniq-id=\"cSUgi\"><a class=\"link--page brz-cp-color1\" href=\"{{placeholder content='e3ticml6eV9kY19wZXJtYWxpbmsgcG9zdF9pZD0iNDU4In19'}}\" data-brz-link-type=\"page\">UPRAVLJANJE DRU\u0160TVENIM MRE\u017dAMA <\/a><\/p>\n<p class=\"brz-tp-lg-paragraph brz-mb-xs-20 brz-css-izKNP\" data-generated-css=\"brz-css-hbFWD\" data-uniq-id=\"mVaw3\"><a class=\"link--page brz-cp-color1\" href=\"{{placeholder content='e3ticml6eV9kY19wZXJtYWxpbmsgcG9zdF9pZD0iNDYzIn19'}}\" data-brz-link-type=\"page\">MIX &amp; MATCH <\/a><\/p>\n<\/div>\n<\/div>\n<\/div>\n<\/div>\n<\/div>\n<\/div>\n<\/div>\n<div class=\"brz-row__container brz-css-d_hfk\" data-brz-custom-id=\"pOC97FCah2pV\">\n<div class=\"brz-bg\"><\/div>\n<div class=\"brz-row brz-row--inner brz-css-xBTi6 brz-css-y0YPo\">\n<div class=\"brz-columns brz-css-zJx9K brz-css-yMMfh\" data-brz-custom-id=\"lUOu9zjWbUiT\">\n<div class=\"brz-bg\">\n<div class=\"brz-bg-color\"><\/div>\n<\/div>\n<div class=\"brz-column__items brz-css-al7t0 brz-css-bQ9ni\">\n<div id=\"\" class=\"brz-css-bDml2 brz-css-wBftL brz-wrapper\">\n<div class=\"brz-rich-text brz-rich-text__custom brz-css-vKHID\" data-brz-custom-id=\"m4kVFHnIxZsx\">\n<div data-brz-translate-text=\"1\">\n<p class=\"brz-tp-lg-abovetitle brz-text-lg-left brz-tp-sm-heading4 brz-tp-xs-heading4 brz-css-b7xtX\" data-uniq-id=\"lirnh\" data-generated-css=\"brz-css-gtlqz\"><a class=\"link--page brz-cp-color3\" style=\"color: rgba(var(--brz-global-color3),1);\" href=\"{{placeholder content='e3ticml6eV9kY19wZXJtYWxpbmsgcG9zdF9pZD0iMjQwIn19'}}\" data-brz-link-type=\"page\">POTREBNA VAM JE VE\u0106A VIDLJIVOST?<\/a><\/p>\n<\/div>\n<\/div>\n<\/div>\n<div id=\"\" class=\"brz-css-bDml2 brz-wrapper\">\n<div class=\"brz-rich-text brz-rich-text__custom brz-css-vKHID\" data-brz-custom-id=\"aT0iJZLvTY5A\">\n<div data-brz-translate-text=\"1\">\n<p class=\"brz-tp-lg-paragraph brz-css-jCaVP\" data-uniq-id=\"vtdUy\" data-generated-css=\"brz-css-vi8Js\"><span class=\"brz-cp-color7\">\ufeffKvalitetno medijsko pokrivanje daje va\u0161em doga\u0111aju publicitet koji zaslu\u017euje, poja\u010davaju\u0107i njegov uticaj.<\/span><\/p>\n<\/div>\n<\/div>\n<\/div>\n<div class=\"brz-wrapper-clone brz-css-iZd5g\">\n<div class=\"brz-d-xs-flex brz-flex-xs-wrap brz-css-a_zxj\" data-brz-custom-id=\"\">\n<div class=\"brz-wrapper-clone__item\" id=\"l32H8B6lJNiL\"><a class=\"brz-a brz-btn brz-css-m5PnH brz-css-nYRhg brz-css-y2ngK\" href=\"{{placeholder content='e3ticml6eV9kY19wZXJtYWxpbmsgcG9zdF9pZD0iMjQwIn19'}}\" target=\"_self\" rel=\"noopener\" data-brz-link-type=\"page\" data-brz-custom-id=\"l32H8B6lJNiL\"><span data-brz-translate-text=\"1\" class=\"brz-span brz-text__editor\" contenteditable=\"false\">KONTAKTIRAJ NAS<\/span><\/a><\/div>\n<\/div>\n<\/div>\n<div id=\"\" class=\"brz-css-bDml2 brz-css-hLYDo brz-wrapper\">\n<div class=\"brz-spacer brz-css-s1idT brz-css-ewTFb\"><\/div>\n<\/div>\n<\/div>\n<\/div>\n<\/div>\n<\/div>\n<\/div>\n<\/div>\n<\/div>\n<\/div>\n<\/div>\n<\/div>\n<\/section>\n<p>{{ brizy_dc_global_blocks position=&#8217;bottom&#8217; }}<\/p><\/div>\n<p>    <!-- version:1727910440 --><\/p>\n","protected":false},"excerpt":{"rendered":"<p>{{ brizy_dc_global_blocks position=&#8217;top&#8217; }} POKRIVANJE DOGA\u0110AJA HOME Detalji usluge POKRIVANJE DOGA\u0110AJA Potrebna vam je ve\u0107a vidljivost i prepoznatljivost u javnosti? Planirano i kontrolisano medijsko izvje\u0161tavanje dopire do \u0161iroke publike, a mo\u017ee privu\u0107i potencijalne klijente, partnere i generisati interesovanje za proizvod, uslugu ili temu kojom se bavite. Sve ono va\u017eno prije i nakon va\u0161eg doga\u0111aja prenosimo [&hellip;]<\/p>\n","protected":false},"author":1,"featured_media":0,"parent":0,"menu_order":0,"comment_status":"closed","ping_status":"closed","template":"brizy-blank-template.php","meta":{"footnotes":""},"class_list":["post-454","page","type-page","status-publish","hentry"],"_links":{"self":[{"href":"https:\/\/prconsultancy.me\/index.php\/wp-json\/wp\/v2\/pages\/454","targetHints":{"allow":["GET"]}}],"collection":[{"href":"https:\/\/prconsultancy.me\/index.php\/wp-json\/wp\/v2\/pages"}],"about":[{"href":"https:\/\/prconsultancy.me\/index.php\/wp-json\/wp\/v2\/types\/page"}],"author":[{"embeddable":true,"href":"https:\/\/prconsultancy.me\/index.php\/wp-json\/wp\/v2\/users\/1"}],"replies":[{"embeddable":true,"href":"https:\/\/prconsultancy.me\/index.php\/wp-json\/wp\/v2\/comments?post=454"}],"version-history":[{"count":8,"href":"https:\/\/prconsultancy.me\/index.php\/wp-json\/wp\/v2\/pages\/454\/revisions"}],"predecessor-version":[{"id":836,"href":"https:\/\/prconsultancy.me\/index.php\/wp-json\/wp\/v2\/pages\/454\/revisions\/836"}],"wp:attachment":[{"href":"https:\/\/prconsultancy.me\/index.php\/wp-json\/wp\/v2\/media?parent=454"}],"curies":[{"name":"wp","href":"https:\/\/api.w.org\/{rel}","templated":true}]}}