{"id":450,"date":"2024-09-22T22:33:31","date_gmt":"2024-09-22T22:33:31","guid":{"rendered":"https:\/\/prconsultancy.me\/?page_id=450"},"modified":"2024-10-03T22:13:44","modified_gmt":"2024-10-03T22:13:44","slug":"organizacija-dogadaja","status":"publish","type":"page","link":"https:\/\/prconsultancy.me\/index.php\/organizacija-dogadaja\/","title":{"rendered":"Organizacija doga\u0111aja"},"content":{"rendered":"<div class=\"brz-root__container brz-reset-all brz\">{{ brizy_dc_global_blocks position=&#8217;top&#8217; }}<\/p>\n<section id=\"{{placeholder content='e3sgcmFuZG9tX2lkIH19' key='nlvy4bqyawjR'}}_nlvy4bqyawjR\" class=\"brz-section brz-css-tDslP brz-css-eBlYi\">\n<div class=\"brz-section__content brz-section--fullWidth brz-css-fIpav brz-css-nlFGD\" data-brz-custom-id=\"waoKoeiU1pQl\">\n<div class=\"brz-bg\">\n<div class=\"brz-bg-image\"><\/div>\n<div class=\"brz-bg-color\"><\/div>\n<\/div>\n<div class=\"brz-container brz-css-yg3jk brz-css-zmTa5\">\n<div class=\"brz-row__container brz-css-od1kQ\" data-brz-custom-id=\"czwPncIBSoet\">\n<div class=\"brz-bg\"><\/div>\n<div class=\"brz-row brz-css-khhzZ brz-css-ibAA7\">\n<div class=\"brz-columns brz-css-qPxso brz-css-mpgXV\" data-brz-custom-id=\"s1n0rC4DKZXn\">\n<div class=\"brz-bg\"><\/div>\n<div class=\"brz-column__items brz-css-gs0U6\">\n<div id=\"\" class=\"brz-css-l5QIz brz-css-bnzlk brz-wrapper\">\n<div class=\"brz-spacer brz-css-vl2bh brz-css-rckqz\"><\/div>\n<\/div>\n<\/div>\n<\/div>\n<div class=\"brz-columns brz-css-qPxso brz-css-fBUjE\" data-brz-custom-id=\"wlNtw1Y62pky\">\n<div class=\"brz-bg\"><\/div>\n<div class=\"brz-column__items brz-css-gs0U6 brz-css-liTV8\">\n<div id=\"\" class=\"brz-css-l5QIz brz-css-bnzlk brz-css-mDHIK brz-wrapper\">\n<div class=\"brz-spacer brz-css-vl2bh brz-css-cVDDL\"><\/div>\n<\/div>\n<div id=\"\" class=\"brz-css-l5QIz brz-css-wojvv brz-wrapper\">\n<div class=\"brz-rich-text brz-rich-text__custom brz-css-sdS2e\" data-brz-custom-id=\"iu8IEnLJ5Jch\">\n<div data-brz-translate-text=\"1\">\n<p class=\"brz-tp-xs-heading2 brz-text-lg-center brz-tp-lg-heading2 brz-tp-sm-heading2 brz-css-pe2jQ\" data-generated-css=\"brz-css-aMMXp\" data-uniq-id=\"aAUaL\"><span class=\"brz-cp-color8\">ORGANIZACIJA DOGA\u0110AJA<\/span><\/p>\n<\/div>\n<\/div>\n<\/div>\n<div class=\"brz-wrapper-clone brz-css-sGzk5 brz-css-jTIvy\">\n<div class=\"brz-d-xs-flex brz-flex-xs-wrap brz-css-tmmKk\" data-brz-custom-id=\"\">\n<div class=\"brz-wrapper-clone__item\" id=\"n4JBY33RDGll\"><a class=\"brz-a brz-btn brz-css-osuvc brz-css-mggjd brz-css-bsVRb brz-css-wm7i5\" href=\"\" target=\"_self\" rel=\"noopener\" data-brz-link-type=\"external\" data-brz-custom-id=\"n4JBY33RDGll\"><svg class=\"brz-icon-svg align-[initial] brz-css-eIu9z\"><use href=\"\/wp-content\/plugins\/brizy\/public\/editor-build\/prod\/editor\/icons\/outline\/tail-right.svg#nc_icon\"><\/use><\/svg><span data-brz-translate-text=\"1\" class=\"brz-span brz-text__editor\" contenteditable=\"false\">HOME<\/span><\/a><\/div>\n<div class=\"brz-wrapper-clone__item\" id=\"s3KRE5yTekXJ\"><a class=\"brz-a brz-btn brz-css-osuvc brz-css-uLbpX brz-css-bsVRb brz-css-gp7I9\" href=\"\" target=\"_self\" rel=\"noopener\" data-brz-link-type=\"external\" data-brz-custom-id=\"s3KRE5yTekXJ\"><span data-brz-translate-text=\"1\" class=\"brz-span brz-text__editor\" contenteditable=\"false\">Detalji usluge<\/span><\/a><\/div>\n<\/div>\n<\/div>\n<\/div>\n<\/div>\n<div class=\"brz-columns brz-css-qPxso brz-css-djeJH\" data-brz-custom-id=\"th8STXgArZ3D\">\n<div class=\"brz-bg\"><\/div>\n<div class=\"brz-column__items brz-css-gs0U6 brz-css-u5qnK\"><\/div>\n<\/div>\n<\/div>\n<\/div>\n<\/div>\n<\/div>\n<\/section>\n<section id=\"{{placeholder content='e3sgcmFuZG9tX2lkIH19' key='aGp5Av_aqM_I'}}_aGp5Av_aqM_I\" class=\"brz-section brz-css-tDslP\">\n<div class=\"brz-section__content brz-section--boxed brz-css-fIpav brz-css-ySxVC\" data-brz-custom-id=\"i2xMLyKM2R8T\">\n<div class=\"brz-container brz-css-yg3jk\">\n<div class=\"brz-row__container brz-css-od1kQ\" data-brz-custom-id=\"wYXD0NDYZouh\">\n<div class=\"brz-bg\"><\/div>\n<div class=\"brz-row brz-css-khhzZ brz-css-ibAA7\">\n<div class=\"brz-columns brz-css-qPxso brz-css-xY8Jn\" data-brz-custom-id=\"uhWE0J8IewY6\">\n<div class=\"brz-bg\"><\/div>\n<div class=\"brz-column__items brz-css-gs0U6 brz-css-xwnMN\">\n<div id=\"\" class=\"brz-css-l5QIz brz-css-o2gG0 brz-wrapper\">\n<div class=\"brz-image brz-css-gb4me brz-css-vFkSJ\" data-brz-custom-id=\"rQ8yoYwM62Hz\"><picture class=\"brz-picture brz-d-block brz-p-relative brz-css-xFp33\"><source srcset=\"https:\/\/prconsultancy.me\/?brizy_media=wp-f3e3208f853819bf2e658b7571b750a4.jpg&amp;brizy_crop=iW%3D772%26iH%3D515%26oX%3D0%26oY%3D31%26cW%3D772%26cH%3D453 1x, https:\/\/prconsultancy.me\/?brizy_media=wp-f3e3208f853819bf2e658b7571b750a4.jpg&amp;brizy_crop=iW%3D1544%26iH%3D1030%26oX%3D0%26oY%3D62%26cW%3D1544%26cH%3D906 2x\" media=\"(min-width: 992px)\"><source srcset=\"https:\/\/prconsultancy.me\/?brizy_media=wp-f3e3208f853819bf2e658b7571b750a4.jpg&amp;brizy_crop=iW%3D507%26iH%3D338%26oX%3D0%26oY%3D21%26cW%3D507%26cH%3D297 1x, https:\/\/prconsultancy.me\/?brizy_media=wp-f3e3208f853819bf2e658b7571b750a4.jpg&amp;brizy_crop=iW%3D1014%26iH%3D676%26oX%3D0%26oY%3D42%26cW%3D1014%26cH%3D594 2x\" media=\"(min-width: 768px)\"><img decoding=\"async\" class=\"brz-img\" srcset=\"https:\/\/prconsultancy.me\/?brizy_media=wp-f3e3208f853819bf2e658b7571b750a4.jpg&amp;brizy_crop=iW%3D430%26iH%3D287%26oX%3D0%26oY%3D17%26cW%3D430%26cH%3D252 1x, https:\/\/prconsultancy.me\/?brizy_media=wp-f3e3208f853819bf2e658b7571b750a4.jpg&amp;brizy_crop=iW%3D860%26iH%3D574%26oX%3D0%26oY%3D34%26cW%3D860%26cH%3D504 2x\" src=\"https:\/\/prconsultancy.me\/?brizy_media=wp-f3e3208f853819bf2e658b7571b750a4.jpg&amp;brizy_crop=iW%3D772%26iH%3D515%26oX%3D0%26oY%3D31%26cW%3D772%26cH%3D453\" alt=\"{{placeholder content='e3sgYnJpenlfZGNfaW1hZ2VfYWx0IH19' imageSrc='wp-f3e3208f853819bf2e658b7571b750a4.jpg'}}\" draggable=\"false\" loading=\"lazy\"><\/picture><\/div>\n<\/div>\n<div id=\"\" class=\"brz-css-l5QIz brz-css-bnzlk brz-wrapper\">\n<div class=\"brz-spacer brz-css-vl2bh brz-css-bU4zc\"><\/div>\n<\/div>\n<div id=\"\" class=\"brz-css-l5QIz brz-css-qTaYy brz-wrapper\">\n<div class=\"brz-rich-text brz-rich-text__custom brz-css-sdS2e\" data-brz-custom-id=\"p3qomT_jlrAB\">\n<div data-brz-translate-text=\"1\">\n<p class=\"brz-text-lg-left brz-tp-lg-heading3 brz-tp-sm-heading3 brz-tp-xs-heading3 brz-css-jahel\" data-generated-css=\"brz-css-ljOez\" data-uniq-id=\"nI2F6\">ORGANIZACIJA DOGA\u0110AJA<\/p>\n<\/div>\n<\/div>\n<\/div>\n<div id=\"\" class=\"brz-css-l5QIz brz-css-bnzlk brz-wrapper\">\n<div class=\"brz-spacer brz-css-vl2bh brz-css-pZqVO\"><\/div>\n<\/div>\n<div id=\"\" class=\"brz-css-l5QIz brz-css-oWFUq brz-wrapper\">\n<div class=\"brz-rich-text brz-rich-text__custom brz-css-sdS2e\" data-brz-custom-id=\"naqIk8lUBdwO\">\n<div data-brz-translate-text=\"1\">\n<p class=\"brz-text-lg-left brz-tp-sm-paragraph brz-tp-xs-paragraph brz-tp-lg-paragraph brz-css-gmJ7q\" data-generated-css=\"brz-css-rpHqE\" data-uniq-id=\"pgrY_\"><span class=\"brz-cp-color7\">Cilj&nbsp;uspje\u0161nog&nbsp;doga\u0111aja&nbsp;je&nbsp;uvijek&nbsp;da&nbsp;ostavi&nbsp;sna\u017ean&nbsp;utisak,&nbsp;podstakne&nbsp;umre\u017eavanje,&nbsp;saradnju&nbsp;i&nbsp;razmjenu&nbsp;znanja&nbsp;\u0161to&nbsp;dugoro\u010dno&nbsp;uti\u010de&nbsp;na&nbsp;rast&nbsp;i&nbsp;uspijeh&nbsp;organizacije&nbsp;ili kompanije.&nbsp;Doga\u0111aji&nbsp;koje&nbsp;mi&nbsp;organizujemo&nbsp;su&nbsp;uvijek&nbsp;efektni&nbsp;i&nbsp;precizno osmi\u0161ljeni, u&nbsp;skladu&nbsp;sa&nbsp;ciljnom&nbsp;grupom&nbsp;za&nbsp;koju&nbsp;se&nbsp;prave.<\/span><\/p>\n<\/div>\n<\/div>\n<\/div>\n<div id=\"\" class=\"brz-css-l5QIz brz-css-bnzlk brz-wrapper\">\n<div class=\"brz-spacer brz-css-vl2bh brz-css-nFVhg\"><\/div>\n<\/div>\n<div class=\"brz-row__container brz-css-od1kQ\" data-brz-custom-id=\"rHFuoethbuej\">\n<div class=\"brz-bg\"><\/div>\n<div class=\"brz-row brz-row--inner brz-css-khhzZ brz-css-ibAA7\">\n<div class=\"brz-columns brz-css-qPxso brz-css-osKi4\" data-brz-custom-id=\"z_PdkPqz9njR\">\n<div class=\"brz-bg\"><\/div>\n<div class=\"brz-column__items brz-css-gs0U6 brz-css-bjZUO\">\n<div id=\"\" class=\"brz-css-l5QIz brz-css-eyvpU brz-wrapper\">\n<div class=\"brz-image brz-css-faFcw brz-css-yBkAf\" data-brz-custom-id=\"a_ns5qSPgTd7\"><picture class=\"brz-picture brz-d-block brz-p-relative brz-css-fwBzn\"><source srcset=\"https:\/\/prconsultancy.me\/?brizy_media=wp-11b8e2af2f60f9c4fc06d3a0b13fe16e.jpg&amp;brizy_crop=iW%3D527%26iH%3D351%26oX%3D74%26oY%3D0%26cW%3D368%26cH%3D351 1x, https:\/\/prconsultancy.me\/?brizy_media=wp-11b8e2af2f60f9c4fc06d3a0b13fe16e.jpg&amp;brizy_crop=iW%3D1054%26iH%3D702%26oX%3D148%26oY%3D0%26cW%3D736%26cH%3D702 2x\" media=\"(min-width: 992px)\"><source srcset=\"https:\/\/prconsultancy.me\/?brizy_media=wp-11b8e2af2f60f9c4fc06d3a0b13fe16e.jpg&amp;brizy_crop=iW%3D529%26iH%3D352%26oX%3D216%26oY%3D0%26cW%3D223%26cH%3D352 1x, https:\/\/prconsultancy.me\/?brizy_media=wp-11b8e2af2f60f9c4fc06d3a0b13fe16e.jpg&amp;brizy_crop=iW%3D1058%26iH%3D704%26oX%3D432%26oY%3D0%26cW%3D446%26cH%3D704 2x\" media=\"(min-width: 768px)\"><img decoding=\"async\" class=\"brz-img\" srcset=\"https:\/\/prconsultancy.me\/?brizy_media=wp-11b8e2af2f60f9c4fc06d3a0b13fe16e.jpg&amp;brizy_crop=iW%3D430%26iH%3D287%26oX%3D0%26oY%3D0%26cW%3D430%26cH%3D287 1x, https:\/\/prconsultancy.me\/?brizy_media=wp-11b8e2af2f60f9c4fc06d3a0b13fe16e.jpg&amp;brizy_crop=iW%3D860%26iH%3D574%26oX%3D0%26oY%3D0%26cW%3D860%26cH%3D574 2x\" src=\"https:\/\/prconsultancy.me\/?brizy_media=wp-11b8e2af2f60f9c4fc06d3a0b13fe16e.jpg&amp;brizy_crop=iW%3D527%26iH%3D351%26oX%3D74%26oY%3D0%26cW%3D368%26cH%3D351\" alt=\"{{placeholder content='e3sgYnJpenlfZGNfaW1hZ2VfYWx0IH19' imageSrc='wp-11b8e2af2f60f9c4fc06d3a0b13fe16e.jpg'}}\" draggable=\"false\" loading=\"lazy\"><\/picture><\/div>\n<\/div>\n<\/div>\n<\/div>\n<div class=\"brz-columns brz-css-qPxso brz-css-xlGI1\" data-brz-custom-id=\"kAJuMWsF1s_I\">\n<div class=\"brz-bg\"><\/div>\n<div class=\"brz-column__items brz-css-gs0U6 brz-css-z5T0M\">\n<div id=\"\" class=\"brz-css-l5QIz brz-css-ryk05 brz-wrapper\">\n<div class=\"brz-rich-text brz-rich-text__custom brz-css-sdS2e\" data-brz-custom-id=\"rWyMJHUWcefa\">\n<div data-brz-translate-text=\"1\">\n<p class=\"brz-tp-xs-heading4 brz-tp-sm-heading4 brz-tp-lg-heading4 brz-text-lg-left brz-css-rP9Z3\" data-uniq-id=\"wtSzd\" data-generated-css=\"brz-css-qrrjb\"><span class=\"brz-cp-color2\">NUDIMO:<\/span><\/p>\n<\/div>\n<\/div>\n<\/div>\n<div id=\"\" class=\"brz-css-l5QIz brz-css-bnzlk brz-wrapper\">\n<div class=\"brz-spacer brz-css-vl2bh brz-css-pc1Rc\"><\/div>\n<\/div>\n<div id=\"\" class=\"brz-css-l5QIz brz-css-jIGVL brz-wrapper\">\n<div class=\"brz-icon-text brz-css-hWR79 brz-css-tRiJh\" data-brz-custom-id=\"gdJ5BYNynS1_\">\n<div class=\"brz-icon__container\" data-brz-custom-id=\"xmqVzA63ibvn\"><span class=\"brz-icon brz-span brz-css-t0GYs brz-css-m_Foo\"><svg class=\"brz-icon-svg align-[initial]\"><use href=\"\/wp-content\/plugins\/brizy\/public\/editor-build\/prod\/editor\/icons\/glyph\/check-2.svg#nc_icon\"><\/use><\/svg><\/span><\/div>\n<div class=\"brz-text-btn\">\n<div class=\"brz-rich-text brz-rich-text__custom brz-css-sdS2e\" data-brz-custom-id=\"kUUWibIJpJwd\">\n<div data-brz-translate-text=\"1\">\n<p class=\"brz-tp-sm-paragraph brz-tp-xs-paragraph brz-tp-lg-paragraph brz-css-zYC1L\" data-generated-css=\"brz-css-pd33q\" data-uniq-id=\"zZyZ7\"><span class=\"brz-cp-color7\">Planiranje, koordinaciju i izvo\u0111enje razli\u010ditih doga\u0111aja;<\/span><\/p>\n<\/div>\n<\/div>\n<\/div>\n<\/div>\n<\/div>\n<div id=\"\" class=\"brz-css-l5QIz brz-css-gm5wB brz-wrapper\">\n<div class=\"brz-icon-text brz-css-hWR79 brz-css-mUdVu\" data-brz-custom-id=\"jU4iXWS9ri0b\">\n<div class=\"brz-icon__container\" data-brz-custom-id=\"r_6VaqwQoM1B\"><span class=\"brz-icon brz-span brz-css-t0GYs brz-css-rKG2Z\"><svg class=\"brz-icon-svg align-[initial]\"><use href=\"\/wp-content\/plugins\/brizy\/public\/editor-build\/prod\/editor\/icons\/glyph\/check-2.svg#nc_icon\"><\/use><\/svg><\/span><\/div>\n<div class=\"brz-text-btn\">\n<div class=\"brz-rich-text brz-rich-text__custom brz-css-sdS2e\" data-brz-custom-id=\"psKjFsCXQTZ0\">\n<div data-brz-translate-text=\"1\">\n<p class=\"brz-tp-lg-paragraph brz-tp-xs-paragraph brz-tp-sm-paragraph brz-css-fPp7F\" data-generated-css=\"brz-css-qGm3a\" data-uniq-id=\"cGSle\"><span class=\"brz-cp-color7\">Brendiranje&nbsp;doga\u0111aja i njegovu PR i marketing promociju;<\/span><\/p>\n<\/div>\n<\/div>\n<\/div>\n<\/div>\n<\/div>\n<div id=\"\" class=\"brz-css-l5QIz brz-css-cmdpv brz-wrapper\">\n<div class=\"brz-icon-text brz-css-hWR79 brz-css-rtpkl\" data-brz-custom-id=\"kOYpACaQd0R7\">\n<div class=\"brz-icon__container\" data-brz-custom-id=\"qAdVUg9vBZCM\"><span class=\"brz-icon brz-span brz-css-t0GYs brz-css-i09kg\"><svg class=\"brz-icon-svg align-[initial]\"><use href=\"\/wp-content\/plugins\/brizy\/public\/editor-build\/prod\/editor\/icons\/glyph\/check-2.svg#nc_icon\"><\/use><\/svg><\/span><\/div>\n<div class=\"brz-text-btn\">\n<div class=\"brz-rich-text brz-rich-text__custom brz-css-sdS2e\" data-brz-custom-id=\"qUVVWFAL80py\">\n<div data-brz-translate-text=\"1\">\n<p class=\"brz-tp-sm-paragraph brz-tp-xs-paragraph brz-tp-lg-paragraph brz-css-dTL3w\" data-generated-css=\"brz-css-pioeV\" data-uniq-id=\"r1USE\"><span class=\"brz-cp-color7\">Podr\u0161ku za pronala\u017eenje odgovaraju\u0107e lokacije i organizacija svih logisti\u010dkih detalja;<\/span><\/p>\n<\/div>\n<\/div>\n<\/div>\n<\/div>\n<\/div>\n<div id=\"\" class=\"brz-css-l5QIz brz-css-p3WIq brz-wrapper\">\n<div class=\"brz-icon-text brz-css-hWR79 brz-css-bd8uL\" data-brz-custom-id=\"mppOeFRmsfng\">\n<div class=\"brz-icon__container\" data-brz-custom-id=\"cXV7iOBMzBAt\"><span class=\"brz-icon brz-span brz-css-t0GYs brz-css-i2eus\"><svg class=\"brz-icon-svg align-[initial]\"><use href=\"\/wp-content\/plugins\/brizy\/public\/editor-build\/prod\/editor\/icons\/glyph\/check-2.svg#nc_icon\"><\/use><\/svg><\/span><\/div>\n<div class=\"brz-text-btn\">\n<div class=\"brz-rich-text brz-rich-text__custom brz-css-sdS2e\" data-brz-custom-id=\"sjsdmVoU645g\">\n<div data-brz-translate-text=\"1\">\n<p class=\"brz-tp-sm-paragraph brz-tp-xs-paragraph brz-tp-lg-paragraph brz-css-tWVxm\" data-generated-css=\"brz-css-lsdlV\" data-uniq-id=\"mddk8\"><span class=\"brz-cp-color7\">Kreiranje pozivnica, programa i drugih materijala za doga\u0111aj.<\/span><\/p>\n<\/div>\n<\/div>\n<\/div>\n<\/div>\n<\/div>\n<div id=\"\" class=\"brz-css-l5QIz brz-css-lThpm brz-wrapper\">\n<div class=\"brz-icon-text brz-css-hWR79 brz-css-f4BkT\" data-brz-custom-id=\"wN9OPHxnasvh\">\n<div class=\"brz-icon__container\" data-brz-custom-id=\"eaFu5oUFMtsB\"><span class=\"brz-icon brz-span brz-css-t0GYs brz-css-fZlWU\"><svg class=\"brz-icon-svg align-[initial]\"><use href=\"\/wp-content\/plugins\/brizy\/public\/editor-build\/prod\/editor\/icons\/glyph\/check-2.svg#nc_icon\"><\/use><\/svg><\/span><\/div>\n<div class=\"brz-text-btn\">\n<div class=\"brz-rich-text brz-rich-text__custom brz-css-sdS2e\" data-brz-custom-id=\"bkbDTJHSzU2L\">\n<div data-brz-translate-text=\"1\">\n<p class=\"brz-tp-sm-paragraph brz-tp-xs-paragraph brz-tp-lg-paragraph brz-css-wM76e\" data-generated-css=\"brz-css-tP02w\" data-uniq-id=\"jakNk\"><span class=\"brz-cp-color7\">&nbsp;Obezbje\u0111ivanje&nbsp;neophodne opreme i prevodilaca za doga\u0111aj.<\/span><\/p>\n<\/div>\n<\/div>\n<\/div>\n<\/div>\n<\/div>\n<\/div>\n<\/div>\n<\/div>\n<\/div>\n<div id=\"\" class=\"brz-css-l5QIz brz-css-bnzlk brz-wrapper\">\n<div class=\"brz-spacer brz-css-vl2bh brz-css-xv74X\"><\/div>\n<\/div>\n<div id=\"\" class=\"brz-css-l5QIz brz-css-bnzlk brz-wrapper\">\n<div class=\"brz-spacer brz-css-vl2bh brz-css-fSpsn\"><\/div>\n<\/div>\n<\/div>\n<\/div>\n<div class=\"brz-columns brz-css-qPxso brz-css-z6x0X\" data-brz-custom-id=\"gvmvBi0t93ex\">\n<div class=\"brz-bg\"><\/div>\n<div class=\"brz-column__items brz-css-gs0U6 brz-css-odMYF\">\n<div class=\"brz-row__container brz-css-od1kQ\" data-brz-custom-id=\"yFEhSSKNjE8m\">\n<div class=\"brz-bg\"><\/div>\n<div class=\"brz-row brz-row--inner brz-css-khhzZ brz-css-ibAA7\">\n<div class=\"brz-columns brz-css-qPxso brz-css-qPZDL\" data-brz-custom-id=\"vTaXl_K88KBS\">\n<div class=\"brz-bg\">\n<div class=\"brz-bg-color\"><\/div>\n<\/div>\n<div class=\"brz-column__items brz-css-gs0U6 brz-css-h_JMD\">\n<div id=\"\" class=\"brz-css-l5QIz brz-css-yugIp brz-wrapper\">\n<div class=\"brz-rich-text brz-rich-text__custom brz-css-sdS2e\" data-brz-custom-id=\"iGLoMKkbCT4S\">\n<div data-brz-translate-text=\"1\">\n<p class=\"brz-tp-xs-heading4 brz-tp-sm-heading4 brz-text-lg-left brz-tp-lg-abovetitle brz-css-abnCh\" data-generated-css=\"brz-css-z14s1\" data-uniq-id=\"n3_wK\"><span style=\"color: rgba(var(--brz-global-color3),1);\" class=\"brz-cp-color3\">USLUGE<\/span><\/p>\n<\/div>\n<\/div>\n<\/div>\n<div id=\"\" class=\"brz-css-l5QIz brz-css-bnzlk brz-wrapper\">\n<div class=\"brz-spacer brz-css-vl2bh brz-css-oU2D5\"><\/div>\n<\/div>\n<div id=\"\" class=\"brz-css-l5QIz brz-wrapper\">\n<div class=\"brz-rich-text brz-rich-text__custom brz-css-sdS2e\" data-brz-custom-id=\"nLWEzyeLFUME\">\n<div data-brz-translate-text=\"1\">\n<p class=\"brz-tp-lg-paragraph brz-css-dg_aK\" data-generated-css=\"brz-css-jy9Ei\" data-uniq-id=\"h9f20\"><a class=\"link--page brz-cp-color1\" href=\"{{placeholder content='e3ticml6eV9kY19wZXJtYWxpbmsgcG9zdF9pZD0iMzk3In19'}}\" data-brz-link-type=\"page\">IZGRADNJA BRENDA<\/a><\/p>\n<p class=\"brz-tp-lg-paragraph brz-css-pE2mZ\" data-generated-css=\"brz-css-q3tE7\" data-uniq-id=\"aSQZ3\"><a class=\"link--page brz-cp-color1\" href=\"{{placeholder content='e3ticml6eV9kY19wZXJtYWxpbmsgcG9zdF9pZD0iNDIwIn19'}}\" data-brz-link-type=\"page\">DRU\u0160TVENO ODGOVORNO POSLOVANJE <\/a><\/p>\n<p class=\"brz-tp-lg-paragraph brz-css-mTAFr\" data-generated-css=\"brz-css-hai3z\" data-uniq-id=\"rZ2yi\"><a class=\"link--page brz-cp-color1\" href=\"{{placeholder content='e3ticml6eV9kY19wZXJtYWxpbmsgcG9zdF9pZD0iNDI5In19'}}\" data-brz-link-type=\"page\">ODNOSI SA MEDIJIMA <\/a><\/p>\n<p class=\"brz-tp-lg-paragraph brz-css-k27TU\" data-generated-css=\"brz-css-aYRmg\" data-uniq-id=\"uTWDy\"><a class=\"link--page brz-cp-color1\" href=\"{{placeholder content='e3ticml6eV9kY19wZXJtYWxpbmsgcG9zdF9pZD0iNDMzIn19'}}\" data-brz-link-type=\"page\">KRIZNI PR <\/a><\/p>\n<p class=\"brz-tp-lg-paragraph brz-css-dE7mb\" data-generated-css=\"brz-css-smB21\" data-uniq-id=\"pG7rB\"><a class=\"link--page brz-cp-color1\" href=\"{{placeholder content='e3ticml6eV9kY19wZXJtYWxpbmsgcG9zdF9pZD0iNDM5In19'}}\" data-brz-link-type=\"page\">LOBIRANJE I ZAGOVARANJE <\/a><\/p>\n<p class=\"brz-tp-lg-paragraph brz-css-bkADH\" data-generated-css=\"brz-css-y7DfU\" data-uniq-id=\"lzd7c\"><a class=\"link--page brz-cp-color1\" href=\"{{placeholder content='e3ticml6eV9kY19wZXJtYWxpbmsgcG9zdF9pZD0iNDQ1In19'}}\" data-brz-link-type=\"page\">EDUKACIJA<\/a><span class=\"brz-cp-color1\"> <\/span><\/p>\n<p class=\"brz-tp-lg-paragraph brz-css-hzsTk\" data-generated-css=\"brz-css-jm5H7\" data-uniq-id=\"mps6u\"><a class=\"link--page brz-cp-color1\" href=\"{{placeholder content='e3ticml6eV9kY19wZXJtYWxpbmsgcG9zdF9pZD0iNDUwIn19'}}\" data-brz-link-type=\"page\">ORGANIZACIJA DOGA\u0110AJA <\/a><\/p>\n<p class=\"brz-tp-lg-paragraph brz-css-zw_wF\" data-generated-css=\"brz-css-dirDv\" data-uniq-id=\"ucBA0\"><a class=\"link--page brz-cp-color1\" href=\"{{placeholder content='e3ticml6eV9kY19wZXJtYWxpbmsgcG9zdF9pZD0iNDU0In19'}}\" data-brz-link-type=\"page\">POKRIVANJE DOGA\u0110AJA<\/a><\/p>\n<p class=\"brz-tp-lg-paragraph brz-css-zsB4U\" data-generated-css=\"brz-css-ir_Cf\" data-uniq-id=\"qgv26\"><a class=\"link--page brz-cp-color1\" href=\"{{placeholder content='e3ticml6eV9kY19wZXJtYWxpbmsgcG9zdF9pZD0iNDU4In19'}}\" data-brz-link-type=\"page\">UPRAVLJANJE DRU\u0160TVENIM MRE\u017dAMA <\/a><\/p>\n<p class=\"brz-tp-lg-paragraph brz-mb-xs-20 brz-css-ynyRs\" data-generated-css=\"brz-css-fUwHo\" data-uniq-id=\"bmQ9j\"><a class=\"link--page brz-cp-color1\" href=\"{{placeholder content='e3ticml6eV9kY19wZXJtYWxpbmsgcG9zdF9pZD0iNDYzIn19'}}\" data-brz-link-type=\"page\">MIX &amp; MATCH <\/a><\/p>\n<\/div>\n<\/div>\n<\/div>\n<\/div>\n<\/div>\n<\/div>\n<\/div>\n<div class=\"brz-row__container brz-css-od1kQ\" data-brz-custom-id=\"ii3DtALfskPX\">\n<div class=\"brz-bg\"><\/div>\n<div class=\"brz-row brz-row--inner brz-css-khhzZ brz-css-ibAA7\">\n<div class=\"brz-columns brz-css-qPxso brz-css-wqi1Z\" data-brz-custom-id=\"nFMyKbfy69kz\">\n<div class=\"brz-bg\">\n<div class=\"brz-bg-color\"><\/div>\n<\/div>\n<div class=\"brz-column__items brz-css-gs0U6 brz-css-eZxow\">\n<div id=\"\" class=\"brz-css-l5QIz brz-css-d6zBP brz-wrapper\">\n<div class=\"brz-rich-text brz-rich-text__custom brz-css-sdS2e\" data-brz-custom-id=\"oodD0ga3REIz\">\n<div data-brz-translate-text=\"1\">\n<p class=\"brz-tp-lg-abovetitle brz-text-lg-left brz-tp-sm-heading4 brz-tp-xs-heading4 brz-css-i8ovR\" data-uniq-id=\"uwUFT\" data-generated-css=\"brz-css-q7OU5\"><a class=\"link--page brz-cp-color3\" style=\"color: rgba(var(--brz-global-color3),1);\" href=\"{{placeholder content='e3ticml6eV9kY19wZXJtYWxpbmsgcG9zdF9pZD0iMjQwIn19'}}\" data-brz-link-type=\"page\">\u017dELITE DA SE VA\u0160 DOGA\u0110AJ PAMTI?<\/a><\/p>\n<\/div>\n<\/div>\n<\/div>\n<div id=\"\" class=\"brz-css-l5QIz brz-wrapper\">\n<div class=\"brz-rich-text brz-rich-text__custom brz-css-sdS2e\" data-brz-custom-id=\"gJDPc3cJ85NT\">\n<div data-brz-translate-text=\"1\">\n<p class=\"brz-tp-lg-paragraph brz-css-vA8Ie\" data-uniq-id=\"tdRnN\" data-generated-css=\"brz-css-dhZ5u\"><span class=\"brz-cp-color7\">\ufeffProfesionalna organizacija doga\u0111aja garantuje besprekorno iskustvo, bilo da se radi o poslovnoj konferenciji ili ekskluzivnom korporativnom okupljanju.<\/span><\/p>\n<\/div>\n<\/div>\n<\/div>\n<div class=\"brz-wrapper-clone brz-css-sGzk5\">\n<div class=\"brz-d-xs-flex brz-flex-xs-wrap brz-css-tmmKk\" data-brz-custom-id=\"\">\n<div class=\"brz-wrapper-clone__item\" id=\"zxV4ljewOD06\"><a class=\"brz-a brz-btn brz-css-osuvc brz-css-bsVRb brz-css-fuoEJ\" href=\"{{placeholder content='e3ticml6eV9kY19wZXJtYWxpbmsgcG9zdF9pZD0iMjQwIn19'}}\" target=\"_self\" rel=\"noopener\" data-brz-link-type=\"page\" data-brz-custom-id=\"zxV4ljewOD06\"><span data-brz-translate-text=\"1\" class=\"brz-span brz-text__editor\" contenteditable=\"false\">KONTAKTIRAJ NAS<\/span><\/a><\/div>\n<\/div>\n<\/div>\n<div id=\"\" class=\"brz-css-l5QIz brz-css-bnzlk brz-wrapper\">\n<div class=\"brz-spacer brz-css-vl2bh brz-css-bp_nX\"><\/div>\n<\/div>\n<\/div>\n<\/div>\n<\/div>\n<\/div>\n<\/div>\n<\/div>\n<\/div>\n<\/div>\n<\/div>\n<\/div>\n<\/section>\n<p>{{ brizy_dc_global_blocks position=&#8217;bottom&#8217; }}<\/p><\/div>\n<p>    <!-- version:1727993624 --><\/p>\n","protected":false},"excerpt":{"rendered":"<p>{{ brizy_dc_global_blocks position=&#8217;top&#8217; }} ORGANIZACIJA DOGA\u0110AJA HOME Detalji usluge ORGANIZACIJA DOGA\u0110AJA Cilj&nbsp;uspje\u0161nog&nbsp;doga\u0111aja&nbsp;je&nbsp;uvijek&nbsp;da&nbsp;ostavi&nbsp;sna\u017ean&nbsp;utisak,&nbsp;podstakne&nbsp;umre\u017eavanje,&nbsp;saradnju&nbsp;i&nbsp;razmjenu&nbsp;znanja&nbsp;\u0161to&nbsp;dugoro\u010dno&nbsp;uti\u010de&nbsp;na&nbsp;rast&nbsp;i&nbsp;uspijeh&nbsp;organizacije&nbsp;ili kompanije.&nbsp;Doga\u0111aji&nbsp;koje&nbsp;mi&nbsp;organizujemo&nbsp;su&nbsp;uvijek&nbsp;efektni&nbsp;i&nbsp;precizno osmi\u0161ljeni, u&nbsp;skladu&nbsp;sa&nbsp;ciljnom&nbsp;grupom&nbsp;za&nbsp;koju&nbsp;se&nbsp;prave. NUDIMO: Planiranje, koordinaciju i izvo\u0111enje razli\u010ditih doga\u0111aja; Brendiranje&nbsp;doga\u0111aja i njegovu PR i marketing promociju; Podr\u0161ku za pronala\u017eenje odgovaraju\u0107e lokacije i organizacija svih logisti\u010dkih detalja; Kreiranje pozivnica, programa i drugih materijala za doga\u0111aj. &nbsp;Obezbje\u0111ivanje&nbsp;neophodne opreme i prevodilaca za doga\u0111aj. USLUGE IZGRADNJA [&hellip;]<\/p>\n","protected":false},"author":1,"featured_media":0,"parent":0,"menu_order":0,"comment_status":"closed","ping_status":"closed","template":"brizy-blank-template.php","meta":{"footnotes":""},"class_list":["post-450","page","type-page","status-publish","hentry"],"_links":{"self":[{"href":"https:\/\/prconsultancy.me\/index.php\/wp-json\/wp\/v2\/pages\/450","targetHints":{"allow":["GET"]}}],"collection":[{"href":"https:\/\/prconsultancy.me\/index.php\/wp-json\/wp\/v2\/pages"}],"about":[{"href":"https:\/\/prconsultancy.me\/index.php\/wp-json\/wp\/v2\/types\/page"}],"author":[{"embeddable":true,"href":"https:\/\/prconsultancy.me\/index.php\/wp-json\/wp\/v2\/users\/1"}],"replies":[{"embeddable":true,"href":"https:\/\/prconsultancy.me\/index.php\/wp-json\/wp\/v2\/comments?post=450"}],"version-history":[{"count":12,"href":"https:\/\/prconsultancy.me\/index.php\/wp-json\/wp\/v2\/pages\/450\/revisions"}],"predecessor-version":[{"id":917,"href":"https:\/\/prconsultancy.me\/index.php\/wp-json\/wp\/v2\/pages\/450\/revisions\/917"}],"wp:attachment":[{"href":"https:\/\/prconsultancy.me\/index.php\/wp-json\/wp\/v2\/media?parent=450"}],"curies":[{"name":"wp","href":"https:\/\/api.w.org\/{rel}","templated":true}]}}