{"id":445,"date":"2024-09-22T22:32:57","date_gmt":"2024-09-22T22:32:57","guid":{"rendered":"https:\/\/prconsultancy.me\/?page_id=445"},"modified":"2024-10-02T22:54:33","modified_gmt":"2024-10-02T22:54:33","slug":"edukacija","status":"publish","type":"page","link":"https:\/\/prconsultancy.me\/index.php\/edukacija\/","title":{"rendered":"Edukacija"},"content":{"rendered":"<div class=\"brz-root__container brz-reset-all brz\">{{ brizy_dc_global_blocks position=&#8217;top&#8217; }}<\/p>\n<section id=\"{{placeholder content='e3sgcmFuZG9tX2lkIH19' key='wzM6vYXbNNHr'}}_wzM6vYXbNNHr\" class=\"brz-section brz-css-mwgxt brz-css-vUapz\">\n<div class=\"brz-section__content brz-section--fullWidth brz-css-cWNyo brz-css-gwI6o\" data-brz-custom-id=\"aFwHIu2I_Fej\">\n<div class=\"brz-bg\">\n<div class=\"brz-bg-image\"><\/div>\n<div class=\"brz-bg-color\"><\/div>\n<\/div>\n<div class=\"brz-container brz-css-sijWg brz-css-xRDuw\">\n<div class=\"brz-row__container brz-css-ra8sw\" data-brz-custom-id=\"bbeF6im5gBXx\">\n<div class=\"brz-bg\"><\/div>\n<div class=\"brz-row brz-css-vOkWG brz-css-cKYYR\">\n<div class=\"brz-columns brz-css-dYG3Y brz-css-sfPoo\" data-brz-custom-id=\"k8FJyNPwCahG\">\n<div class=\"brz-bg\"><\/div>\n<div class=\"brz-column__items brz-css-mLMHI\">\n<div id=\"\" class=\"brz-css-k1ibU brz-css-lSKZy brz-wrapper\">\n<div class=\"brz-spacer brz-css-vir8R brz-css-rwfmh\"><\/div>\n<\/div>\n<\/div>\n<\/div>\n<div class=\"brz-columns brz-css-dYG3Y brz-css-kK5f_\" data-brz-custom-id=\"gPx35DDIhXoh\">\n<div class=\"brz-bg\"><\/div>\n<div class=\"brz-column__items brz-css-mLMHI brz-css-e7fRY\">\n<div id=\"\" class=\"brz-css-k1ibU brz-css-lSKZy brz-css-ymCLE brz-wrapper\">\n<div class=\"brz-spacer brz-css-vir8R brz-css-r775g\"><\/div>\n<\/div>\n<div id=\"\" class=\"brz-css-k1ibU brz-css-tv2Fi brz-wrapper\">\n<div class=\"brz-rich-text brz-rich-text__custom brz-css-yWFrZ\" data-brz-custom-id=\"swYqRktySrI4\">\n<div data-brz-translate-text=\"1\">\n<p class=\"brz-tp-xs-heading2 brz-text-lg-center brz-tp-lg-heading2 brz-tp-sm-heading2 brz-css-qXRtE\" data-generated-css=\"brz-css-yYsZK\" data-uniq-id=\"sUOtU\"><span class=\"brz-cp-color8\">EDUKACIJA<\/span><\/p>\n<\/div>\n<\/div>\n<\/div>\n<div class=\"brz-wrapper-clone brz-css-nH3VA brz-css-qEwCw\">\n<div class=\"brz-d-xs-flex brz-flex-xs-wrap brz-css-udJQL\" data-brz-custom-id=\"\">\n<div class=\"brz-wrapper-clone__item\" id=\"kV4Amskv9Ng3\"><a class=\"brz-a brz-btn brz-css-l3qbB brz-css-it8sH brz-css-i1x2s brz-css-wR_07\" href=\"\" target=\"_self\" rel=\"noopener\" data-brz-link-type=\"external\" data-brz-custom-id=\"kV4Amskv9Ng3\"><svg class=\"brz-icon-svg align-[initial] brz-css-dZ1Le\"><use href=\"\/wp-content\/plugins\/brizy\/public\/editor-build\/prod\/editor\/icons\/outline\/tail-right.svg#nc_icon\"><\/use><\/svg><span data-brz-translate-text=\"1\" class=\"brz-span brz-text__editor\" contenteditable=\"false\">HOME<\/span><\/a><\/div>\n<div class=\"brz-wrapper-clone__item\" id=\"gThXKi_178Yb\"><a class=\"brz-a brz-btn brz-css-l3qbB brz-css-bARCQ brz-css-i1x2s brz-css-fOqV5\" href=\"\" target=\"_self\" rel=\"noopener\" data-brz-link-type=\"external\" data-brz-custom-id=\"gThXKi_178Yb\"><span data-brz-translate-text=\"1\" class=\"brz-span brz-text__editor\" contenteditable=\"false\">Detalji usluge<\/span><\/a><\/div>\n<\/div>\n<\/div>\n<\/div>\n<\/div>\n<div class=\"brz-columns brz-css-dYG3Y brz-css-pY9GR\" data-brz-custom-id=\"wpVNZ5aWYLDr\">\n<div class=\"brz-bg\"><\/div>\n<div class=\"brz-column__items brz-css-mLMHI brz-css-dVPPE\"><\/div>\n<\/div>\n<\/div>\n<\/div>\n<\/div>\n<\/div>\n<\/section>\n<section id=\"{{placeholder content='e3sgcmFuZG9tX2lkIH19' key='lO9BtrbSuZ2j'}}_lO9BtrbSuZ2j\" class=\"brz-section brz-css-mwgxt\">\n<div class=\"brz-section__content brz-section--boxed brz-css-cWNyo brz-css-j8MoB\" data-brz-custom-id=\"n8QVYERItG3n\">\n<div class=\"brz-container brz-css-sijWg\">\n<div class=\"brz-row__container brz-css-ra8sw\" data-brz-custom-id=\"wa17VIsMZfSt\">\n<div class=\"brz-bg\"><\/div>\n<div class=\"brz-row brz-css-vOkWG brz-css-cKYYR\">\n<div class=\"brz-columns brz-css-dYG3Y brz-css-zXvn7\" data-brz-custom-id=\"h7xWllvyIEnX\">\n<div class=\"brz-bg\"><\/div>\n<div class=\"brz-column__items brz-css-mLMHI brz-css-d78Ln\">\n<div id=\"\" class=\"brz-css-k1ibU brz-css-rnyav brz-wrapper\">\n<div class=\"brz-image brz-css-iDedx brz-css-g4Iy_\" data-brz-custom-id=\"wD6VO2FzSwKw\"><picture class=\"brz-picture brz-d-block brz-p-relative brz-css-ckTCF\"><source srcset=\"https:\/\/prconsultancy.me\/?brizy_media=wp-2a536917d2cf2438bf304468359810cf.jpg&amp;brizy_crop=iW%3D772%26iH%3D516%26oX%3D0%26oY%3D32%26cW%3D772%26cH%3D453 1x, https:\/\/prconsultancy.me\/?brizy_media=wp-2a536917d2cf2438bf304468359810cf.jpg&amp;brizy_crop=iW%3D1544%26iH%3D1032%26oX%3D0%26oY%3D64%26cW%3D1544%26cH%3D906 2x\" media=\"(min-width: 992px)\"><source srcset=\"https:\/\/prconsultancy.me\/?brizy_media=wp-2a536917d2cf2438bf304468359810cf.jpg&amp;brizy_crop=iW%3D507%26iH%3D338%26oX%3D0%26oY%3D21%26cW%3D507%26cH%3D297 1x, https:\/\/prconsultancy.me\/?brizy_media=wp-2a536917d2cf2438bf304468359810cf.jpg&amp;brizy_crop=iW%3D1014%26iH%3D676%26oX%3D0%26oY%3D42%26cW%3D1014%26cH%3D594 2x\" media=\"(min-width: 768px)\"><img decoding=\"async\" class=\"brz-img\" srcset=\"https:\/\/prconsultancy.me\/?brizy_media=wp-2a536917d2cf2438bf304468359810cf.jpg&amp;brizy_crop=iW%3D430%26iH%3D287%26oX%3D0%26oY%3D18%26cW%3D430%26cH%3D252 1x, https:\/\/prconsultancy.me\/?brizy_media=wp-2a536917d2cf2438bf304468359810cf.jpg&amp;brizy_crop=iW%3D860%26iH%3D574%26oX%3D0%26oY%3D36%26cW%3D860%26cH%3D504 2x\" src=\"https:\/\/prconsultancy.me\/?brizy_media=wp-2a536917d2cf2438bf304468359810cf.jpg&amp;brizy_crop=iW%3D772%26iH%3D516%26oX%3D0%26oY%3D32%26cW%3D772%26cH%3D453\" alt=\"{{placeholder content='e3sgYnJpenlfZGNfaW1hZ2VfYWx0IH19' imageSrc='wp-2a536917d2cf2438bf304468359810cf.jpg'}}\" draggable=\"false\" loading=\"lazy\"><\/picture><\/div>\n<\/div>\n<div id=\"\" class=\"brz-css-k1ibU brz-css-lSKZy brz-wrapper\">\n<div class=\"brz-spacer brz-css-vir8R brz-css-g0BWx\"><\/div>\n<\/div>\n<div id=\"\" class=\"brz-css-k1ibU brz-css-jIUft brz-wrapper\">\n<div class=\"brz-rich-text brz-rich-text__custom brz-css-yWFrZ\" data-brz-custom-id=\"oquZl65fk1eV\">\n<div data-brz-translate-text=\"1\">\n<p class=\"brz-text-lg-left brz-tp-lg-heading3 brz-tp-sm-heading3 brz-tp-xs-heading3 brz-css-yazH8\" data-generated-css=\"brz-css-qiJn7\" data-uniq-id=\"zDbYS\">EDUKACIJA<\/p>\n<\/div>\n<\/div>\n<\/div>\n<div id=\"\" class=\"brz-css-k1ibU brz-css-lSKZy brz-wrapper\">\n<div class=\"brz-spacer brz-css-vir8R brz-css-rqTXR\"><\/div>\n<\/div>\n<div id=\"\" class=\"brz-css-k1ibU brz-css-wx8pR brz-wrapper\">\n<div class=\"brz-rich-text brz-rich-text__custom brz-css-yWFrZ\" data-brz-custom-id=\"mi56fze0Z1ri\">\n<div data-brz-translate-text=\"1\">\n<p class=\"brz-tp-lg-paragraph brz-tp-xs-paragraph brz-tp-sm-paragraph brz-text-lg-left brz-css-z1_hr\" data-uniq-id=\"nkzdz\" data-generated-css=\"brz-css-dwBqv\"><span class=\"brz-cp-color7\">Sticanje i nadogradnja znanja i vje\u0161tina iz oblasti komunikacija unapre\u0111uje sposobnost u efikasnom preno\u0161enju poruka, \u0161to doprinosi boljoj eksternoj i internoj komunikaciji, ali i pobolj\u0161avanju odnosa sa klijentima, partnerima i javno\u0161\u0107u.&nbsp;Tako\u0111e, obuke iz komunikacije poma\u017eu u upravljanju kriznim situacijama, izgradnji pozitivnog imid\u017ea i stvaraju ve\u0107u otpornost na sve izazove tr\u017ei\u0161ta.<\/span><\/p>\n<\/div>\n<\/div>\n<\/div>\n<div id=\"\" class=\"brz-css-k1ibU brz-css-lSKZy brz-wrapper\">\n<div class=\"brz-spacer brz-css-vir8R brz-css-mGjs1\"><\/div>\n<\/div>\n<div class=\"brz-row__container brz-css-ra8sw\" data-brz-custom-id=\"lKToi5JnjSCe\">\n<div class=\"brz-bg\"><\/div>\n<div class=\"brz-row brz-row--inner brz-css-vOkWG brz-css-cKYYR\">\n<div class=\"brz-columns brz-css-dYG3Y brz-css-qJOoa\" data-brz-custom-id=\"zkys_1Qnpfx8\">\n<div class=\"brz-bg\"><\/div>\n<div class=\"brz-column__items brz-css-mLMHI brz-css-wf7tc\">\n<div id=\"\" class=\"brz-css-k1ibU brz-css-aVLZo brz-wrapper\">\n<div class=\"brz-image brz-css-lKo9T brz-css-x5uoL\" data-brz-custom-id=\"k0QXI2lIAmGe\"><picture class=\"brz-picture brz-d-block brz-p-relative brz-css-uXTn2\"><source srcset=\"https:\/\/prconsultancy.me\/?brizy_media=wp-5104677e64018540eaaa007fcb3172e6.jpg&amp;brizy_crop=iW%3D368%26iH%3D657%26oX%3D0%26oY%3D81%26cW%3D368%26cH%3D351 1x, https:\/\/prconsultancy.me\/?brizy_media=wp-5104677e64018540eaaa007fcb3172e6.jpg&amp;brizy_crop=iW%3D736%26iH%3D1314%26oX%3D0%26oY%3D162%26cW%3D736%26cH%3D702 2x\" media=\"(min-width: 992px)\"><source srcset=\"https:\/\/prconsultancy.me\/?brizy_media=wp-5104677e64018540eaaa007fcb3172e6.jpg&amp;brizy_crop=iW%3D529%26iH%3D943%26oX%3D216%26oY%3D0%26cW%3D223%26cH%3D943 1x, https:\/\/prconsultancy.me\/?brizy_media=wp-5104677e64018540eaaa007fcb3172e6.jpg&amp;brizy_crop=iW%3D1058%26iH%3D1886%26oX%3D432%26oY%3D0%26cW%3D446%26cH%3D1886 2x\" media=\"(min-width: 768px)\"><img decoding=\"async\" class=\"brz-img\" srcset=\"https:\/\/prconsultancy.me\/?brizy_media=wp-5104677e64018540eaaa007fcb3172e6.jpg&amp;brizy_crop=iW%3D430%26iH%3D767%26oX%3D0%26oY%3D0%26cW%3D430%26cH%3D767 1x, https:\/\/prconsultancy.me\/?brizy_media=wp-5104677e64018540eaaa007fcb3172e6.jpg&amp;brizy_crop=iW%3D860%26iH%3D1534%26oX%3D0%26oY%3D0%26cW%3D860%26cH%3D1534 2x\" src=\"https:\/\/prconsultancy.me\/?brizy_media=wp-5104677e64018540eaaa007fcb3172e6.jpg&amp;brizy_crop=iW%3D368%26iH%3D657%26oX%3D0%26oY%3D81%26cW%3D368%26cH%3D351\" alt=\"{{placeholder content='e3sgYnJpenlfZGNfaW1hZ2VfYWx0IH19' imageSrc='wp-5104677e64018540eaaa007fcb3172e6.jpg'}}\" draggable=\"false\" loading=\"lazy\"><\/picture><\/div>\n<\/div>\n<\/div>\n<\/div>\n<div class=\"brz-columns brz-css-dYG3Y brz-css-ecSPQ\" data-brz-custom-id=\"kLbVZ2IUBrrj\">\n<div class=\"brz-bg\"><\/div>\n<div class=\"brz-column__items brz-css-mLMHI brz-css-sXynm\">\n<div id=\"\" class=\"brz-css-k1ibU brz-css-vI8v_ brz-wrapper\">\n<div class=\"brz-rich-text brz-rich-text__custom brz-css-yWFrZ\" data-brz-custom-id=\"mo_TGm4ZGUvB\">\n<div data-brz-translate-text=\"1\">\n<p class=\"brz-tp-xs-heading4 brz-tp-sm-heading4 brz-tp-lg-heading4 brz-text-lg-left brz-css-gPBTP\" data-uniq-id=\"wtSzd\" data-generated-css=\"brz-css-qrrjb\"><span class=\"brz-cp-color2\">NUDIMO:<\/span><\/p>\n<\/div>\n<\/div>\n<\/div>\n<div id=\"\" class=\"brz-css-k1ibU brz-css-lSKZy brz-wrapper\">\n<div class=\"brz-spacer brz-css-vir8R brz-css-lyEJq\"><\/div>\n<\/div>\n<div id=\"\" class=\"brz-css-k1ibU brz-css-lPEnV brz-wrapper\">\n<div class=\"brz-icon-text brz-css-y5Bi4 brz-css-zhUbb\" data-brz-custom-id=\"iVZGWJfBmVRw\">\n<div class=\"brz-icon__container\" data-brz-custom-id=\"ltOlj3QJldb8\"><span class=\"brz-icon brz-span brz-css-lG2ys brz-css-sO8bD\"><svg class=\"brz-icon-svg align-[initial]\"><use href=\"\/wp-content\/plugins\/brizy\/public\/editor-build\/prod\/editor\/icons\/glyph\/check-2.svg#nc_icon\"><\/use><\/svg><\/span><\/div>\n<div class=\"brz-text-btn\">\n<div class=\"brz-rich-text brz-rich-text__custom brz-css-yWFrZ\" data-brz-custom-id=\"yWhHDhYIqZwv\">\n<div data-brz-translate-text=\"1\">\n<p class=\"brz-tp-lg-paragraph brz-tp-xs-paragraph brz-tp-sm-paragraph brz-css-wXKrj\" data-uniq-id=\"lRI_S\" data-generated-css=\"brz-css-jQ0nc\"><span class=\"brz-cp-color7\">Organizaciju&nbsp;radionica,&nbsp;treninga&nbsp;i&nbsp;obuka&nbsp;za&nbsp;unapre\u0111enje&nbsp;<\/span><\/p>\n<p class=\"brz-tp-lg-paragraph brz-tp-xs-paragraph brz-tp-sm-paragraph brz-css-hNqGx\" data-uniq-id=\"lRI_S\" data-generated-css=\"brz-css-jQ0nc\"><span class=\"brz-cp-color7\">komunikacionih&nbsp;vje\u0161tina u&nbsp;skladu&nbsp;sa&nbsp;potrebama&nbsp;klijenta.&nbsp;<\/span><\/p>\n<\/div>\n<\/div>\n<\/div>\n<\/div>\n<\/div>\n<\/div>\n<\/div>\n<\/div>\n<\/div>\n<div id=\"\" class=\"brz-css-k1ibU brz-css-lSKZy brz-wrapper\">\n<div class=\"brz-spacer brz-css-vir8R brz-css-ib5wi\"><\/div>\n<\/div>\n<div id=\"\" class=\"brz-css-k1ibU brz-css-lSKZy brz-wrapper\">\n<div class=\"brz-spacer brz-css-vir8R brz-css-guQn9\"><\/div>\n<\/div>\n<\/div>\n<\/div>\n<div class=\"brz-columns brz-css-dYG3Y brz-css-zjo3l\" data-brz-custom-id=\"aSth51CwQhwL\">\n<div class=\"brz-bg\"><\/div>\n<div class=\"brz-column__items brz-css-mLMHI brz-css-fi5pY\">\n<div class=\"brz-row__container brz-css-ra8sw\" data-brz-custom-id=\"xYB7swrTKIll\">\n<div class=\"brz-bg\"><\/div>\n<div class=\"brz-row brz-row--inner brz-css-vOkWG brz-css-cKYYR\">\n<div class=\"brz-columns brz-css-dYG3Y brz-css-qZu9I\" data-brz-custom-id=\"sOo_hktj4oKb\">\n<div class=\"brz-bg\">\n<div class=\"brz-bg-color\"><\/div>\n<\/div>\n<div class=\"brz-column__items brz-css-mLMHI brz-css-cDVoZ\">\n<div id=\"\" class=\"brz-css-k1ibU brz-css-hdfXM brz-wrapper\">\n<div class=\"brz-rich-text brz-rich-text__custom brz-css-yWFrZ\" data-brz-custom-id=\"oGJacrjEwYJt\">\n<div data-brz-translate-text=\"1\">\n<p class=\"brz-tp-xs-heading4 brz-tp-sm-heading4 brz-text-lg-left brz-tp-lg-abovetitle brz-css-n0gt8\" data-generated-css=\"brz-css-z14s1\" data-uniq-id=\"n3_wK\"><span style=\"color: rgba(var(--brz-global-color3),1);\" class=\"brz-cp-color3\">USLUGE<\/span><\/p>\n<\/div>\n<\/div>\n<\/div>\n<div id=\"\" class=\"brz-css-k1ibU brz-css-lSKZy brz-wrapper\">\n<div class=\"brz-spacer brz-css-vir8R brz-css-u2EyJ\"><\/div>\n<\/div>\n<div id=\"\" class=\"brz-css-k1ibU brz-wrapper\">\n<div class=\"brz-rich-text brz-rich-text__custom brz-css-yWFrZ\" data-brz-custom-id=\"wtY5TgPpc4JB\">\n<div data-brz-translate-text=\"1\">\n<p class=\"brz-tp-lg-paragraph brz-css-bRiRR\" data-generated-css=\"brz-css-vmTDi\" data-uniq-id=\"r42Fw\"><a class=\"link--page brz-cp-color1\" href=\"{{placeholder content='e3ticml6eV9kY19wZXJtYWxpbmsgcG9zdF9pZD0iMzk3In19'}}\" data-brz-link-type=\"page\">IZGRADNJA BRENDA<\/a><\/p>\n<p class=\"brz-tp-lg-paragraph brz-css-x3bYY\" data-generated-css=\"brz-css-pG4HN\" data-uniq-id=\"i8RFu\"><a class=\"link--page brz-cp-color1\" href=\"{{placeholder content='e3ticml6eV9kY19wZXJtYWxpbmsgcG9zdF9pZD0iNDIwIn19'}}\" data-brz-link-type=\"page\">DRU\u0160TVENO ODGOVORNO POSLOVANJE <\/a><\/p>\n<p class=\"brz-tp-lg-paragraph brz-css-qi3_q\" data-generated-css=\"brz-css-t_2XY\" data-uniq-id=\"yhkZs\"><a class=\"link--page brz-cp-color1\" href=\"{{placeholder content='e3ticml6eV9kY19wZXJtYWxpbmsgcG9zdF9pZD0iNDI5In19'}}\" data-brz-link-type=\"page\">ODNOSI SA MEDIJIMA <\/a><\/p>\n<p class=\"brz-tp-lg-paragraph brz-css-fF7o1\" data-generated-css=\"brz-css-v_32v\" data-uniq-id=\"hd1XC\"><a class=\"link--page brz-cp-color1\" href=\"{{placeholder content='e3ticml6eV9kY19wZXJtYWxpbmsgcG9zdF9pZD0iNDMzIn19'}}\" data-brz-link-type=\"page\">KRIZNI PR <\/a><\/p>\n<p class=\"brz-tp-lg-paragraph brz-css-yV_5N\" data-generated-css=\"brz-css-kHqFM\" data-uniq-id=\"u8zsC\"><a class=\"link--page brz-cp-color1\" href=\"{{placeholder content='e3ticml6eV9kY19wZXJtYWxpbmsgcG9zdF9pZD0iNDM5In19'}}\" data-brz-link-type=\"page\">LOBIRANJE I ZAGOVARANJE <\/a><\/p>\n<p class=\"brz-tp-lg-paragraph brz-css-sdyE9\" data-generated-css=\"brz-css-fCIZo\" data-uniq-id=\"sWrdV\"><a class=\"link--page brz-cp-color1\" href=\"{{placeholder content='e3ticml6eV9kY19wZXJtYWxpbmsgcG9zdF9pZD0iNDQ1In19'}}\" data-brz-link-type=\"page\">EDUKACIJA<\/a><span class=\"brz-cp-color1\"> <\/span><\/p>\n<p class=\"brz-tp-lg-paragraph brz-css-jOhW2\" data-generated-css=\"brz-css-p1SsK\" data-uniq-id=\"wWODi\"><a class=\"link--page brz-cp-color1\" href=\"{{placeholder content='e3ticml6eV9kY19wZXJtYWxpbmsgcG9zdF9pZD0iNDUwIn19'}}\" data-brz-link-type=\"page\">ORGANIZACIJA DOGA\u0110AJA <\/a><\/p>\n<p class=\"brz-tp-lg-paragraph brz-css-wX1XF\" data-generated-css=\"brz-css-vldFN\" data-uniq-id=\"gs5_Q\"><a class=\"link--page brz-cp-color1\" href=\"{{placeholder content='e3ticml6eV9kY19wZXJtYWxpbmsgcG9zdF9pZD0iNDU0In19'}}\" data-brz-link-type=\"page\">POKRIVANJE DOGA\u0110AJA<\/a><\/p>\n<p class=\"brz-tp-lg-paragraph brz-css-g3g7f\" data-generated-css=\"brz-css-sIPbI\" data-uniq-id=\"u8Pfa\"><a class=\"link--page brz-cp-color1\" href=\"{{placeholder content='e3ticml6eV9kY19wZXJtYWxpbmsgcG9zdF9pZD0iNDU4In19'}}\" data-brz-link-type=\"page\">UPRAVLJANJE DRU\u0160TVENIM MRE\u017dAMA <\/a><\/p>\n<p class=\"brz-tp-lg-paragraph brz-mb-xs-20 brz-css-r4JVx\" data-generated-css=\"brz-css-xcq1y\" data-uniq-id=\"yScy0\"><a class=\"link--page brz-cp-color1\" href=\"{{placeholder content='e3ticml6eV9kY19wZXJtYWxpbmsgcG9zdF9pZD0iNDYzIn19'}}\" data-brz-link-type=\"page\">MIX &amp; MATCH <\/a><\/p>\n<\/div>\n<\/div>\n<\/div>\n<\/div>\n<\/div>\n<\/div>\n<\/div>\n<div class=\"brz-row__container brz-css-ra8sw\" data-brz-custom-id=\"te02YRZExGsW\">\n<div class=\"brz-bg\"><\/div>\n<div class=\"brz-row brz-row--inner brz-css-vOkWG brz-css-cKYYR\">\n<div class=\"brz-columns brz-css-dYG3Y brz-css-p5nnL\" data-brz-custom-id=\"hXekGBpRSEcD\">\n<div class=\"brz-bg\">\n<div class=\"brz-bg-color\"><\/div>\n<\/div>\n<div class=\"brz-column__items brz-css-mLMHI brz-css-jPYDe\">\n<div id=\"\" class=\"brz-css-k1ibU brz-css-mqf1i brz-wrapper\">\n<div class=\"brz-rich-text brz-rich-text__custom brz-css-yWFrZ\" data-brz-custom-id=\"a_jaM5yymdxI\">\n<div data-brz-translate-text=\"1\">\n<p class=\"brz-tp-lg-abovetitle brz-text-lg-left brz-tp-sm-heading4 brz-tp-xs-heading4 brz-css-bIrCr\" data-uniq-id=\"t3O9z\" data-generated-css=\"brz-css-nZ0CI\"><a class=\"link--page brz-cp-color3\" style=\"color: rgba(var(--brz-global-color3),1);\" href=\"{{placeholder content='e3ticml6eV9kY19wZXJtYWxpbmsgcG9zdF9pZD0iMjQwIn19'}}\" data-brz-link-type=\"page\">\u017dELITE BOLJE VJE\u0160TINE IZ OBLASTI KOMUNIKACIJA?<\/a><\/p>\n<\/div>\n<\/div>\n<\/div>\n<div id=\"\" class=\"brz-css-k1ibU brz-wrapper\">\n<div class=\"brz-rich-text brz-rich-text__custom brz-css-yWFrZ\" data-brz-custom-id=\"qtbJV2L1Iw3t\">\n<div data-brz-translate-text=\"1\">\n<p class=\"brz-tp-lg-paragraph brz-css-m6yaE\" data-uniq-id=\"oWJnY\" data-generated-css=\"brz-css-hwnBy\"><span class=\"brz-cp-color7\">Produbite svoje znanje i nau\u010dite da ono \u0161to komunicirate bude jasno i efektno.<\/span><\/p>\n<\/div>\n<\/div>\n<\/div>\n<div class=\"brz-wrapper-clone brz-css-nH3VA\">\n<div class=\"brz-d-xs-flex brz-flex-xs-wrap brz-css-udJQL\" data-brz-custom-id=\"\">\n<div class=\"brz-wrapper-clone__item\" id=\"c39Bb1ZdI4ro\"><a class=\"brz-a brz-btn brz-css-l3qbB brz-css-i1x2s brz-css-w031Y\" href=\"{{placeholder content='e3ticml6eV9kY19wZXJtYWxpbmsgcG9zdF9pZD0iMjQwIn19'}}\" target=\"_self\" rel=\"noopener\" data-brz-link-type=\"page\" data-brz-custom-id=\"c39Bb1ZdI4ro\"><span data-brz-translate-text=\"1\" class=\"brz-span brz-text__editor\" contenteditable=\"false\">KONTAKTIRAJ NAS<\/span><\/a><\/div>\n<\/div>\n<\/div>\n<div id=\"\" class=\"brz-css-k1ibU brz-css-lSKZy brz-wrapper\">\n<div class=\"brz-spacer brz-css-vir8R brz-css-lBqYk\"><\/div>\n<\/div>\n<\/div>\n<\/div>\n<\/div>\n<\/div>\n<\/div>\n<\/div>\n<\/div>\n<\/div>\n<\/div>\n<\/div>\n<\/section>\n<p>{{ brizy_dc_global_blocks position=&#8217;bottom&#8217; }}<\/p><\/div>\n<p>    <!-- version:1727909673 --><\/p>\n","protected":false},"excerpt":{"rendered":"<p>{{ brizy_dc_global_blocks position=&#8217;top&#8217; }} EDUKACIJA HOME Detalji usluge EDUKACIJA Sticanje i nadogradnja znanja i vje\u0161tina iz oblasti komunikacija unapre\u0111uje sposobnost u efikasnom preno\u0161enju poruka, \u0161to doprinosi boljoj eksternoj i internoj komunikaciji, ali i pobolj\u0161avanju odnosa sa klijentima, partnerima i javno\u0161\u0107u.&nbsp;Tako\u0111e, obuke iz komunikacije poma\u017eu u upravljanju kriznim situacijama, izgradnji pozitivnog imid\u017ea i stvaraju ve\u0107u otpornost [&hellip;]<\/p>\n","protected":false},"author":1,"featured_media":0,"parent":0,"menu_order":0,"comment_status":"closed","ping_status":"closed","template":"brizy-blank-template.php","meta":{"footnotes":""},"class_list":["post-445","page","type-page","status-publish","hentry"],"_links":{"self":[{"href":"https:\/\/prconsultancy.me\/index.php\/wp-json\/wp\/v2\/pages\/445","targetHints":{"allow":["GET"]}}],"collection":[{"href":"https:\/\/prconsultancy.me\/index.php\/wp-json\/wp\/v2\/pages"}],"about":[{"href":"https:\/\/prconsultancy.me\/index.php\/wp-json\/wp\/v2\/types\/page"}],"author":[{"embeddable":true,"href":"https:\/\/prconsultancy.me\/index.php\/wp-json\/wp\/v2\/users\/1"}],"replies":[{"embeddable":true,"href":"https:\/\/prconsultancy.me\/index.php\/wp-json\/wp\/v2\/comments?post=445"}],"version-history":[{"count":12,"href":"https:\/\/prconsultancy.me\/index.php\/wp-json\/wp\/v2\/pages\/445\/revisions"}],"predecessor-version":[{"id":814,"href":"https:\/\/prconsultancy.me\/index.php\/wp-json\/wp\/v2\/pages\/445\/revisions\/814"}],"wp:attachment":[{"href":"https:\/\/prconsultancy.me\/index.php\/wp-json\/wp\/v2\/media?parent=445"}],"curies":[{"name":"wp","href":"https:\/\/api.w.org\/{rel}","templated":true}]}}