{"id":439,"date":"2024-09-22T22:32:26","date_gmt":"2024-09-22T22:32:26","guid":{"rendered":"https:\/\/prconsultancy.me\/?page_id=439"},"modified":"2024-10-03T22:13:17","modified_gmt":"2024-10-03T22:13:17","slug":"lobiranje-i-zagovaranje","status":"publish","type":"page","link":"https:\/\/prconsultancy.me\/index.php\/lobiranje-i-zagovaranje\/","title":{"rendered":"Lobiranje i zagovaranje"},"content":{"rendered":"<div class=\"brz-root__container brz-reset-all brz\">{{ brizy_dc_global_blocks position=&#8217;top&#8217; }}<\/p>\n<section id=\"{{placeholder content='e3sgcmFuZG9tX2lkIH19' key='bjw8gJKDZKnT'}}_bjw8gJKDZKnT\" class=\"brz-section brz-css-zURZQ brz-css-u5k_K\">\n<div class=\"brz-section__content brz-section--fullWidth brz-css-sS531 brz-css-xupkR\" data-brz-custom-id=\"iu2ofdTuG8Wq\">\n<div class=\"brz-bg\">\n<div class=\"brz-bg-image\"><\/div>\n<div class=\"brz-bg-color\"><\/div>\n<\/div>\n<div class=\"brz-container brz-css-kWdXM brz-css-zUa2Y\">\n<div class=\"brz-row__container brz-css-veDfT\" data-brz-custom-id=\"okQaC6zM9Xa7\">\n<div class=\"brz-bg\"><\/div>\n<div class=\"brz-row brz-css-a8vGF brz-css-fA2fp\">\n<div class=\"brz-columns brz-css-ptq9F brz-css-z5a4f\" data-brz-custom-id=\"q0F3Yp4MMQZT\">\n<div class=\"brz-bg\"><\/div>\n<div class=\"brz-column__items brz-css-a4b2f\">\n<div id=\"\" class=\"brz-css-k1h5J brz-css-seDF1 brz-wrapper\">\n<div class=\"brz-spacer brz-css-diWFq brz-css-fLY7o\"><\/div>\n<\/div>\n<\/div>\n<\/div>\n<div class=\"brz-columns brz-css-ptq9F brz-css-lagj_\" data-brz-custom-id=\"rIIiufv5NsGr\">\n<div class=\"brz-bg\"><\/div>\n<div class=\"brz-column__items brz-css-a4b2f brz-css-cei47\">\n<div id=\"\" class=\"brz-css-k1h5J brz-css-seDF1 brz-css-uT1qD brz-wrapper\">\n<div class=\"brz-spacer brz-css-diWFq brz-css-b7a2I\"><\/div>\n<\/div>\n<div id=\"\" class=\"brz-css-k1h5J brz-css-mqiVL brz-wrapper\">\n<div class=\"brz-rich-text brz-rich-text__custom brz-css-uLBGf\" data-brz-custom-id=\"gU2vSn8oqXYX\">\n<div data-brz-translate-text=\"1\">\n<p class=\"brz-tp-xs-heading2 brz-text-lg-center brz-tp-lg-heading2 brz-tp-sm-heading2 brz-css-axWRh\" data-generated-css=\"brz-css-bUjve\" data-uniq-id=\"dtGOs\"><span class=\"brz-cp-color8\">LOBIRANJE I ZAGOVARANJE<\/span><\/p>\n<\/div>\n<\/div>\n<\/div>\n<div class=\"brz-wrapper-clone brz-css-rjwRt brz-css-dUo4p\">\n<div class=\"brz-d-xs-flex brz-flex-xs-wrap brz-css-aWaTo\" data-brz-custom-id=\"\">\n<div class=\"brz-wrapper-clone__item\" id=\"hpXl_CnnTYBw\"><a class=\"brz-a brz-btn brz-css-oHzxT brz-css-fWdCn brz-css-xDJc5 brz-css-sWuUx\" href=\"\" target=\"_self\" rel=\"noopener\" data-brz-link-type=\"external\" data-brz-custom-id=\"hpXl_CnnTYBw\"><svg class=\"brz-icon-svg align-[initial] brz-css-yntJs\"><use href=\"\/wp-content\/plugins\/brizy\/public\/editor-build\/prod\/editor\/icons\/outline\/tail-right.svg#nc_icon\"><\/use><\/svg><span data-brz-translate-text=\"1\" class=\"brz-span brz-text__editor\" contenteditable=\"false\">HOME<\/span><\/a><\/div>\n<div class=\"brz-wrapper-clone__item\" id=\"wsCHPQbtdxEC\"><a class=\"brz-a brz-btn brz-css-oHzxT brz-css-i4fp3 brz-css-xDJc5 brz-css-vImh8\" href=\"\" target=\"_self\" rel=\"noopener\" data-brz-link-type=\"external\" data-brz-custom-id=\"wsCHPQbtdxEC\"><span data-brz-translate-text=\"1\" class=\"brz-span brz-text__editor\" contenteditable=\"false\">Detalji usluge<\/span><\/a><\/div>\n<\/div>\n<\/div>\n<\/div>\n<\/div>\n<div class=\"brz-columns brz-css-ptq9F brz-css-aU7hj\" data-brz-custom-id=\"pHgCvZNIea2I\">\n<div class=\"brz-bg\"><\/div>\n<div class=\"brz-column__items brz-css-a4b2f brz-css-xTHzL\">\n<div id=\"\" class=\"brz-css-k1h5J brz-css-jiTxB brz-wrapper\">\n<div class=\"brz-image brz-css-wPjxh\" data-brz-custom-id=\"jAj7vN_jDyjj\"><picture class=\"brz-picture brz-d-block brz-p-relative brz-css-jsDU6\"><source srcset=\"https:\/\/prconsultancy.me\/?brizy_media=wp-a78aebaa9128bed1fc4b7c2e1b282d4a.png&amp;brizy_crop=iW%3D435%26iH%3D527%26oX%3D182%26oY%3D0%26cW%3D252%26cH%3D527 1x, https:\/\/prconsultancy.me\/?brizy_media=wp-a78aebaa9128bed1fc4b7c2e1b282d4a.png&amp;brizy_crop=iW%3D870%26iH%3D1054%26oX%3D364%26oY%3D0%26cW%3D504%26cH%3D1054 2x\" media=\"(min-width: 992px)\"><source srcset=\"https:\/\/prconsultancy.me\/?brizy_media=wp-a78aebaa9128bed1fc4b7c2e1b282d4a.png&amp;brizy_crop=iW%3D187%26iH%3D227%26oX%3D35%26oY%3D0%26cW%3D152%26cH%3D227 1x, https:\/\/prconsultancy.me\/?brizy_media=wp-a78aebaa9128bed1fc4b7c2e1b282d4a.png&amp;brizy_crop=iW%3D374%26iH%3D454%26oX%3D70%26oY%3D0%26cW%3D304%26cH%3D454 2x\" media=\"(min-width: 768px)\"><img decoding=\"async\" class=\"brz-img\" srcset=\"https:\/\/prconsultancy.me\/?brizy_media=wp-a78aebaa9128bed1fc4b7c2e1b282d4a.png&amp;brizy_crop=iW%3D541%26iH%3D656%26oX%3D227%26oY%3D0%26cW%3D314%26cH%3D656 1x, https:\/\/prconsultancy.me\/?brizy_media=wp-a78aebaa9128bed1fc4b7c2e1b282d4a.png&amp;brizy_crop=iW%3D1082%26iH%3D1312%26oX%3D454%26oY%3D0%26cW%3D628%26cH%3D1312 2x\" src=\"https:\/\/prconsultancy.me\/?brizy_media=wp-a78aebaa9128bed1fc4b7c2e1b282d4a.png&amp;brizy_crop=iW%3D435%26iH%3D527%26oX%3D182%26oY%3D0%26cW%3D252%26cH%3D527\" alt=\"{{placeholder content='e3sgYnJpenlfZGNfaW1hZ2VfYWx0IH19' imageSrc='wp-a78aebaa9128bed1fc4b7c2e1b282d4a.png'}}\" draggable=\"false\" loading=\"lazy\"><\/picture><\/div>\n<\/div>\n<\/div>\n<\/div>\n<\/div>\n<\/div>\n<\/div>\n<\/div>\n<\/section>\n<section id=\"{{placeholder content='e3sgcmFuZG9tX2lkIH19' key='jhsbVZFaFvqF'}}_jhsbVZFaFvqF\" class=\"brz-section brz-css-zURZQ\">\n<div class=\"brz-section__content brz-section--boxed brz-css-sS531 brz-css-mWOZO\" data-brz-custom-id=\"u9pba2bmDB3j\">\n<div class=\"brz-container brz-css-kWdXM\">\n<div class=\"brz-row__container brz-css-veDfT\" data-brz-custom-id=\"nP7vI0AuQvT2\">\n<div class=\"brz-bg\"><\/div>\n<div class=\"brz-row brz-css-a8vGF brz-css-fA2fp\">\n<div class=\"brz-columns brz-css-ptq9F brz-css-ojpvo\" data-brz-custom-id=\"krtOFm_WpAUk\">\n<div class=\"brz-bg\"><\/div>\n<div class=\"brz-column__items brz-css-a4b2f brz-css-mZ1P3\">\n<div id=\"\" class=\"brz-css-k1h5J brz-css-wy8IE brz-wrapper\">\n<div class=\"brz-image brz-css-mA82y brz-css-j4P9y\" data-brz-custom-id=\"x0W6Je6vrxSl\"><picture class=\"brz-picture brz-d-block brz-p-relative brz-css-zW2T4\"><source srcset=\"https:\/\/prconsultancy.me\/?brizy_media=wp-58c3011b07756a19eb763230e2b393ac.jpg&amp;brizy_crop=iW%3D772%26iH%3D515%26oX%3D0%26oY%3D31%26cW%3D772%26cH%3D453 1x, https:\/\/prconsultancy.me\/?brizy_media=wp-58c3011b07756a19eb763230e2b393ac.jpg&amp;brizy_crop=iW%3D1544%26iH%3D1030%26oX%3D0%26oY%3D62%26cW%3D1544%26cH%3D906 2x\" media=\"(min-width: 992px)\"><source srcset=\"https:\/\/prconsultancy.me\/?brizy_media=wp-58c3011b07756a19eb763230e2b393ac.jpg&amp;brizy_crop=iW%3D507%26iH%3D338%26oX%3D0%26oY%3D21%26cW%3D507%26cH%3D297 1x, https:\/\/prconsultancy.me\/?brizy_media=wp-58c3011b07756a19eb763230e2b393ac.jpg&amp;brizy_crop=iW%3D1014%26iH%3D676%26oX%3D0%26oY%3D42%26cW%3D1014%26cH%3D594 2x\" media=\"(min-width: 768px)\"><img decoding=\"async\" class=\"brz-img\" srcset=\"https:\/\/prconsultancy.me\/?brizy_media=wp-58c3011b07756a19eb763230e2b393ac.jpg&amp;brizy_crop=iW%3D430%26iH%3D287%26oX%3D0%26oY%3D17%26cW%3D430%26cH%3D252 1x, https:\/\/prconsultancy.me\/?brizy_media=wp-58c3011b07756a19eb763230e2b393ac.jpg&amp;brizy_crop=iW%3D860%26iH%3D574%26oX%3D0%26oY%3D34%26cW%3D860%26cH%3D504 2x\" src=\"https:\/\/prconsultancy.me\/?brizy_media=wp-58c3011b07756a19eb763230e2b393ac.jpg&amp;brizy_crop=iW%3D772%26iH%3D515%26oX%3D0%26oY%3D31%26cW%3D772%26cH%3D453\" alt=\"{{placeholder content='e3sgYnJpenlfZGNfaW1hZ2VfYWx0IH19' imageSrc='wp-58c3011b07756a19eb763230e2b393ac.jpg'}}\" draggable=\"false\" loading=\"lazy\"><\/picture><\/div>\n<\/div>\n<div id=\"\" class=\"brz-css-k1h5J brz-css-seDF1 brz-wrapper\">\n<div class=\"brz-spacer brz-css-diWFq brz-css-hfyAo\"><\/div>\n<\/div>\n<div id=\"\" class=\"brz-css-k1h5J brz-css-fBGP5 brz-wrapper\">\n<div class=\"brz-rich-text brz-rich-text__custom brz-css-uLBGf\" data-brz-custom-id=\"hOjJvNzoDE8o\">\n<div data-brz-translate-text=\"1\">\n<p class=\"brz-text-lg-left brz-tp-lg-heading3 brz-tp-sm-heading3 brz-tp-xs-heading3 brz-css-yoQ5L\" data-generated-css=\"brz-css-mbFsp\" data-uniq-id=\"q1Dd4\">LOBIRANJE I ZAGOVARANJE<\/p>\n<\/div>\n<\/div>\n<\/div>\n<div id=\"\" class=\"brz-css-k1h5J brz-css-seDF1 brz-wrapper\">\n<div class=\"brz-spacer brz-css-diWFq brz-css-fTe5V\"><\/div>\n<\/div>\n<div id=\"\" class=\"brz-css-k1h5J brz-css-hjR9i brz-wrapper\">\n<div class=\"brz-rich-text brz-rich-text__custom brz-css-uLBGf\" data-brz-custom-id=\"iWj8lkGTHnQs\">\n<div data-brz-translate-text=\"1\">\n<p class=\"brz-text-lg-left brz-tp-sm-paragraph brz-tp-xs-paragraph brz-tp-lg-paragraph brz-css-tqUCp\" data-generated-css=\"brz-css-d58QH\" data-uniq-id=\"djGDb\"><span class=\"brz-cp-color7\">Zabrinjava vas promjena regulatornog okvira ili novih javnih politika i mislite da \u0107e se negativno odraziti na va\u0161e poslovanje? \u017delite da za\u0161titite va\u0161e poslovne interese i prevenirate ne\u017eeljene posljedice odre\u0111enih odluka? Potrebna vam je kvalitetna i sistemski postavljena politika lobiranja ili zagovaranja. Koriste\u0107i se ovim alatom mo\u017eete pomo\u0107i i u stvaranju&nbsp;prihvatljivijeg&nbsp;poslovnog okru\u017eenja ili podr\u0161ci inovacijama koje uti\u010du na ekonomski rast, razvoj i povoljnije&nbsp;usloveposlovanja.<\/span><\/p>\n<\/div>\n<\/div>\n<\/div>\n<div id=\"\" class=\"brz-css-k1h5J brz-css-seDF1 brz-wrapper\">\n<div class=\"brz-spacer brz-css-diWFq brz-css-rL3hp\"><\/div>\n<\/div>\n<div class=\"brz-row__container brz-css-veDfT\" data-brz-custom-id=\"x18cxvNXTQP0\">\n<div class=\"brz-bg\"><\/div>\n<div class=\"brz-row brz-row--inner brz-css-a8vGF brz-css-fA2fp\">\n<div class=\"brz-columns brz-css-ptq9F brz-css-pKpoi\" data-brz-custom-id=\"jguUuxLam9ZE\">\n<div class=\"brz-bg\"><\/div>\n<div class=\"brz-column__items brz-css-a4b2f brz-css-mw2or\">\n<div id=\"\" class=\"brz-css-k1h5J brz-css-oeNbc brz-wrapper\">\n<div class=\"brz-image brz-css-ugMo1 brz-css-v0Ifu\" data-brz-custom-id=\"i8AhU2qJKQLL\"><picture class=\"brz-picture brz-d-block brz-p-relative brz-css-zePNb\"><source srcset=\"https:\/\/prconsultancy.me\/?brizy_media=wp-2f5a144d0d9671eb94582b791560f149.jpg&amp;brizy_crop=iW%3D529%26iH%3D351%26oX%3D75%26oY%3D0%26cW%3D368%26cH%3D351 1x, https:\/\/prconsultancy.me\/?brizy_media=wp-2f5a144d0d9671eb94582b791560f149.jpg&amp;brizy_crop=iW%3D1058%26iH%3D702%26oX%3D150%26oY%3D0%26cW%3D736%26cH%3D702 2x\" media=\"(min-width: 992px)\"><source srcset=\"https:\/\/prconsultancy.me\/?brizy_media=wp-2f5a144d0d9671eb94582b791560f149.jpg&amp;brizy_crop=iW%3D529%26iH%3D351%26oX%3D216%26oY%3D0%26cW%3D223%26cH%3D351 1x, https:\/\/prconsultancy.me\/?brizy_media=wp-2f5a144d0d9671eb94582b791560f149.jpg&amp;brizy_crop=iW%3D1058%26iH%3D702%26oX%3D432%26oY%3D0%26cW%3D446%26cH%3D702 2x\" media=\"(min-width: 768px)\"><img decoding=\"async\" class=\"brz-img\" srcset=\"https:\/\/prconsultancy.me\/?brizy_media=wp-2f5a144d0d9671eb94582b791560f149.jpg&amp;brizy_crop=iW%3D430%26iH%3D286%26oX%3D0%26oY%3D0%26cW%3D430%26cH%3D286 1x, https:\/\/prconsultancy.me\/?brizy_media=wp-2f5a144d0d9671eb94582b791560f149.jpg&amp;brizy_crop=iW%3D860%26iH%3D572%26oX%3D0%26oY%3D0%26cW%3D860%26cH%3D572 2x\" src=\"https:\/\/prconsultancy.me\/?brizy_media=wp-2f5a144d0d9671eb94582b791560f149.jpg&amp;brizy_crop=iW%3D529%26iH%3D351%26oX%3D75%26oY%3D0%26cW%3D368%26cH%3D351\" alt=\"{{placeholder content='e3sgYnJpenlfZGNfaW1hZ2VfYWx0IH19' imageSrc='wp-2f5a144d0d9671eb94582b791560f149.jpg'}}\" draggable=\"false\" loading=\"lazy\"><\/picture><\/div>\n<\/div>\n<\/div>\n<\/div>\n<div class=\"brz-columns brz-css-ptq9F brz-css-m29sN\" data-brz-custom-id=\"e7mGjrBws2Hh\">\n<div class=\"brz-bg\"><\/div>\n<div class=\"brz-column__items brz-css-a4b2f brz-css-w6v4c\">\n<div id=\"\" class=\"brz-css-k1h5J brz-css-aJArC brz-wrapper\">\n<div class=\"brz-rich-text brz-rich-text__custom brz-css-uLBGf\" data-brz-custom-id=\"qJP0Wy4gd8KC\">\n<div data-brz-translate-text=\"1\">\n<p class=\"brz-tp-xs-heading4 brz-tp-sm-heading4 brz-tp-lg-heading4 brz-text-lg-left brz-css-nTgLu\" data-uniq-id=\"wtSzd\" data-generated-css=\"brz-css-qrrjb\"><span class=\"brz-cp-color2\">NUDIMO:<\/span><\/p>\n<\/div>\n<\/div>\n<\/div>\n<div id=\"\" class=\"brz-css-k1h5J brz-css-seDF1 brz-wrapper\">\n<div class=\"brz-spacer brz-css-diWFq brz-css-bomNH\"><\/div>\n<\/div>\n<div id=\"\" class=\"brz-css-k1h5J brz-css-o5TCz brz-wrapper\">\n<div class=\"brz-icon-text brz-css-oPWfa brz-css-wEIpm\" data-brz-custom-id=\"bZ3UAw8FgxcA\">\n<div class=\"brz-icon__container\" data-brz-custom-id=\"vsmWDgoTwTka\"><span class=\"brz-icon brz-span brz-css-qGHvf brz-css-hCE6l\"><svg class=\"brz-icon-svg align-[initial]\"><use href=\"\/wp-content\/plugins\/brizy\/public\/editor-build\/prod\/editor\/icons\/glyph\/check-2.svg#nc_icon\"><\/use><\/svg><\/span><\/div>\n<div class=\"brz-text-btn\">\n<div class=\"brz-rich-text brz-rich-text__custom brz-css-uLBGf\" data-brz-custom-id=\"qwDXFXQoK00e\">\n<div data-brz-translate-text=\"1\">\n<p class=\"brz-tp-sm-paragraph brz-tp-xs-paragraph brz-tp-lg-paragraph brz-css-rHHX7\" data-generated-css=\"brz-css-phzwC\" data-uniq-id=\"n2RbY\"><span class=\"brz-cp-color7\">Povezivanje sa relevantnim institucijama i organizacijama;<\/span><\/p>\n<\/div>\n<\/div>\n<\/div>\n<\/div>\n<\/div>\n<div id=\"\" class=\"brz-css-k1h5J brz-css-yyXaH brz-wrapper\">\n<div class=\"brz-icon-text brz-css-oPWfa brz-css-gws5Q\" data-brz-custom-id=\"tma5xwDxdNhQ\">\n<div class=\"brz-icon__container\" data-brz-custom-id=\"o53HWxFti2m3\"><span class=\"brz-icon brz-span brz-css-qGHvf brz-css-jR0Au\"><svg class=\"brz-icon-svg align-[initial]\"><use href=\"\/wp-content\/plugins\/brizy\/public\/editor-build\/prod\/editor\/icons\/glyph\/check-2.svg#nc_icon\"><\/use><\/svg><\/span><\/div>\n<div class=\"brz-text-btn\">\n<div class=\"brz-rich-text brz-rich-text__custom brz-css-uLBGf\" data-brz-custom-id=\"unNSUp69HceW\">\n<div data-brz-translate-text=\"1\">\n<p class=\"brz-tp-lg-paragraph brz-tp-xs-paragraph brz-tp-sm-paragraph brz-css-wvPmQ\" data-generated-css=\"brz-css-lW7M2\" data-uniq-id=\"bMgaj\"><span class=\"brz-cp-color7\">&nbsp;Lobiranje i zagovaranje za ciljeve od javnog interesa;<\/span><\/p>\n<\/div>\n<\/div>\n<\/div>\n<\/div>\n<\/div>\n<div id=\"\" class=\"brz-css-k1h5J brz-css-nIXTF brz-wrapper\">\n<div class=\"brz-icon-text brz-css-oPWfa brz-css-q7GqT\" data-brz-custom-id=\"uRn_L14XULN8\">\n<div class=\"brz-icon__container\" data-brz-custom-id=\"lPoDbrBVkOxN\"><span class=\"brz-icon brz-span brz-css-qGHvf brz-css-aIlJ2\"><svg class=\"brz-icon-svg align-[initial]\"><use href=\"\/wp-content\/plugins\/brizy\/public\/editor-build\/prod\/editor\/icons\/glyph\/check-2.svg#nc_icon\"><\/use><\/svg><\/span><\/div>\n<div class=\"brz-text-btn\">\n<div class=\"brz-rich-text brz-rich-text__custom brz-css-uLBGf\" data-brz-custom-id=\"eE7i1vqkxh_F\">\n<div data-brz-translate-text=\"1\">\n<p class=\"brz-tp-sm-paragraph brz-tp-xs-paragraph brz-tp-lg-paragraph brz-css-aAvlC\" data-generated-css=\"brz-css-thhno\" data-uniq-id=\"reI_t\"><span class=\"brz-cp-color7\">Kreiranje partnerstava radi postizanja zajedni\u010dkih ciljeva;<\/span><\/p>\n<\/div>\n<\/div>\n<\/div>\n<\/div>\n<\/div>\n<div id=\"\" class=\"brz-css-k1h5J brz-css-gJmW5 brz-wrapper\">\n<div class=\"brz-icon-text brz-css-oPWfa brz-css-s2AWQ\" data-brz-custom-id=\"ugeepmPPTEN2\">\n<div class=\"brz-icon__container\" data-brz-custom-id=\"aynfenPDAAtZ\"><span class=\"brz-icon brz-span brz-css-qGHvf brz-css-ba0Lz\"><svg class=\"brz-icon-svg align-[initial]\"><use href=\"\/wp-content\/plugins\/brizy\/public\/editor-build\/prod\/editor\/icons\/glyph\/check-2.svg#nc_icon\"><\/use><\/svg><\/span><\/div>\n<div class=\"brz-text-btn\">\n<div class=\"brz-rich-text brz-rich-text__custom brz-css-uLBGf\" data-brz-custom-id=\"l0iAx5iS8Ikm\">\n<div data-brz-translate-text=\"1\">\n<p class=\"brz-tp-sm-paragraph brz-tp-xs-paragraph brz-tp-lg-paragraph brz-css-pvYV_\" data-generated-css=\"brz-css-dB84c\" data-uniq-id=\"tuooG\"><span class=\"brz-cp-color7\">Predstavljanje interesa klijenta pred donosiocima odluka;<\/span><\/p>\n<\/div>\n<\/div>\n<\/div>\n<\/div>\n<\/div>\n<div id=\"\" class=\"brz-css-k1h5J brz-css-zKvIZ brz-wrapper\">\n<div class=\"brz-icon-text brz-css-oPWfa brz-css-h6RQh\" data-brz-custom-id=\"yKjtRxk38BmC\">\n<div class=\"brz-icon__container\" data-brz-custom-id=\"jH9EwToFb3eQ\"><span class=\"brz-icon brz-span brz-css-qGHvf brz-css-jaQkj\"><svg class=\"brz-icon-svg align-[initial]\"><use href=\"\/wp-content\/plugins\/brizy\/public\/editor-build\/prod\/editor\/icons\/glyph\/check-2.svg#nc_icon\"><\/use><\/svg><\/span><\/div>\n<div class=\"brz-text-btn\">\n<div class=\"brz-rich-text brz-rich-text__custom brz-css-uLBGf\" data-brz-custom-id=\"s_3ltWwTtkbq\">\n<div data-brz-translate-text=\"1\">\n<p class=\"brz-tp-sm-paragraph brz-tp-xs-paragraph brz-tp-lg-paragraph brz-css-xl81x\" data-generated-css=\"brz-css-bJ7pP\" data-uniq-id=\"e0FBN\"><span class=\"brz-cp-color7\">Uticanje na formiranje politika i regulative;<\/span><\/p>\n<\/div>\n<\/div>\n<\/div>\n<\/div>\n<\/div>\n<div id=\"\" class=\"brz-css-k1h5J brz-css-rzwKK brz-wrapper\">\n<div class=\"brz-icon-text brz-css-oPWfa brz-css-ihk2U\" data-brz-custom-id=\"bYUxzp2gwixe\">\n<div class=\"brz-icon__container\" data-brz-custom-id=\"wJ8A6MMeChfE\"><span class=\"brz-icon brz-span brz-css-qGHvf brz-css-wdpW7\"><svg class=\"brz-icon-svg align-[initial]\"><use href=\"\/wp-content\/plugins\/brizy\/public\/editor-build\/prod\/editor\/icons\/glyph\/check-2.svg#nc_icon\"><\/use><\/svg><\/span><\/div>\n<div class=\"brz-text-btn\">\n<div class=\"brz-rich-text brz-rich-text__custom brz-css-uLBGf\" data-brz-custom-id=\"oZ8CaTk7dH8N\">\n<div data-brz-translate-text=\"1\">\n<p class=\"brz-tp-lg-paragraph brz-tp-xs-paragraph brz-tp-sm-paragraph brz-css-aGaSk\" data-uniq-id=\"eiOOh\" data-generated-css=\"brz-css-rjopd\"><span class=\"brz-cp-color7\">Kreiranje strategija za postizanje pozitivnih promjena<\/span><\/p>\n<\/div>\n<\/div>\n<\/div>\n<\/div>\n<\/div>\n<\/div>\n<\/div>\n<\/div>\n<\/div>\n<div id=\"\" class=\"brz-css-k1h5J brz-css-seDF1 brz-wrapper\">\n<div class=\"brz-spacer brz-css-diWFq brz-css-n1EWR\"><\/div>\n<\/div>\n<div id=\"\" class=\"brz-css-k1h5J brz-css-seDF1 brz-wrapper\">\n<div class=\"brz-spacer brz-css-diWFq brz-css-ttyQV\"><\/div>\n<\/div>\n<\/div>\n<\/div>\n<div class=\"brz-columns brz-css-ptq9F brz-css-abSYq\" data-brz-custom-id=\"mfjdCAfmu_Ge\">\n<div class=\"brz-bg\"><\/div>\n<div class=\"brz-column__items brz-css-a4b2f brz-css-gv05C\">\n<div class=\"brz-row__container brz-css-veDfT\" data-brz-custom-id=\"pMpwzVecjkIg\">\n<div class=\"brz-bg\"><\/div>\n<div class=\"brz-row brz-row--inner brz-css-a8vGF brz-css-fA2fp\">\n<div class=\"brz-columns brz-css-ptq9F brz-css-dtv8L\" data-brz-custom-id=\"gCKBGFmlUein\">\n<div class=\"brz-bg\">\n<div class=\"brz-bg-color\"><\/div>\n<\/div>\n<div class=\"brz-column__items brz-css-a4b2f brz-css-ylk3X\">\n<div id=\"\" class=\"brz-css-k1h5J brz-css-vyJ3o brz-wrapper\">\n<div class=\"brz-rich-text brz-rich-text__custom brz-css-uLBGf\" data-brz-custom-id=\"bWFpKVNDvlk5\">\n<div data-brz-translate-text=\"1\">\n<p class=\"brz-tp-xs-heading4 brz-tp-sm-heading4 brz-text-lg-left brz-tp-lg-abovetitle brz-css-hiZzr\" data-generated-css=\"brz-css-z14s1\" data-uniq-id=\"n3_wK\"><span style=\"color: rgba(var(--brz-global-color3),1);\" class=\"brz-cp-color3\">USLUGE<\/span><\/p>\n<\/div>\n<\/div>\n<\/div>\n<div id=\"\" class=\"brz-css-k1h5J brz-css-seDF1 brz-wrapper\">\n<div class=\"brz-spacer brz-css-diWFq brz-css-fQGAe\"><\/div>\n<\/div>\n<div id=\"\" class=\"brz-css-k1h5J brz-wrapper\">\n<div class=\"brz-rich-text brz-rich-text__custom brz-css-uLBGf\" data-brz-custom-id=\"quxjVWVAqZlR\">\n<div data-brz-translate-text=\"1\">\n<p class=\"brz-tp-lg-paragraph brz-css-j7rZ6\" data-uniq-id=\"oDMhX\" data-generated-css=\"brz-css-h4DfM\"><a class=\"link--page brz-cp-color1\" href=\"{{placeholder content='e3ticml6eV9kY19wZXJtYWxpbmsgcG9zdF9pZD0iMzk3In19'}}\" data-brz-link-type=\"page\">IZGRADNJA BRENDA<\/a><\/p>\n<p class=\"brz-tp-lg-paragraph brz-css-uOnXT\" data-uniq-id=\"yenUg\" data-generated-css=\"brz-css-wnbR6\"><a class=\"link--page brz-cp-color1\" href=\"{{placeholder content='e3ticml6eV9kY19wZXJtYWxpbmsgcG9zdF9pZD0iNDIwIn19'}}\" data-brz-link-type=\"page\">DRU\u0160TVENO ODGOVORNO POSLOVANJE <\/a><\/p>\n<p class=\"brz-tp-lg-paragraph brz-css-lxUaO\" data-uniq-id=\"d6hR6\" data-generated-css=\"brz-css-f0Awq\"><a class=\"link--page brz-cp-color1\" href=\"{{placeholder content='e3ticml6eV9kY19wZXJtYWxpbmsgcG9zdF9pZD0iNDI5In19'}}\" data-brz-link-type=\"page\">ODNOSI SA MEDIJIMA <\/a><\/p>\n<p class=\"brz-tp-lg-paragraph brz-css-av6uF\" data-uniq-id=\"u1yg7\" data-generated-css=\"brz-css-ft7hD\"><a class=\"link--page brz-cp-color1\" href=\"{{placeholder content='e3ticml6eV9kY19wZXJtYWxpbmsgcG9zdF9pZD0iNDMzIn19'}}\" data-brz-link-type=\"page\">KRIZNI PR <\/a><\/p>\n<p class=\"brz-tp-lg-paragraph brz-css-k4FcG\" data-uniq-id=\"e7FW7\" data-generated-css=\"brz-css-pAm3D\"><a class=\"link--page brz-cp-color1\" href=\"{{placeholder content='e3ticml6eV9kY19wZXJtYWxpbmsgcG9zdF9pZD0iNDM5In19'}}\" data-brz-link-type=\"page\">LOBIRANJE I ZAGOVARANJE <\/a><\/p>\n<p class=\"brz-tp-lg-paragraph brz-css-meu3R\" data-uniq-id=\"xYwTE\" data-generated-css=\"brz-css-yWK5M\"><a class=\"link--page brz-cp-color1\" href=\"{{placeholder content='e3ticml6eV9kY19wZXJtYWxpbmsgcG9zdF9pZD0iNDQ1In19'}}\" data-brz-link-type=\"page\">EDUKACIJA<\/a><span class=\"brz-cp-color1\"> <\/span><\/p>\n<p class=\"brz-tp-lg-paragraph brz-css-wlAI0\" data-uniq-id=\"qdT1J\" data-generated-css=\"brz-css-z0yXw\"><a class=\"link--page brz-cp-color1\" href=\"{{placeholder content='e3ticml6eV9kY19wZXJtYWxpbmsgcG9zdF9pZD0iNDUwIn19'}}\" data-brz-link-type=\"page\">ORGANIZACIJA DOGA\u0110AJA <\/a><\/p>\n<p class=\"brz-tp-lg-paragraph brz-css-mMiv2\" data-uniq-id=\"aJkEX\" data-generated-css=\"brz-css-qGWNL\"><a class=\"link--page brz-cp-color1\" href=\"{{placeholder content='e3ticml6eV9kY19wZXJtYWxpbmsgcG9zdF9pZD0iNDU0In19'}}\" data-brz-link-type=\"page\">POKRIVANJE DOGA\u0110AJA<\/a><\/p>\n<p class=\"brz-tp-lg-paragraph brz-css-rXEBM\" data-uniq-id=\"elHRL\" data-generated-css=\"brz-css-ziY58\"><a class=\"brz-cp-color1 link--page\" href=\"{{placeholder content='e3ticml6eV9kY19wZXJtYWxpbmsgcG9zdF9pZD0iNDU4In19'}}\" data-brz-link-type=\"page\">UPRAVLJANJE DRU\u0160TVENIM MRE\u017dAMA <\/a><\/p>\n<p class=\"brz-tp-lg-paragraph brz-css-cgi6t\" data-uniq-id=\"chKdQ\" data-generated-css=\"brz-css-k0AFI\"><a class=\"link--page brz-cp-color1\" href=\"{{placeholder content='e3ticml6eV9kY19wZXJtYWxpbmsgcG9zdF9pZD0iNDYzIn19'}}\" data-brz-link-type=\"page\">MIX &amp; MATCH <\/a><\/p>\n<\/div>\n<\/div>\n<\/div>\n<\/div>\n<\/div>\n<\/div>\n<\/div>\n<div class=\"brz-row__container brz-css-veDfT\" data-brz-custom-id=\"u1YyVY8HP6vQ\">\n<div class=\"brz-bg\"><\/div>\n<div class=\"brz-row brz-row--inner brz-css-a8vGF brz-css-fA2fp\">\n<div class=\"brz-columns brz-css-ptq9F brz-css-nCX1_\" data-brz-custom-id=\"pEh3Q9YSG9ER\">\n<div class=\"brz-bg\">\n<div class=\"brz-bg-color\"><\/div>\n<\/div>\n<div class=\"brz-column__items brz-css-a4b2f brz-css-hUANQ\">\n<div id=\"\" class=\"brz-css-k1h5J brz-css-gF4bK brz-wrapper\">\n<div class=\"brz-rich-text brz-rich-text__custom brz-css-uLBGf\" data-brz-custom-id=\"gTEQTRCYhFUR\">\n<div data-brz-translate-text=\"1\">\n<p class=\"brz-tp-lg-abovetitle brz-text-lg-left brz-tp-sm-heading4 brz-tp-xs-heading4 brz-css-kGwiz\" data-uniq-id=\"oYztV\" data-generated-css=\"brz-css-p_UHq\"><a class=\"link--page brz-cp-color3\" style=\"color: rgba(var(--brz-global-color3),1);\" href=\"{{placeholder content='e3ticml6eV9kY19wZXJtYWxpbmsgcG9zdF9pZD0iMjQwIn19'}}\" data-brz-link-type=\"page\">POTREBNO VAM JE DA SE VA\u0160 GLAS \u010cUJE TAMO GDJE SE ODLU\u010cUJE?<\/a><\/p>\n<\/div>\n<\/div>\n<\/div>\n<div id=\"\" class=\"brz-css-k1h5J brz-wrapper\">\n<div class=\"brz-rich-text brz-rich-text__custom brz-css-uLBGf\" data-brz-custom-id=\"aNbrJBjLLkz2\">\n<div data-brz-translate-text=\"1\">\n<p class=\"brz-tp-lg-paragraph brz-css-fPTvd\" data-uniq-id=\"iKDxr\" data-generated-css=\"brz-css-utfG3\"><span class=\"brz-cp-color7\">Uti\u010dite na oblikovanje politika i propisa u korist va\u0161eg poslovanja.<\/span><\/p>\n<\/div>\n<\/div>\n<\/div>\n<div class=\"brz-wrapper-clone brz-css-rjwRt\">\n<div class=\"brz-d-xs-flex brz-flex-xs-wrap brz-css-aWaTo\" data-brz-custom-id=\"\">\n<div class=\"brz-wrapper-clone__item\" id=\"lzA2x8Bh2Wxd\"><a class=\"brz-a brz-btn brz-css-oHzxT brz-css-xDJc5 brz-css-f5OWu\" href=\"{{placeholder content='e3ticml6eV9kY19wZXJtYWxpbmsgcG9zdF9pZD0iMjQwIn19'}}\" target=\"_self\" rel=\"noopener\" data-brz-link-type=\"page\" data-brz-custom-id=\"lzA2x8Bh2Wxd\"><span data-brz-translate-text=\"1\" class=\"brz-span brz-text__editor\" contenteditable=\"false\">KONTAKTIRAJ NAS<\/span><\/a><\/div>\n<\/div>\n<\/div>\n<div id=\"\" class=\"brz-css-k1h5J brz-css-seDF1 brz-wrapper\">\n<div class=\"brz-spacer brz-css-diWFq brz-css-ewNJ5\"><\/div>\n<\/div>\n<\/div>\n<\/div>\n<\/div>\n<\/div>\n<\/div>\n<\/div>\n<\/div>\n<\/div>\n<\/div>\n<\/div>\n<\/section>\n<p>{{ brizy_dc_global_blocks position=&#8217;bottom&#8217; }}<\/p><\/div>\n<p>    <!-- version:1727993597 --><\/p>\n","protected":false},"excerpt":{"rendered":"<p>{{ brizy_dc_global_blocks position=&#8217;top&#8217; }} LOBIRANJE I ZAGOVARANJE HOME Detalji usluge LOBIRANJE I ZAGOVARANJE Zabrinjava vas promjena regulatornog okvira ili novih javnih politika i mislite da \u0107e se negativno odraziti na va\u0161e poslovanje? \u017delite da za\u0161titite va\u0161e poslovne interese i prevenirate ne\u017eeljene posljedice odre\u0111enih odluka? Potrebna vam je kvalitetna i sistemski postavljena politika lobiranja ili zagovaranja. [&hellip;]<\/p>\n","protected":false},"author":1,"featured_media":0,"parent":0,"menu_order":0,"comment_status":"closed","ping_status":"closed","template":"brizy-blank-template.php","meta":{"footnotes":""},"class_list":["post-439","page","type-page","status-publish","hentry"],"_links":{"self":[{"href":"https:\/\/prconsultancy.me\/index.php\/wp-json\/wp\/v2\/pages\/439","targetHints":{"allow":["GET"]}}],"collection":[{"href":"https:\/\/prconsultancy.me\/index.php\/wp-json\/wp\/v2\/pages"}],"about":[{"href":"https:\/\/prconsultancy.me\/index.php\/wp-json\/wp\/v2\/types\/page"}],"author":[{"embeddable":true,"href":"https:\/\/prconsultancy.me\/index.php\/wp-json\/wp\/v2\/users\/1"}],"replies":[{"embeddable":true,"href":"https:\/\/prconsultancy.me\/index.php\/wp-json\/wp\/v2\/comments?post=439"}],"version-history":[{"count":10,"href":"https:\/\/prconsultancy.me\/index.php\/wp-json\/wp\/v2\/pages\/439\/revisions"}],"predecessor-version":[{"id":916,"href":"https:\/\/prconsultancy.me\/index.php\/wp-json\/wp\/v2\/pages\/439\/revisions\/916"}],"wp:attachment":[{"href":"https:\/\/prconsultancy.me\/index.php\/wp-json\/wp\/v2\/media?parent=439"}],"curies":[{"name":"wp","href":"https:\/\/api.w.org\/{rel}","templated":true}]}}