{"id":420,"date":"2024-09-22T22:29:59","date_gmt":"2024-09-22T22:29:59","guid":{"rendered":"https:\/\/prconsultancy.me\/?page_id=420"},"modified":"2024-10-02T22:33:01","modified_gmt":"2024-10-02T22:33:01","slug":"drustveno-odgovorno-poslovanje","status":"publish","type":"page","link":"https:\/\/prconsultancy.me\/index.php\/drustveno-odgovorno-poslovanje\/","title":{"rendered":"Dru\u0161tveno odgovorno poslovanje"},"content":{"rendered":"<div class=\"brz-root__container brz-reset-all brz\">{{ brizy_dc_global_blocks position=&#8217;top&#8217; }}<\/p>\n<section id=\"{{placeholder content='e3sgcmFuZG9tX2lkIH19' key='bYXsIA95rVic'}}_bYXsIA95rVic\" class=\"brz-section brz-css-tshsa brz-css-rsfFQ\">\n<div class=\"brz-section__content brz-section--fullWidth brz-css-zqd_X brz-css-eAYaA\" data-brz-custom-id=\"x7v6o1QeiOyI\">\n<div class=\"brz-bg\">\n<div class=\"brz-bg-image\"><\/div>\n<div class=\"brz-bg-color\"><\/div>\n<\/div>\n<div class=\"brz-container brz-css-wJtjM brz-css-daoOU\">\n<div class=\"brz-row__container brz-css-lH4dH\" data-brz-custom-id=\"dzJYWdI7xEGP\">\n<div class=\"brz-bg\"><\/div>\n<div class=\"brz-row brz-css-cXaSS brz-css-wPvsz\">\n<div class=\"brz-columns brz-css-bugsN brz-css-lDPDQ\" data-brz-custom-id=\"w7cZDdXebHmp\">\n<div class=\"brz-bg\"><\/div>\n<div class=\"brz-column__items brz-css-hYe0S\">\n<div id=\"\" class=\"brz-css-y8Vtf brz-css-vEM5A brz-wrapper\">\n<div class=\"brz-spacer brz-css-qfiAO brz-css-b3FZ2\"><\/div>\n<\/div>\n<\/div>\n<\/div>\n<div class=\"brz-columns brz-css-bugsN brz-css-tnRna\" data-brz-custom-id=\"aiJbR_hYGA1B\">\n<div class=\"brz-bg\"><\/div>\n<div class=\"brz-column__items brz-css-hYe0S brz-css-rPMH1\">\n<div id=\"\" class=\"brz-css-y8Vtf brz-css-vEM5A brz-css-rWcYT brz-wrapper\">\n<div class=\"brz-spacer brz-css-qfiAO brz-css-jTYea\"><\/div>\n<\/div>\n<div id=\"\" class=\"brz-css-y8Vtf brz-css-mIc_l brz-wrapper\">\n<div class=\"brz-rich-text brz-rich-text__custom brz-css-h0CDT\" data-brz-custom-id=\"q7YWil6IUVpS\">\n<div data-brz-translate-text=\"1\">\n<p class=\"brz-tp-xs-heading2 brz-text-lg-center brz-tp-lg-heading2 brz-tp-sm-heading2 brz-css-jblzq\" data-generated-css=\"brz-css-pNBzl\" data-uniq-id=\"yUPYR\"><span class=\"brz-cp-color8\">DRU\u0160TVENO ODGOVORNO POSLOVANJE<\/span><\/p>\n<\/div>\n<\/div>\n<\/div>\n<div class=\"brz-wrapper-clone brz-css-r9IBY brz-css-f8WRJ\">\n<div class=\"brz-d-xs-flex brz-flex-xs-wrap brz-css-x09y0\" data-brz-custom-id=\"\">\n<div class=\"brz-wrapper-clone__item\" id=\"ja_kBR09xfwG\"><a class=\"brz-a brz-btn brz-css-twHWu brz-css-mokHl brz-css-fwXWk brz-css-u0s8q\" href=\"\" target=\"_self\" rel=\"noopener\" data-brz-link-type=\"external\" data-brz-custom-id=\"ja_kBR09xfwG\"><svg class=\"brz-icon-svg align-[initial] brz-css-iPief\"><use href=\"\/wp-content\/plugins\/brizy\/public\/editor-build\/prod\/editor\/icons\/outline\/tail-right.svg#nc_icon\"><\/use><\/svg><span data-brz-translate-text=\"1\" class=\"brz-span brz-text__editor\" contenteditable=\"false\">HOME<\/span><\/a><\/div>\n<div class=\"brz-wrapper-clone__item\" id=\"bQ4cTliIIL4d\"><a class=\"brz-a brz-btn brz-css-twHWu brz-css-fXOTt brz-css-fwXWk brz-css-gy2dZ\" href=\"\" target=\"_self\" rel=\"noopener\" data-brz-link-type=\"external\" data-brz-custom-id=\"bQ4cTliIIL4d\"><span data-brz-translate-text=\"1\" class=\"brz-span brz-text__editor\" contenteditable=\"false\">Detalji usluge<\/span><\/a><\/div>\n<\/div>\n<\/div>\n<\/div>\n<\/div>\n<div class=\"brz-columns brz-css-bugsN brz-css-chWpe\" data-brz-custom-id=\"b5Hz2vBalGif\">\n<div class=\"brz-bg\"><\/div>\n<div class=\"brz-column__items brz-css-hYe0S brz-css-wErBS\"><\/div>\n<\/div>\n<\/div>\n<\/div>\n<\/div>\n<\/div>\n<\/section>\n<section id=\"{{placeholder content='e3sgcmFuZG9tX2lkIH19' key='qVus_bmChJWj'}}_qVus_bmChJWj\" class=\"brz-section brz-css-tshsa\">\n<div class=\"brz-section__content brz-section--boxed brz-css-zqd_X brz-css-swdVe\" data-brz-custom-id=\"l4rKjmQMODSq\">\n<div class=\"brz-container brz-css-wJtjM\">\n<div class=\"brz-row__container brz-css-lH4dH\" data-brz-custom-id=\"iLuYTDpO8wIz\">\n<div class=\"brz-bg\"><\/div>\n<div class=\"brz-row brz-css-cXaSS brz-css-wPvsz\">\n<div class=\"brz-columns brz-css-bugsN brz-css-oKovJ\" data-brz-custom-id=\"wbn_aDleD2B9\">\n<div class=\"brz-bg\"><\/div>\n<div class=\"brz-column__items brz-css-hYe0S brz-css-hxFd3\">\n<div id=\"\" class=\"brz-css-y8Vtf brz-css-qodoD brz-wrapper\">\n<div class=\"brz-image brz-css-t79ln brz-css-gtGIF\" data-brz-custom-id=\"hxGh2we3I7PI\"><picture class=\"brz-picture brz-d-block brz-p-relative brz-css-jknZV\"><source srcset=\"https:\/\/prconsultancy.me\/?brizy_media=wp-ee5f8e4b5a88b9f1001f283f8c78ff06.jpg&amp;brizy_crop=iW%3D772%26iH%3D515%26oX%3D0%26oY%3D31%26cW%3D772%26cH%3D453 1x, https:\/\/prconsultancy.me\/?brizy_media=wp-ee5f8e4b5a88b9f1001f283f8c78ff06.jpg&amp;brizy_crop=iW%3D1544%26iH%3D1030%26oX%3D0%26oY%3D62%26cW%3D1544%26cH%3D906 2x\" media=\"(min-width: 992px)\"><source srcset=\"https:\/\/prconsultancy.me\/?brizy_media=wp-ee5f8e4b5a88b9f1001f283f8c78ff06.jpg&amp;brizy_crop=iW%3D507%26iH%3D338%26oX%3D0%26oY%3D21%26cW%3D507%26cH%3D297 1x, https:\/\/prconsultancy.me\/?brizy_media=wp-ee5f8e4b5a88b9f1001f283f8c78ff06.jpg&amp;brizy_crop=iW%3D1014%26iH%3D676%26oX%3D0%26oY%3D42%26cW%3D1014%26cH%3D594 2x\" media=\"(min-width: 768px)\"><img decoding=\"async\" class=\"brz-img\" srcset=\"https:\/\/prconsultancy.me\/?brizy_media=wp-ee5f8e4b5a88b9f1001f283f8c78ff06.jpg&amp;brizy_crop=iW%3D430%26iH%3D287%26oX%3D0%26oY%3D17%26cW%3D430%26cH%3D252 1x, https:\/\/prconsultancy.me\/?brizy_media=wp-ee5f8e4b5a88b9f1001f283f8c78ff06.jpg&amp;brizy_crop=iW%3D860%26iH%3D574%26oX%3D0%26oY%3D34%26cW%3D860%26cH%3D504 2x\" src=\"https:\/\/prconsultancy.me\/?brizy_media=wp-ee5f8e4b5a88b9f1001f283f8c78ff06.jpg&amp;brizy_crop=iW%3D772%26iH%3D515%26oX%3D0%26oY%3D31%26cW%3D772%26cH%3D453\" alt=\"{{placeholder content='e3sgYnJpenlfZGNfaW1hZ2VfYWx0IH19' imageSrc='wp-ee5f8e4b5a88b9f1001f283f8c78ff06.jpg'}}\" draggable=\"false\" loading=\"lazy\"><\/picture><\/div>\n<\/div>\n<div id=\"\" class=\"brz-css-y8Vtf brz-css-vEM5A brz-wrapper\">\n<div class=\"brz-spacer brz-css-qfiAO brz-css-xX2b9\"><\/div>\n<\/div>\n<div id=\"\" class=\"brz-css-y8Vtf brz-css-dtOvU brz-wrapper\">\n<div class=\"brz-rich-text brz-rich-text__custom brz-css-h0CDT\" data-brz-custom-id=\"wsXHplNcpm3G\">\n<div data-brz-translate-text=\"1\">\n<p class=\"brz-text-lg-left brz-tp-lg-heading3 brz-tp-sm-heading3 brz-tp-xs-heading3 brz-css-fJYTO\" data-generated-css=\"brz-css-kFwJp\" data-uniq-id=\"lguVM\">DRU\u0160TVENO ODGOVORNO POSLOVANJE<\/p>\n<\/div>\n<\/div>\n<\/div>\n<div id=\"\" class=\"brz-css-y8Vtf brz-css-vEM5A brz-wrapper\">\n<div class=\"brz-spacer brz-css-qfiAO brz-css-jqaFI\"><\/div>\n<\/div>\n<div id=\"\" class=\"brz-css-y8Vtf brz-css-u3jQy brz-wrapper\">\n<div class=\"brz-rich-text brz-rich-text__custom brz-css-h0CDT\" data-brz-custom-id=\"bKGIlnsBXANN\">\n<div data-brz-translate-text=\"1\">\n<p class=\"brz-text-lg-left brz-tp-sm-paragraph brz-tp-xs-paragraph brz-tp-lg-paragraph brz-css-pQgGu\" data-generated-css=\"brz-css-cY7we\" data-uniq-id=\"bjDr5\"><span class=\"brz-cp-color7\">\u017delite da poka\u017eete da va\u0161oj kompaniji profit i zarada nisu na prvom mjestu i da zaista cijenite svoje zaposlene i zajednicu u kojoj poslujete \u2013 DOP je odli\u010dan na\u010din. Dobro skrojene aktivnosti pozitivno \u0107e uticati na va\u0161u reputaciju i pove\u0107ati&nbsp;povjerenje me\u0111u va\u0161im korisnicima\/ potro\u0161a\u010dima. A pozitivna slika u o\u010dima va\u0161e publike nema cijenu.<\/span><\/p>\n<\/div>\n<\/div>\n<\/div>\n<div id=\"\" class=\"brz-css-y8Vtf brz-css-vEM5A brz-wrapper\">\n<div class=\"brz-spacer brz-css-qfiAO brz-css-mdR4t\"><\/div>\n<\/div>\n<div class=\"brz-row__container brz-css-lH4dH\" data-brz-custom-id=\"zUG3MHoqt50m\">\n<div class=\"brz-bg\"><\/div>\n<div class=\"brz-row brz-row--inner brz-css-cXaSS brz-css-wPvsz\">\n<div class=\"brz-columns brz-css-bugsN brz-css-oZovk\" data-brz-custom-id=\"dy3uls91hx1B\">\n<div class=\"brz-bg\"><\/div>\n<div class=\"brz-column__items brz-css-hYe0S brz-css-ed5OQ\">\n<div id=\"\" class=\"brz-css-y8Vtf brz-css-ztb6B brz-wrapper\">\n<div class=\"brz-image brz-css-zXNpr brz-css-x3yQx\" data-brz-custom-id=\"dDYVRB6UHm2W\"><picture class=\"brz-picture brz-d-block brz-p-relative brz-css-x4lVG\"><source srcset=\"https:\/\/prconsultancy.me\/?brizy_media=wp-7b6b753868cfda466861266ef77f410a.jpg&amp;brizy_crop=iW%3D368%26iH%3D657%26oX%3D0%26oY%3D306%26cW%3D368%26cH%3D351 1x, https:\/\/prconsultancy.me\/?brizy_media=wp-7b6b753868cfda466861266ef77f410a.jpg&amp;brizy_crop=iW%3D736%26iH%3D1314%26oX%3D0%26oY%3D612%26cW%3D736%26cH%3D702 2x\" media=\"(min-width: 992px)\"><source srcset=\"https:\/\/prconsultancy.me\/?brizy_media=wp-7b6b753868cfda466861266ef77f410a.jpg&amp;brizy_crop=iW%3D529%26iH%3D943%26oX%3D216%26oY%3D0%26cW%3D223%26cH%3D943 1x, https:\/\/prconsultancy.me\/?brizy_media=wp-7b6b753868cfda466861266ef77f410a.jpg&amp;brizy_crop=iW%3D1058%26iH%3D1886%26oX%3D432%26oY%3D0%26cW%3D446%26cH%3D1886 2x\" media=\"(min-width: 768px)\"><img decoding=\"async\" class=\"brz-img\" srcset=\"https:\/\/prconsultancy.me\/?brizy_media=wp-7b6b753868cfda466861266ef77f410a.jpg&amp;brizy_crop=iW%3D430%26iH%3D767%26oX%3D0%26oY%3D0%26cW%3D430%26cH%3D767 1x, https:\/\/prconsultancy.me\/?brizy_media=wp-7b6b753868cfda466861266ef77f410a.jpg&amp;brizy_crop=iW%3D860%26iH%3D1534%26oX%3D0%26oY%3D0%26cW%3D860%26cH%3D1534 2x\" src=\"https:\/\/prconsultancy.me\/?brizy_media=wp-7b6b753868cfda466861266ef77f410a.jpg&amp;brizy_crop=iW%3D368%26iH%3D657%26oX%3D0%26oY%3D306%26cW%3D368%26cH%3D351\" alt=\"{{placeholder content='e3sgYnJpenlfZGNfaW1hZ2VfYWx0IH19' imageSrc='wp-7b6b753868cfda466861266ef77f410a.jpg'}}\" draggable=\"false\" loading=\"lazy\"><\/picture><\/div>\n<\/div>\n<\/div>\n<\/div>\n<div class=\"brz-columns brz-css-bugsN brz-css-qYfbB\" data-brz-custom-id=\"rj3niMhK2y2P\">\n<div class=\"brz-bg\"><\/div>\n<div class=\"brz-column__items brz-css-hYe0S brz-css-udaZd\">\n<div id=\"\" class=\"brz-css-y8Vtf brz-css-oXVGP brz-wrapper\">\n<div class=\"brz-rich-text brz-rich-text__custom brz-css-h0CDT\" data-brz-custom-id=\"hHNLOm9tpUhj\">\n<div data-brz-translate-text=\"1\">\n<p class=\"brz-tp-xs-heading4 brz-tp-sm-heading4 brz-tp-lg-heading4 brz-text-lg-left brz-css-jYuGN\" data-uniq-id=\"wtSzd\" data-generated-css=\"brz-css-qrrjb\"><span class=\"brz-cp-color2\">NUDIMO:<\/span><\/p>\n<\/div>\n<\/div>\n<\/div>\n<div id=\"\" class=\"brz-css-y8Vtf brz-css-vEM5A brz-wrapper\">\n<div class=\"brz-spacer brz-css-qfiAO brz-css-ggN9E\"><\/div>\n<\/div>\n<div id=\"\" class=\"brz-css-y8Vtf brz-css-dY86l brz-wrapper\">\n<div class=\"brz-icon-text brz-css-zyWxj brz-css-sqeT9\" data-brz-custom-id=\"lGrEQaFHL2lA\">\n<div class=\"brz-icon__container\" data-brz-custom-id=\"gHEPiW056RF1\"><span class=\"brz-icon brz-span brz-css-cxuWC brz-css-otiTX\"><svg class=\"brz-icon-svg align-[initial]\"><use href=\"\/wp-content\/plugins\/brizy\/public\/editor-build\/prod\/editor\/icons\/glyph\/check-2.svg#nc_icon\"><\/use><\/svg><\/span><\/div>\n<div class=\"brz-text-btn\">\n<div class=\"brz-rich-text brz-rich-text__custom brz-css-h0CDT\" data-brz-custom-id=\"yUf_XkW8CPUY\">\n<div data-brz-translate-text=\"1\">\n<p class=\"brz-tp-sm-paragraph brz-tp-xs-paragraph brz-tp-lg-paragraph brz-css-tuUyu\" data-generated-css=\"brz-css-iKeuJ\" data-uniq-id=\"s9xq6\"><span class=\"brz-cp-color7\">&nbsp;Integraciju eti\u010dkih i dru\u0161tveno odgovornih praksi u&nbsp;va\u0161e&nbsp;poslovanje;<\/span><\/p>\n<\/div>\n<\/div>\n<\/div>\n<\/div>\n<\/div>\n<div id=\"\" class=\"brz-css-y8Vtf brz-css-ePvnb brz-wrapper\">\n<div class=\"brz-icon-text brz-css-zyWxj brz-css-rm8Rq\" data-brz-custom-id=\"f6Ifc1WUfqNu\">\n<div class=\"brz-icon__container\" data-brz-custom-id=\"u2unTflXB2ft\"><span class=\"brz-icon brz-span brz-css-cxuWC brz-css-uwUsk\"><svg class=\"brz-icon-svg align-[initial]\"><use href=\"\/wp-content\/plugins\/brizy\/public\/editor-build\/prod\/editor\/icons\/glyph\/check-2.svg#nc_icon\"><\/use><\/svg><\/span><\/div>\n<div class=\"brz-text-btn\">\n<div class=\"brz-rich-text brz-rich-text__custom brz-css-h0CDT\" data-brz-custom-id=\"qm672FTERDm4\">\n<div data-brz-translate-text=\"1\">\n<p class=\"brz-tp-lg-paragraph brz-tp-xs-paragraph brz-tp-sm-paragraph brz-css-aPG9r\" data-generated-css=\"brz-css-dhLEU\" data-uniq-id=\"bACyc\"><span class=\"brz-cp-color7\">Koncipiranje&nbsp;usagla\u0161ene&nbsp;kreativne strategije usmjerene na dru\u0161tveno odgovorno poslovanje;<\/span><\/p>\n<\/div>\n<\/div>\n<\/div>\n<\/div>\n<\/div>\n<div id=\"\" class=\"brz-css-y8Vtf brz-css-mBeOC brz-wrapper\">\n<div class=\"brz-icon-text brz-css-zyWxj brz-css-gkCik\" data-brz-custom-id=\"btgT8Q67eKiE\">\n<div class=\"brz-icon__container\" data-brz-custom-id=\"hzsWY6Pzz0o2\"><span class=\"brz-icon brz-span brz-css-cxuWC brz-css-oOYiS\"><svg class=\"brz-icon-svg align-[initial]\"><use href=\"\/wp-content\/plugins\/brizy\/public\/editor-build\/prod\/editor\/icons\/glyph\/check-2.svg#nc_icon\"><\/use><\/svg><\/span><\/div>\n<div class=\"brz-text-btn\">\n<div class=\"brz-rich-text brz-rich-text__custom brz-css-h0CDT\" data-brz-custom-id=\"qHLJS23wlSM2\">\n<div data-brz-translate-text=\"1\">\n<p class=\"brz-tp-sm-paragraph brz-tp-xs-paragraph brz-tp-lg-paragraph brz-css-wvNsT\" data-generated-css=\"brz-css-zDFOH\" data-uniq-id=\"iHqJt\"><span class=\"brz-cp-color7\">Kreiranje i&nbsp;promovisanje&nbsp;inicijativa koje doprinose zajednici;<\/span><\/p>\n<\/div>\n<\/div>\n<\/div>\n<\/div>\n<\/div>\n<div id=\"\" class=\"brz-css-y8Vtf brz-css-sVyPR brz-wrapper\">\n<div class=\"brz-icon-text brz-css-zyWxj brz-css-roe0t\" data-brz-custom-id=\"eE4mvQ67x8dw\">\n<div class=\"brz-icon__container\" data-brz-custom-id=\"f3CdkfxeCnUR\"><span class=\"brz-icon brz-span brz-css-cxuWC brz-css-cIR2G\"><svg class=\"brz-icon-svg align-[initial]\"><use href=\"\/wp-content\/plugins\/brizy\/public\/editor-build\/prod\/editor\/icons\/glyph\/check-2.svg#nc_icon\"><\/use><\/svg><\/span><\/div>\n<div class=\"brz-text-btn\">\n<div class=\"brz-rich-text brz-rich-text__custom brz-css-h0CDT\" data-brz-custom-id=\"vnCUxpuCNolo\">\n<div data-brz-translate-text=\"1\">\n<p class=\"brz-tp-sm-paragraph brz-tp-xs-paragraph brz-tp-lg-paragraph brz-css-wFZdv\" data-generated-css=\"brz-css-qUgi8\" data-uniq-id=\"nqN0a\"><span class=\"brz-cp-color7\">&nbsp;Identifikaciju partnera za zajedni\u010dke dru\u0161tvene projekte;<\/span><\/p>\n<\/div>\n<\/div>\n<\/div>\n<\/div>\n<\/div>\n<div id=\"\" class=\"brz-css-y8Vtf brz-css-uQM9K brz-wrapper\">\n<div class=\"brz-icon-text brz-css-zyWxj brz-css-v4ifA\" data-brz-custom-id=\"e0900LEs724l\">\n<div class=\"brz-icon__container\" data-brz-custom-id=\"djGwLxScB9i1\"><span class=\"brz-icon brz-span brz-css-cxuWC brz-css-oDVFo\"><svg class=\"brz-icon-svg align-[initial]\"><use href=\"\/wp-content\/plugins\/brizy\/public\/editor-build\/prod\/editor\/icons\/glyph\/check-2.svg#nc_icon\"><\/use><\/svg><\/span><\/div>\n<div class=\"brz-text-btn\">\n<div class=\"brz-rich-text brz-rich-text__custom brz-css-h0CDT\" data-brz-custom-id=\"mccimkOhvdmI\">\n<div data-brz-translate-text=\"1\">\n<p class=\"brz-tp-sm-paragraph brz-tp-xs-paragraph brz-tp-lg-paragraph brz-css-p_uUo\" data-generated-css=\"brz-css-d17QC\" data-uniq-id=\"ccdRu\"><span class=\"brz-cp-color7\">Planiranje komunikacije o dru\u0161tvenim inicijativama;<\/span><\/p>\n<\/div>\n<\/div>\n<\/div>\n<\/div>\n<\/div>\n<div id=\"\" class=\"brz-css-y8Vtf brz-css-c_o7H brz-wrapper\">\n<div class=\"brz-icon-text brz-css-zyWxj brz-css-hq29O\" data-brz-custom-id=\"mgClr77gFfXq\">\n<div class=\"brz-icon__container\" data-brz-custom-id=\"b4mTFdhoEemv\"><span class=\"brz-icon brz-span brz-css-cxuWC brz-css-woahT\"><svg class=\"brz-icon-svg align-[initial]\"><use href=\"\/wp-content\/plugins\/brizy\/public\/editor-build\/prod\/editor\/icons\/glyph\/check-2.svg#nc_icon\"><\/use><\/svg><\/span><\/div>\n<div class=\"brz-text-btn\">\n<div class=\"brz-rich-text brz-rich-text__custom brz-css-h0CDT\" data-brz-custom-id=\"mtbpNVkHbFGa\">\n<div data-brz-translate-text=\"1\">\n<p class=\"brz-tp-sm-paragraph brz-tp-xs-paragraph brz-tp-lg-paragraph brz-css-pJuPL\" data-generated-css=\"brz-css-lx2pT\" data-uniq-id=\"taVL_\"><span class=\"brz-cp-color7\">Gradnju pozitivnog imid\u017ea kompanije kroz dru\u0161tvenu odgovornost;<\/span><\/p>\n<\/div>\n<\/div>\n<\/div>\n<\/div>\n<\/div>\n<div id=\"\" class=\"brz-css-y8Vtf brz-css-oDN_Y brz-wrapper\">\n<div class=\"brz-icon-text brz-css-zyWxj brz-css-qGp0M\" data-brz-custom-id=\"oHIJRc1vawBK\">\n<div class=\"brz-icon__container\" data-brz-custom-id=\"ecLdeOFCvyeI\"><span class=\"brz-icon brz-span brz-css-cxuWC brz-css-e_Wxt\"><svg class=\"brz-icon-svg align-[initial]\"><use href=\"\/wp-content\/plugins\/brizy\/public\/editor-build\/prod\/editor\/icons\/glyph\/check-2.svg#nc_icon\"><\/use><\/svg><\/span><\/div>\n<div class=\"brz-text-btn\">\n<div class=\"brz-rich-text brz-rich-text__custom brz-css-h0CDT\" data-brz-custom-id=\"jBd7NNt0GKtT\">\n<div data-brz-translate-text=\"1\">\n<p class=\"brz-tp-sm-paragraph brz-tp-xs-paragraph brz-tp-lg-paragraph brz-css-oNlOV\" data-generated-css=\"brz-css-os8oO\" data-uniq-id=\"fmiF5\"><span class=\"brz-cp-color7\">Pra\u0107enje i procjena rezultata dru\u0161tveno odgovornih inicijativa.<\/span><\/p>\n<\/div>\n<\/div>\n<\/div>\n<\/div>\n<\/div>\n<\/div>\n<\/div>\n<\/div>\n<\/div>\n<div id=\"\" class=\"brz-css-y8Vtf brz-css-vEM5A brz-wrapper\">\n<div class=\"brz-spacer brz-css-qfiAO brz-css-aDECU\"><\/div>\n<\/div>\n<div id=\"\" class=\"brz-css-y8Vtf brz-css-vEM5A brz-wrapper\">\n<div class=\"brz-spacer brz-css-qfiAO brz-css-ekNjD\"><\/div>\n<\/div>\n<\/div>\n<\/div>\n<div class=\"brz-columns brz-css-bugsN brz-css-yitaK\" data-brz-custom-id=\"rbCo_7kw3m5C\">\n<div class=\"brz-bg\"><\/div>\n<div class=\"brz-column__items brz-css-hYe0S brz-css-qUEDL\">\n<div class=\"brz-row__container brz-css-lH4dH\" data-brz-custom-id=\"u_MRuCSOxq8I\">\n<div class=\"brz-bg\"><\/div>\n<div class=\"brz-row brz-row--inner brz-css-cXaSS brz-css-wPvsz\">\n<div class=\"brz-columns brz-css-bugsN brz-css-boAeC\" data-brz-custom-id=\"kV0Lk6ibD_gg\">\n<div class=\"brz-bg\">\n<div class=\"brz-bg-color\"><\/div>\n<\/div>\n<div class=\"brz-column__items brz-css-hYe0S brz-css-kbCqD\">\n<div id=\"\" class=\"brz-css-y8Vtf brz-css-jpyNc brz-wrapper\">\n<div class=\"brz-rich-text brz-rich-text__custom brz-css-h0CDT\" data-brz-custom-id=\"v5drsop3tPB5\">\n<div data-brz-translate-text=\"1\">\n<p class=\"brz-tp-xs-heading4 brz-tp-sm-heading4 brz-text-lg-left brz-tp-lg-abovetitle brz-css-fmg6J\" data-generated-css=\"brz-css-z14s1\" data-uniq-id=\"n3_wK\"><span style=\"color: rgba(var(--brz-global-color3),1);\" class=\"brz-cp-color3\">USLUGE<\/span><\/p>\n<\/div>\n<\/div>\n<\/div>\n<div id=\"\" class=\"brz-css-y8Vtf brz-css-vEM5A brz-wrapper\">\n<div class=\"brz-spacer brz-css-qfiAO brz-css-nZv4S\"><\/div>\n<\/div>\n<div id=\"\" class=\"brz-css-y8Vtf brz-wrapper\">\n<div class=\"brz-rich-text brz-rich-text__custom brz-css-h0CDT\" data-brz-custom-id=\"n6R1Oo8zF92w\">\n<div data-brz-translate-text=\"1\">\n<p class=\"brz-tp-lg-paragraph brz-css-zVCoT\" data-generated-css=\"brz-css-euXTd\" data-uniq-id=\"ySkLI\"><a class=\"link--page brz-cp-color1\" href=\"{{placeholder content='e3ticml6eV9kY19wZXJtYWxpbmsgcG9zdF9pZD0iMzk3In19'}}\" data-brz-link-type=\"page\">IZGRADNJA BRENDA<\/a><\/p>\n<p class=\"brz-tp-lg-paragraph brz-css-mgWt_\" data-generated-css=\"brz-css-eBoE9\" data-uniq-id=\"bOfFY\"><a class=\"link--page brz-cp-color1\" href=\"{{placeholder content='e3ticml6eV9kY19wZXJtYWxpbmsgcG9zdF9pZD0iNDIwIn19'}}\" data-brz-link-type=\"page\">DRU\u0160TVENO ODGOVORNO POSLOVANJE <\/a><\/p>\n<p class=\"brz-tp-lg-paragraph brz-css-qZBAL\" data-generated-css=\"brz-css-rfksC\" data-uniq-id=\"abt5k\"><a class=\"link--page brz-cp-color1\" href=\"{{placeholder content='e3ticml6eV9kY19wZXJtYWxpbmsgcG9zdF9pZD0iNDI5In19'}}\" data-brz-link-type=\"page\">ODNOSI SA MEDIJIMA <\/a><\/p>\n<p class=\"brz-tp-lg-paragraph brz-css-kISEF\" data-generated-css=\"brz-css-jTWL8\" data-uniq-id=\"qhnY0\"><a class=\"link--page brz-cp-color1\" href=\"{{placeholder content='e3ticml6eV9kY19wZXJtYWxpbmsgcG9zdF9pZD0iNDMzIn19'}}\" data-brz-link-type=\"page\">KRIZNI PR <\/a><\/p>\n<p class=\"brz-tp-lg-paragraph brz-css-fhKAT\" data-generated-css=\"brz-css-iMahL\" data-uniq-id=\"i9iEj\"><a class=\"link--page brz-cp-color1\" href=\"{{placeholder content='e3ticml6eV9kY19wZXJtYWxpbmsgcG9zdF9pZD0iNDM5In19'}}\" data-brz-link-type=\"page\">LOBIRANJE I ZAGOVARANJE <\/a><\/p>\n<p class=\"brz-tp-lg-paragraph brz-css-e9EDO\" data-generated-css=\"brz-css-nXLqL\" data-uniq-id=\"ufa24\"><a class=\"link--page brz-cp-color1\" href=\"{{placeholder content='e3ticml6eV9kY19wZXJtYWxpbmsgcG9zdF9pZD0iNDQ1In19'}}\" data-brz-link-type=\"page\">EDUKACIJA<\/a><span class=\"brz-cp-color1\"> <\/span><\/p>\n<p class=\"brz-tp-lg-paragraph brz-css-y0419\" data-generated-css=\"brz-css-srJlM\" data-uniq-id=\"opPzz\"><a class=\"link--page brz-cp-color1\" href=\"{{placeholder content='e3ticml6eV9kY19wZXJtYWxpbmsgcG9zdF9pZD0iNDUwIn19'}}\" data-brz-link-type=\"page\">ORGANIZACIJA DOGA\u0110AJA <\/a><\/p>\n<p class=\"brz-tp-lg-paragraph brz-css-ysD_8\" data-generated-css=\"brz-css-k1Z4g\" data-uniq-id=\"iCUwf\"><a class=\"link--page brz-cp-color1\" href=\"{{placeholder content='e3ticml6eV9kY19wZXJtYWxpbmsgcG9zdF9pZD0iNDU0In19'}}\" data-brz-link-type=\"page\">POKRIVANJE DOGA\u0110AJA<\/a><\/p>\n<p class=\"brz-tp-lg-paragraph brz-css-r38LY\" data-generated-css=\"brz-css-xX44b\" data-uniq-id=\"h_iFU\"><a class=\"link--page brz-cp-color1\" href=\"{{placeholder content='e3ticml6eV9kY19wZXJtYWxpbmsgcG9zdF9pZD0iNDU4In19'}}\" data-brz-link-type=\"page\">UPRAVLJANJE DRU\u0160TVENIM MRE\u017dAMA <\/a><\/p>\n<p class=\"brz-tp-lg-paragraph brz-mb-xs-20 brz-css-poWsD\" data-generated-css=\"brz-css-us4_T\" data-uniq-id=\"yeVdP\"><a class=\"link--page brz-cp-color1\" href=\"{{placeholder content='e3ticml6eV9kY19wZXJtYWxpbmsgcG9zdF9pZD0iNDYzIn19'}}\" data-brz-link-type=\"page\">MIX &amp; MATCH <\/a><\/p>\n<\/div>\n<\/div>\n<\/div>\n<\/div>\n<\/div>\n<\/div>\n<\/div>\n<div class=\"brz-row__container brz-css-lH4dH\" data-brz-custom-id=\"e7sTu8o29GTh\">\n<div class=\"brz-bg\"><\/div>\n<div class=\"brz-row brz-row--inner brz-css-cXaSS brz-css-wPvsz\">\n<div class=\"brz-columns brz-css-bugsN brz-css-paiuI\" data-brz-custom-id=\"lqYIBzc3PdQE\">\n<div class=\"brz-bg\">\n<div class=\"brz-bg-color\"><\/div>\n<\/div>\n<div class=\"brz-column__items brz-css-hYe0S brz-css-wfoop\">\n<div id=\"\" class=\"brz-css-y8Vtf brz-css-fOhVc brz-wrapper\">\n<div class=\"brz-rich-text brz-rich-text__custom brz-css-h0CDT\" data-brz-custom-id=\"gb06eMVLTCUa\">\n<div data-brz-translate-text=\"1\">\n<p class=\"brz-tp-lg-abovetitle brz-text-lg-left brz-tp-sm-heading4 brz-tp-xs-heading4 brz-css-qUIFt\" data-uniq-id=\"nNqfS\" data-generated-css=\"brz-css-yEuIL\"><a class=\"link--page brz-cp-color3\" style=\"color: rgba(var(--brz-global-color3),1);\" href=\"{{placeholder content='e3ticml6eV9kY19wZXJtYWxpbmsgcG9zdF9pZD0iMjQwIn19'}}\" data-brz-link-type=\"page\">UVI\u0110ATE DA JE DOP PUT KA DUGORO\u010cNOM USPJEHU?<\/a><\/p>\n<\/div>\n<\/div>\n<\/div>\n<div id=\"\" class=\"brz-css-y8Vtf brz-wrapper\">\n<div class=\"brz-rich-text brz-rich-text__custom brz-css-h0CDT\" data-brz-custom-id=\"kQatTa6QlU7u\">\n<div data-brz-translate-text=\"1\">\n<p class=\"brz-tp-lg-paragraph brz-css-gfzU1\" data-uniq-id=\"oh0Pz\" data-generated-css=\"brz-css-thZsG\"><span class=\"brz-cp-color7\">Investirajte u dru\u0161tveno odgovorne akcije koje ne samo da ja\u010daju va\u0161u reputaciju, osiguravaju rast u poslovanju, ve\u0107 i doprinose boljem svijetu za budu\u0107e generacije.<\/span><\/p>\n<\/div>\n<\/div>\n<\/div>\n<div class=\"brz-wrapper-clone brz-css-r9IBY\">\n<div class=\"brz-d-xs-flex brz-flex-xs-wrap brz-css-x09y0\" data-brz-custom-id=\"\">\n<div class=\"brz-wrapper-clone__item\" id=\"wU5M6QNuKUnN\"><a class=\"brz-a brz-btn brz-css-twHWu brz-css-fwXWk brz-css-cxvc4\" href=\"{{placeholder content='e3ticml6eV9kY19wZXJtYWxpbmsgcG9zdF9pZD0iMjQwIn19'}}\" target=\"_self\" rel=\"noopener\" data-brz-link-type=\"page\" data-brz-custom-id=\"wU5M6QNuKUnN\"><span data-brz-translate-text=\"1\" class=\"brz-span brz-text__editor\" contenteditable=\"false\">KONTAKTIRAJ NAS<\/span><\/a><\/div>\n<\/div>\n<\/div>\n<div id=\"\" class=\"brz-css-y8Vtf brz-css-vEM5A brz-wrapper\">\n<div class=\"brz-spacer brz-css-qfiAO brz-css-s0SM6\"><\/div>\n<\/div>\n<\/div>\n<\/div>\n<\/div>\n<\/div>\n<\/div>\n<\/div>\n<\/div>\n<\/div>\n<\/div>\n<\/div>\n<\/section>\n<p>{{ brizy_dc_global_blocks position=&#8217;bottom&#8217; }}<\/p><\/div>\n<p>    <!-- version:1727908381 --><\/p>\n","protected":false},"excerpt":{"rendered":"<p>{{ brizy_dc_global_blocks position=&#8217;top&#8217; }} DRU\u0160TVENO ODGOVORNO POSLOVANJE HOME Detalji usluge DRU\u0160TVENO ODGOVORNO POSLOVANJE \u017delite da poka\u017eete da va\u0161oj kompaniji profit i zarada nisu na prvom mjestu i da zaista cijenite svoje zaposlene i zajednicu u kojoj poslujete \u2013 DOP je odli\u010dan na\u010din. Dobro skrojene aktivnosti pozitivno \u0107e uticati na va\u0161u reputaciju i pove\u0107ati&nbsp;povjerenje me\u0111u va\u0161im [&hellip;]<\/p>\n","protected":false},"author":1,"featured_media":0,"parent":0,"menu_order":0,"comment_status":"closed","ping_status":"closed","template":"brizy-blank-template.php","meta":{"footnotes":""},"class_list":["post-420","page","type-page","status-publish","hentry"],"_links":{"self":[{"href":"https:\/\/prconsultancy.me\/index.php\/wp-json\/wp\/v2\/pages\/420","targetHints":{"allow":["GET"]}}],"collection":[{"href":"https:\/\/prconsultancy.me\/index.php\/wp-json\/wp\/v2\/pages"}],"about":[{"href":"https:\/\/prconsultancy.me\/index.php\/wp-json\/wp\/v2\/types\/page"}],"author":[{"embeddable":true,"href":"https:\/\/prconsultancy.me\/index.php\/wp-json\/wp\/v2\/users\/1"}],"replies":[{"embeddable":true,"href":"https:\/\/prconsultancy.me\/index.php\/wp-json\/wp\/v2\/comments?post=420"}],"version-history":[{"count":10,"href":"https:\/\/prconsultancy.me\/index.php\/wp-json\/wp\/v2\/pages\/420\/revisions"}],"predecessor-version":[{"id":786,"href":"https:\/\/prconsultancy.me\/index.php\/wp-json\/wp\/v2\/pages\/420\/revisions\/786"}],"wp:attachment":[{"href":"https:\/\/prconsultancy.me\/index.php\/wp-json\/wp\/v2\/media?parent=420"}],"curies":[{"name":"wp","href":"https:\/\/api.w.org\/{rel}","templated":true}]}}